{"id":654,"date":"2023-06-02T10:54:14","date_gmt":"2023-06-02T08:54:14","guid":{"rendered":"https:\/\/www.fournierpolymers.com\/f2m\/?page_id=654"},"modified":"2023-06-02T10:54:17","modified_gmt":"2023-06-02T08:54:17","slug":"news-2","status":"publish","type":"page","link":"https:\/\/www.fournierpolymers.com\/f2m\/en\/news-2\/","title":{"rendered":"News"},"content":{"rendered":"<p>[et_pb_section fb_built=&#8221;1&#8243; theme_builder_area=&#8221;post_content&#8221; _builder_version=&#8221;4.19.2&#8243; _module_preset=&#8221;default&#8221;][et_pb_row _builder_version=&#8221;4.19.2&#8243; _module_preset=&#8221;default&#8221; theme_builder_area=&#8221;post_content&#8221;][et_pb_column _builder_version=&#8221;4.19.2&#8243; _module_preset=&#8221;default&#8221; type=&#8221;4_4&#8243; theme_builder_area=&#8221;post_content&#8221;][et_pb_text _builder_version=&#8221;4.19.2&#8243; _module_preset=&#8221;default&#8221; theme_builder_area=&#8221;post_content&#8221; module_class=&#8221;centeredtitle&#8221; hover_enabled=&#8221;0&#8243; sticky_enabled=&#8221;0&#8243;]<\/p>\n<h1>Our News<\/h1>\n<p>[\/et_pb_text][et_pb_text _builder_version=&#8221;4.19.2&#8243; _module_preset=&#8221;default&#8221; theme_builder_area=&#8221;post_content&#8221; hover_enabled=&#8221;0&#8243; sticky_enabled=&#8221;0&#8243;]<\/p>\n<p>This category lists interesting articles and content about Fournier Polymers&#8217; activities and events.<\/p>\n<p>[\/et_pb_text][et_pb_code _builder_version=&#8221;4.19.2&#8243; _module_preset=&#8221;default&#8221; theme_builder_area=&#8221;post_content&#8221; hover_enabled=&#8221;0&#8243; sticky_enabled=&#8221;0&#8243;]<section id=\"articles\">\n        <article>\n            <div class='meta'>\n                <picture>\n                    <img src='https:\/\/www.fournierpolymers.com\/f2m\/wp-content\/uploads\/sites\/3\/2023\/05\/MAQUETTE-MODIFIER-LE-23-1-1.jpg' alt='F2M at Plast\u2019Expo from June 7 to 10, 2023'>\n                <\/picture>\n            <\/div>\n            <div class='content'>\n                <h3>F2M at Plast\u2019Expo from June 7 to 10, 2023<\/h3>\n                <p><p>The F2M Morocco team will be present for the 9th edition of the Plast'Expo Fair from June 7 to 10, 2023. International exhibition of plastics, rubber, composites and petrochemicals, organized by the Moroccan Federation of Plastics. Meet at the Mohammed VI Exhibition Center \u2013 EL JADIDA - MOROCCO (D4A Stand).<\/p>\n<\/h3>\n                <div class='action'>\n                    <a href='https:\/\/www.fournierpolymers.com\/f2m\/en\/2023\/05\/25\/f2m-at-plastexpo-from-june-7-to-10-2023\/'>Read more<\/a>\n                <\/div>\n            <\/div>\n        <\/article>\n        <article>\n            <div class='meta'>\n                <picture>\n                    <img src='https:\/\/www.fournierpolymers.com\/f2m\/wp-content\/uploads\/sites\/3\/2023\/05\/MAQUETTE-MODIFIER-LE-23-1.jpg' alt='F2M au Salon Plast\u2019Expo du 7 au 10 Juin 2023'>\n                <\/picture>\n            <\/div>\n            <div class='content'>\n                <h3>F2M au Salon Plast\u2019Expo du 7 au 10 Juin 2023<\/h3>\n                <p>L\u2019\u00e9quipe F2M Maroc, sera pr\u00e9sente pour la 9\u00e8me \u00e9dition du Salon Plast\u2019Expo du 7 au 10 Juin 2023.\r\nSalon international du plastique, caoutchouc, composites et p\u00e9trochimie, organis\u00e9 par la F\u00e9d\u00e9ration Marocaine de Plasturgie...<\/h3>\n                <div class='action'>\n                    <a href='https:\/\/www.fournierpolymers.com\/f2m\/2023\/05\/25\/f2m-au-salon-plastexpo-du-7-au-10-juin-2023\/'>Read more<\/a>\n                <\/div>\n            <\/div>\n        <\/article><\/section>[\/et_pb_code][\/et_pb_column][\/et_pb_row][\/et_pb_section]<\/p>\n","protected":false},"excerpt":{"rendered":"","protected":false},"author":2,"featured_media":0,"parent":0,"menu_order":0,"comment_status":"closed","ping_status":"closed","template":"","meta":{"_et_pb_use_builder":"on","_et_pb_old_content":"","_et_gb_content_width":"","inline_featured_image":false,"footnotes":""},"class_list":["post-654","page","type-page","status-publish","hentry"],"yoast_head":"<!-- This site is optimized with the Yoast SEO plugin v27.2 - https:\/\/yoast.com\/product\/yoast-seo-wordpress\/ -->\n<title>News - Fournier Polymers - F2M<\/title>\n<meta name=\"robots\" content=\"index, follow, max-snippet:-1, max-image-preview:large, max-video-preview:-1\" \/>\n<link rel=\"canonical\" href=\"https:\/\/www.fournierpolymers.com\/f2m\/en\/news-2\/\" \/>\n<meta property=\"og:locale\" content=\"en_GB\" \/>\n<meta property=\"og:type\" content=\"article\" \/>\n<meta property=\"og:title\" content=\"News - Fournier Polymers - F2M\" \/>\n<meta property=\"og:url\" content=\"https:\/\/www.fournierpolymers.com\/f2m\/en\/news-2\/\" \/>\n<meta property=\"og:site_name\" content=\"Fournier Polymers - F2M\" \/>\n<meta property=\"article:modified_time\" content=\"2023-06-02T08:54:17+00:00\" \/>\n<meta name=\"twitter:card\" content=\"summary_large_image\" \/>\n<meta name=\"twitter:label1\" content=\"Estimated reading time\" \/>\n\t<meta name=\"twitter:data1\" content=\"1 minute\" \/>\n<script type=\"application\/ld+json\" class=\"yoast-schema-graph\">{\"@context\":\"https:\/\/schema.org\",\"@graph\":[{\"@type\":\"WebPage\",\"@id\":\"https:\/\/www.fournierpolymers.com\/f2m\/en\/news-2\/\",\"url\":\"https:\/\/www.fournierpolymers.com\/f2m\/en\/news-2\/\",\"name\":\"News - Fournier Polymers - F2M\",\"isPartOf\":{\"@id\":\"https:\/\/www.fournierpolymers.com\/f2m\/#website\"},\"datePublished\":\"2023-06-02T08:54:14+00:00\",\"dateModified\":\"2023-06-02T08:54:17+00:00\",\"breadcrumb\":{\"@id\":\"https:\/\/www.fournierpolymers.com\/f2m\/en\/news-2\/#breadcrumb\"},\"inLanguage\":\"en-GB\",\"potentialAction\":[{\"@type\":\"ReadAction\",\"target\":[\"https:\/\/www.fournierpolymers.com\/f2m\/en\/news-2\/\"]}]},{\"@type\":\"BreadcrumbList\",\"@id\":\"https:\/\/www.fournierpolymers.com\/f2m\/en\/news-2\/#breadcrumb\",\"itemListElement\":[{\"@type\":\"ListItem\",\"position\":1,\"name\":\"Home\",\"item\":\"https:\/\/www.fournierpolymers.com\/f2m\/en\/home\/\"},{\"@type\":\"ListItem\",\"position\":2,\"name\":\"News\"}]},{\"@type\":\"WebSite\",\"@id\":\"https:\/\/www.fournierpolymers.com\/f2m\/#website\",\"url\":\"https:\/\/www.fournierpolymers.com\/f2m\/\",\"name\":\"Fournier Polymers - F2M\",\"description\":\"\",\"potentialAction\":[{\"@type\":\"SearchAction\",\"target\":{\"@type\":\"EntryPoint\",\"urlTemplate\":\"https:\/\/www.fournierpolymers.com\/f2m\/?s={search_term_string}\"},\"query-input\":{\"@type\":\"PropertyValueSpecification\",\"valueRequired\":true,\"valueName\":\"search_term_string\"}}],\"inLanguage\":\"en-GB\"}]}<\/script>\n<!-- \/ Yoast SEO plugin. -->","yoast_head_json":{"title":"News - Fournier Polymers - F2M","robots":{"index":"index","follow":"follow","max-snippet":"max-snippet:-1","max-image-preview":"max-image-preview:large","max-video-preview":"max-video-preview:-1"},"canonical":"https:\/\/www.fournierpolymers.com\/f2m\/en\/news-2\/","og_locale":"en_GB","og_type":"article","og_title":"News - Fournier Polymers - F2M","og_url":"https:\/\/www.fournierpolymers.com\/f2m\/en\/news-2\/","og_site_name":"Fournier Polymers - F2M","article_modified_time":"2023-06-02T08:54:17+00:00","twitter_card":"summary_large_image","twitter_misc":{"Estimated reading time":"1 minute"},"schema":{"@context":"https:\/\/schema.org","@graph":[{"@type":"WebPage","@id":"https:\/\/www.fournierpolymers.com\/f2m\/en\/news-2\/","url":"https:\/\/www.fournierpolymers.com\/f2m\/en\/news-2\/","name":"News - Fournier Polymers - F2M","isPartOf":{"@id":"https:\/\/www.fournierpolymers.com\/f2m\/#website"},"datePublished":"2023-06-02T08:54:14+00:00","dateModified":"2023-06-02T08:54:17+00:00","breadcrumb":{"@id":"https:\/\/www.fournierpolymers.com\/f2m\/en\/news-2\/#breadcrumb"},"inLanguage":"en-GB","potentialAction":[{"@type":"ReadAction","target":["https:\/\/www.fournierpolymers.com\/f2m\/en\/news-2\/"]}]},{"@type":"BreadcrumbList","@id":"https:\/\/www.fournierpolymers.com\/f2m\/en\/news-2\/#breadcrumb","itemListElement":[{"@type":"ListItem","position":1,"name":"Home","item":"https:\/\/www.fournierpolymers.com\/f2m\/en\/home\/"},{"@type":"ListItem","position":2,"name":"News"}]},{"@type":"WebSite","@id":"https:\/\/www.fournierpolymers.com\/f2m\/#website","url":"https:\/\/www.fournierpolymers.com\/f2m\/","name":"Fournier Polymers - F2M","description":"","potentialAction":[{"@type":"SearchAction","target":{"@type":"EntryPoint","urlTemplate":"https:\/\/www.fournierpolymers.com\/f2m\/?s={search_term_string}"},"query-input":{"@type":"PropertyValueSpecification","valueRequired":true,"valueName":"search_term_string"}}],"inLanguage":"en-GB"}]}},"_links":{"self":[{"href":"https:\/\/www.fournierpolymers.com\/f2m\/wp-json\/wp\/v2\/pages\/654","targetHints":{"allow":["GET"]}}],"collection":[{"href":"https:\/\/www.fournierpolymers.com\/f2m\/wp-json\/wp\/v2\/pages"}],"about":[{"href":"https:\/\/www.fournierpolymers.com\/f2m\/wp-json\/wp\/v2\/types\/page"}],"author":[{"embeddable":true,"href":"https:\/\/www.fournierpolymers.com\/f2m\/wp-json\/wp\/v2\/users\/2"}],"replies":[{"embeddable":true,"href":"https:\/\/www.fournierpolymers.com\/f2m\/wp-json\/wp\/v2\/comments?post=654"}],"version-history":[{"count":3,"href":"https:\/\/www.fournierpolymers.com\/f2m\/wp-json\/wp\/v2\/pages\/654\/revisions"}],"predecessor-version":[{"id":658,"href":"https:\/\/www.fournierpolymers.com\/f2m\/wp-json\/wp\/v2\/pages\/654\/revisions\/658"}],"wp:attachment":[{"href":"https:\/\/www.fournierpolymers.com\/f2m\/wp-json\/wp\/v2\/media?parent=654"}],"curies":[{"name":"wp","href":"https:\/\/api.w.org\/{rel}","templated":true}]}}