{"id":535,"date":"2023-01-18T16:33:43","date_gmt":"2023-01-18T15:33:43","guid":{"rendered":"https:\/\/www.fournierpolymers.com\/f2m\/?page_id=535"},"modified":"2023-01-20T12:29:14","modified_gmt":"2023-01-20T11:29:14","slug":"mentions-legales","status":"publish","type":"page","link":"https:\/\/www.fournierpolymers.com\/f2m\/mentions-legales\/","title":{"rendered":"Mentions L\u00e9gales"},"content":{"rendered":"<p>[et_pb_section fb_built=&#8221;1&#8243; _builder_version=&#8221;4.19.2&#8243; _module_preset=&#8221;default&#8221; global_colors_info=&#8221;{}&#8221;][et_pb_row _builder_version=&#8221;4.19.2&#8243; _module_preset=&#8221;default&#8221; global_colors_info=&#8221;{}&#8221;][et_pb_column type=&#8221;4_4&#8243; _builder_version=&#8221;4.19.2&#8243; _module_preset=&#8221;default&#8221; global_colors_info=&#8221;{}&#8221;][et_pb_text _builder_version=&#8221;4.19.2&#8243; _module_preset=&#8221;154eb95a-e003-46e5-b213-24ad360a5594&#8243; global_colors_info=&#8221;{}&#8221;]<\/p>\n<h1>Mentions L\u00e9gales<\/h1>\n<p>[\/et_pb_text][et_pb_text _builder_version=&#8221;4.19.2&#8243; _module_preset=&#8221;default&#8221; header_2_text_color=&#8221;#E02B20&#8243; hover_enabled=&#8221;0&#8243; global_colors_info=&#8221;{}&#8221; sticky_enabled=&#8221;0&#8243;]<\/p>\n<div id=\"main-wrap\">\n<div id=\"content\" class=\"wrapper\">\n<article id=\"post-1557\" class=\"post-1557 page type-page status-publish hentry\">\n<div class=\"entry-content clearfix\">\n<h2 class=\"has-text-align-left legal-title\">Donn\u00e9es d\u2019identification<\/h2>\n<p class=\"has-text-align-left\">Pour respecter ce qui est \u00e9tabli dans la l\u00e9gislation applicable en mati\u00e8re de services de soci\u00e9t\u00e9 de l\u2019information et du commerce \u00e9lectronique, nous indiquons ici les donn\u00e9es d\u2019informations g\u00e9n\u00e9rales de ce site web:<\/p>\n<p><strong>FOURNIER POLYMERS FRANCE<\/strong><\/p>\n<ul>\n<li>SAS au capital de 5 265 000 \u20ac \u2013 RCS Lyon B 847 921 368<\/li>\n<li>Si\u00e8ge social : 65, rue du Dauphin\u00e9 \u2013 69800 Saint-Priest<\/li>\n<li>T\u00e9l:\u00a0<a href=\"tel:0472782080\">04 72 78 20 80<\/a><\/li>\n<li>Fax: 04 72 78 20 81<\/li>\n<li>Email:\u00a0<a href=\"mailto:info@fournierpolymers.com\">info@fournierpolymers.com<\/a><\/li>\n<\/ul>\n<p>Directeur de la Publication : Bertrand Honegger<\/p>\n<p><strong>HEBERGEMENT<\/strong><br \/>\nGroup DIS<br \/>\n28 Rue des Arts<br \/>\n59000 LILLE<br \/>\nTel : 03 20 09 11 68<br \/>\nSite :\u00a0<a href=\"https:\/\/www.group-dis.com\/\" target=\"_blank\" rel=\"noreferrer noopener\">www.group-dis.com<\/a><\/p>\n<p><strong>CONCEPTION DU SITE<\/strong><br \/>\nAlta\u00efsWEB<br \/>\nSAS au capital de 100 000 euros<br \/>\nGENABUM PARK \u2013 B\u00e2timent B \u2013 27 Bis rue du petit pont<br \/>\n45000 ORLEANS<br \/>\nTel : 02 38 72 50 50<br \/>\nSite :\u00a0<a href=\"https:\/\/www.altaisweb.fr\/\" target=\"_blank\" rel=\"noreferrer noopener\">www.altaisweb.fr<\/a><br \/>\nEmail\u00a0:\u00a0<a href=\"mailto:commercial@altais.fr\" target=\"_blank\" rel=\"noreferrer noopener\">commercial@altais.fr<\/a><\/p>\n<h2 class=\"has-text-align-left legal-title\">Protection des donn\u00e9es<\/h2>\n<p class=\"has-text-align-left\">Fournier Group est consciente de l\u2019importance de la confidentialit\u00e9 des donn\u00e9es \u00e0 caract\u00e8re personnel et c\u2019est pour cela qu\u2019elle a mis en place une politique de traitement des donn\u00e9es tendant \u00e0 fournir la s\u00e9curit\u00e9 maximale dans la collecte et l\u2019utilisation de celles-ci, en garantissant le respect de la l\u00e9gislation en vigueur en la mati\u00e8re et en configurant cette politique comme un des piliers de base dans les lignes d\u2019action de l\u2019entit\u00e9.<\/p>\n<p class=\"has-text-align-left\">Pendant la navigation sur notre site il est possible que l\u2019on vous demande des donn\u00e9es \u00e0 caract\u00e8re personnel \u00e0 travers diff\u00e9rents formulaires pr\u00e9vus \u00e0 cet effet.<\/p>\n<p class=\"has-text-align-left\">Ces donn\u00e9es seront trait\u00e9es suivant les crit\u00e8res \u00e9tablis dans notre\u00a0<a href=\"https:\/\/fournierpolymers.com\/fr\/politique-de-confidentialite\/\" target=\"_blank\" rel=\"noreferrer noopener\">Politique de Confidentialit\u00e9<\/a>.<\/p>\n<h2 class=\"has-text-align-left legal-title\">Loi de service sur la soci\u00e9t\u00e9 de l\u2019information et du commerce \u00e9lectronique (LSSICE)<\/h2>\n<p class=\"has-text-align-left\">Conform\u00e9ment \u00e0 ce qu\u2019\u00e9tablit la Loi 34\/2002, du 11 de juillet, des Services de la Soci\u00e9t\u00e9 de l\u2019Information et du Commerce \u00c9lectronique (LSSICE), en cochant la case de v\u00e9rification correspondante sur les formulaires de contact \u201cJ\u2019autorise les communications \u00e9lectroniques\u00a0\u00bb vous nous autorisez \u00e0 vous envoyer des communications d\u2019information, publicitaires ou promotionnelles par moyens \u00e9lectroniques.<\/p>\n<p class=\"has-text-align-left\">Cependant, vous pouvez \u00e0 tout moment exercer vos droits de r\u00e9vocation du consentement par n\u2019importe lequel des moyens d\u00e9crits.<\/p>\n<h2 class=\"has-text-align-left legal-title\">Limitation de responsabilit\u00e9s<\/h2>\n<p class=\"has-text-align-left\">Fournier fournit le site web corporatif comme moyen de faire conna\u00eetre ses services et ses produits et permettre le contact avec les clients. L\u2019information de la page web est pr\u00e9sent\u00e9e dans un but purement d\u2019orientation et de divulgation et ne doit \u00e0 aucun moment \u00eatre consid\u00e9r\u00e9e comme contraignante. Pour l\u2019obtention des services ou l\u2019achat de produits de CHEMIEURO, on sera soumis aux dispositions des devis et contrats d\u00fbment formalis\u00e9s.<\/p>\n<p class=\"has-text-align-left\">L\u2019entit\u00e9 n\u2019assumera pas de responsabilit\u00e9s sur les \u00e9ventuels dommages informatiques que pourrait subir l\u2019utilisateur pendant qu\u2019il visite notre site, en consid\u00e9rant que ceux-ci ne peuvent pas \u00eatre imputables \u00e0 l\u2019entit\u00e9.<\/p>\n<p class=\"has-text-align-left\">L\u2019entit\u00e9 n\u2019assumera pas de responsabilit\u00e9s sur les \u00e9ventuels dommages informatiques que pourrait subir l\u2019utilisateur pendant qu\u2019il visite notre site, en consid\u00e9rant que ceux-ci ne peuvent pas \u00eatre imputables \u00e0 l\u2019entit\u00e9.<\/p>\n<h2 class=\"legal-title\">Propri\u00e9t\u00e9 intellectuelle<\/h2>\n<p class=\"has-text-align-left\">Tous les contenus de ce site web, comprenant les textes, dessins, graphiques, photographies, images, vid\u00e9os, musique, code, son propre design et toute autre cr\u00e9ation sont la propri\u00e9t\u00e9 de CHEMIEURO ou de leurs titulaires respectifs justifi\u00e9e par les licences, autorisations ou cessions des droits correspondants et sont prot\u00e9g\u00e9s selon la l\u00e9gislation sur la Propri\u00e9t\u00e9 Intellectuelle et Industrielle.<\/p>\n<p class=\"has-text-align-left\">On n\u2019admettra en aucun cas que la mise \u00e0 la disposition du public du site web constitue un renoncement, une cession ou une licence des droits que CHEMIEURO poss\u00e8de sur les contenus de celui-ci.<\/p>\n<p class=\"has-text-align-left\">Toute utilisation des contenus de notre site web, y compris la modification, la copie, la reproduction, la transmission, etc. est interdite sans l\u2019autorisation \u00e9crite pr\u00e9alable de l\u2019entit\u00e9.<\/p>\n<\/div>\n<\/article>\n<\/div>\n<\/div>\n<footer id=\"footer\" class=\"clearfix\" role=\"contentinfo\" aria-label=\"footer\">\n<div class=\"wrapper-full\"><\/div>\n<\/footer>\n<p>[\/et_pb_text][\/et_pb_column][\/et_pb_row][\/et_pb_section]<\/p>\n","protected":false},"excerpt":{"rendered":"<p>Mentions L\u00e9gales Donn\u00e9es d\u2019identification Pour respecter ce qui est \u00e9tabli dans la l\u00e9gislation applicable en mati\u00e8re de services de soci\u00e9t\u00e9 de l\u2019information et du commerce \u00e9lectronique, nous indiquons ici les donn\u00e9es d\u2019informations g\u00e9n\u00e9rales de ce site web: FOURNIER POLYMERS FRANCE SAS au capital de 5 265 000 \u20ac \u2013 RCS Lyon B 847 921 368 [&hellip;]<\/p>\n","protected":false},"author":1,"featured_media":0,"parent":0,"menu_order":0,"comment_status":"closed","ping_status":"closed","template":"","meta":{"_et_pb_use_builder":"on","_et_pb_old_content":"","_et_gb_content_width":"","inline_featured_image":false,"footnotes":""},"class_list":["post-535","page","type-page","status-publish","hentry"],"yoast_head":"<!-- This site is optimized with the Yoast SEO plugin v27.2 - https:\/\/yoast.com\/product\/yoast-seo-wordpress\/ -->\n<title>Mentions L\u00e9gales - Fournier Polymers - F2M<\/title>\n<meta name=\"robots\" content=\"index, follow, max-snippet:-1, max-image-preview:large, max-video-preview:-1\" \/>\n<link rel=\"canonical\" href=\"https:\/\/www.fournierpolymers.com\/f2m\/mentions-legales\/\" \/>\n<meta property=\"og:locale\" content=\"en_GB\" \/>\n<meta property=\"og:type\" content=\"article\" \/>\n<meta property=\"og:title\" content=\"Mentions L\u00e9gales - Fournier Polymers - F2M\" \/>\n<meta property=\"og:description\" content=\"Mentions L\u00e9gales Donn\u00e9es d\u2019identification Pour respecter ce qui est \u00e9tabli dans la l\u00e9gislation applicable en mati\u00e8re de services de soci\u00e9t\u00e9 de l\u2019information et du commerce \u00e9lectronique, nous indiquons ici les donn\u00e9es d\u2019informations g\u00e9n\u00e9rales de ce site web: FOURNIER POLYMERS FRANCE SAS au capital de 5 265 000 \u20ac \u2013 RCS Lyon B 847 921 368 [&hellip;]\" \/>\n<meta property=\"og:url\" content=\"https:\/\/www.fournierpolymers.com\/f2m\/mentions-legales\/\" \/>\n<meta property=\"og:site_name\" content=\"Fournier Polymers - F2M\" \/>\n<meta property=\"article:modified_time\" content=\"2023-01-20T11:29:14+00:00\" \/>\n<meta name=\"twitter:card\" content=\"summary_large_image\" \/>\n<meta name=\"twitter:label1\" content=\"Estimated reading time\" \/>\n\t<meta name=\"twitter:data1\" content=\"4 minutes\" \/>\n<script type=\"application\/ld+json\" class=\"yoast-schema-graph\">{\"@context\":\"https:\/\/schema.org\",\"@graph\":[{\"@type\":\"WebPage\",\"@id\":\"https:\/\/www.fournierpolymers.com\/f2m\/mentions-legales\/\",\"url\":\"https:\/\/www.fournierpolymers.com\/f2m\/mentions-legales\/\",\"name\":\"Mentions L\u00e9gales - Fournier Polymers - F2M\",\"isPartOf\":{\"@id\":\"https:\/\/www.fournierpolymers.com\/f2m\/#website\"},\"datePublished\":\"2023-01-18T15:33:43+00:00\",\"dateModified\":\"2023-01-20T11:29:14+00:00\",\"breadcrumb\":{\"@id\":\"https:\/\/www.fournierpolymers.com\/f2m\/mentions-legales\/#breadcrumb\"},\"inLanguage\":\"en-GB\",\"potentialAction\":[{\"@type\":\"ReadAction\",\"target\":[\"https:\/\/www.fournierpolymers.com\/f2m\/mentions-legales\/\"]}]},{\"@type\":\"BreadcrumbList\",\"@id\":\"https:\/\/www.fournierpolymers.com\/f2m\/mentions-legales\/#breadcrumb\",\"itemListElement\":[{\"@type\":\"ListItem\",\"position\":1,\"name\":\"Home\",\"item\":\"https:\/\/www.fournierpolymers.com\/f2m\/en\/home\/\"},{\"@type\":\"ListItem\",\"position\":2,\"name\":\"Mentions L\u00e9gales\"}]},{\"@type\":\"WebSite\",\"@id\":\"https:\/\/www.fournierpolymers.com\/f2m\/#website\",\"url\":\"https:\/\/www.fournierpolymers.com\/f2m\/\",\"name\":\"Fournier Polymers - F2M\",\"description\":\"\",\"potentialAction\":[{\"@type\":\"SearchAction\",\"target\":{\"@type\":\"EntryPoint\",\"urlTemplate\":\"https:\/\/www.fournierpolymers.com\/f2m\/?s={search_term_string}\"},\"query-input\":{\"@type\":\"PropertyValueSpecification\",\"valueRequired\":true,\"valueName\":\"search_term_string\"}}],\"inLanguage\":\"en-GB\"}]}<\/script>\n<!-- \/ Yoast SEO plugin. -->","yoast_head_json":{"title":"Mentions L\u00e9gales - Fournier Polymers - F2M","robots":{"index":"index","follow":"follow","max-snippet":"max-snippet:-1","max-image-preview":"max-image-preview:large","max-video-preview":"max-video-preview:-1"},"canonical":"https:\/\/www.fournierpolymers.com\/f2m\/mentions-legales\/","og_locale":"en_GB","og_type":"article","og_title":"Mentions L\u00e9gales - Fournier Polymers - F2M","og_description":"Mentions L\u00e9gales Donn\u00e9es d\u2019identification Pour respecter ce qui est \u00e9tabli dans la l\u00e9gislation applicable en mati\u00e8re de services de soci\u00e9t\u00e9 de l\u2019information et du commerce \u00e9lectronique, nous indiquons ici les donn\u00e9es d\u2019informations g\u00e9n\u00e9rales de ce site web: FOURNIER POLYMERS FRANCE SAS au capital de 5 265 000 \u20ac \u2013 RCS Lyon B 847 921 368 [&hellip;]","og_url":"https:\/\/www.fournierpolymers.com\/f2m\/mentions-legales\/","og_site_name":"Fournier Polymers - F2M","article_modified_time":"2023-01-20T11:29:14+00:00","twitter_card":"summary_large_image","twitter_misc":{"Estimated reading time":"4 minutes"},"schema":{"@context":"https:\/\/schema.org","@graph":[{"@type":"WebPage","@id":"https:\/\/www.fournierpolymers.com\/f2m\/mentions-legales\/","url":"https:\/\/www.fournierpolymers.com\/f2m\/mentions-legales\/","name":"Mentions L\u00e9gales - Fournier Polymers - F2M","isPartOf":{"@id":"https:\/\/www.fournierpolymers.com\/f2m\/#website"},"datePublished":"2023-01-18T15:33:43+00:00","dateModified":"2023-01-20T11:29:14+00:00","breadcrumb":{"@id":"https:\/\/www.fournierpolymers.com\/f2m\/mentions-legales\/#breadcrumb"},"inLanguage":"en-GB","potentialAction":[{"@type":"ReadAction","target":["https:\/\/www.fournierpolymers.com\/f2m\/mentions-legales\/"]}]},{"@type":"BreadcrumbList","@id":"https:\/\/www.fournierpolymers.com\/f2m\/mentions-legales\/#breadcrumb","itemListElement":[{"@type":"ListItem","position":1,"name":"Home","item":"https:\/\/www.fournierpolymers.com\/f2m\/en\/home\/"},{"@type":"ListItem","position":2,"name":"Mentions L\u00e9gales"}]},{"@type":"WebSite","@id":"https:\/\/www.fournierpolymers.com\/f2m\/#website","url":"https:\/\/www.fournierpolymers.com\/f2m\/","name":"Fournier Polymers - F2M","description":"","potentialAction":[{"@type":"SearchAction","target":{"@type":"EntryPoint","urlTemplate":"https:\/\/www.fournierpolymers.com\/f2m\/?s={search_term_string}"},"query-input":{"@type":"PropertyValueSpecification","valueRequired":true,"valueName":"search_term_string"}}],"inLanguage":"en-GB"}]}},"_links":{"self":[{"href":"https:\/\/www.fournierpolymers.com\/f2m\/wp-json\/wp\/v2\/pages\/535","targetHints":{"allow":["GET"]}}],"collection":[{"href":"https:\/\/www.fournierpolymers.com\/f2m\/wp-json\/wp\/v2\/pages"}],"about":[{"href":"https:\/\/www.fournierpolymers.com\/f2m\/wp-json\/wp\/v2\/types\/page"}],"author":[{"embeddable":true,"href":"https:\/\/www.fournierpolymers.com\/f2m\/wp-json\/wp\/v2\/users\/1"}],"replies":[{"embeddable":true,"href":"https:\/\/www.fournierpolymers.com\/f2m\/wp-json\/wp\/v2\/comments?post=535"}],"version-history":[{"count":6,"href":"https:\/\/www.fournierpolymers.com\/f2m\/wp-json\/wp\/v2\/pages\/535\/revisions"}],"predecessor-version":[{"id":559,"href":"https:\/\/www.fournierpolymers.com\/f2m\/wp-json\/wp\/v2\/pages\/535\/revisions\/559"}],"wp:attachment":[{"href":"https:\/\/www.fournierpolymers.com\/f2m\/wp-json\/wp\/v2\/media?parent=535"}],"curies":[{"name":"wp","href":"https:\/\/api.w.org\/{rel}","templated":true}]}}