{"id":44,"date":"2023-01-02T15:46:25","date_gmt":"2023-01-02T14:46:25","guid":{"rendered":"https:\/\/www.fournierpolymers.com\/f2m\/?page_id=44"},"modified":"2023-01-24T17:17:52","modified_gmt":"2023-01-24T16:17:52","slug":"services","status":"publish","type":"page","link":"https:\/\/www.fournierpolymers.com\/f2m\/services\/","title":{"rendered":"Services"},"content":{"rendered":"<p>[et_pb_section fb_built=&#8221;1&#8243; admin_label=&#8221;section&#8221; _builder_version=&#8221;4.16&#8243; global_colors_info=&#8221;{}&#8221;][et_pb_row admin_label=&#8221;row&#8221; _builder_version=&#8221;4.16&#8243; background_size=&#8221;initial&#8221; background_position=&#8221;top_left&#8221; background_repeat=&#8221;repeat&#8221; custom_padding=&#8221;||3px|||&#8221; global_colors_info=&#8221;{}&#8221;][et_pb_column type=&#8221;4_4&#8243; _builder_version=&#8221;4.16&#8243; custom_padding=&#8221;|||&#8221; global_colors_info=&#8221;{}&#8221; custom_padding__hover=&#8221;|||&#8221;][et_pb_text admin_label=&#8221;Nos services&#8221; _builder_version=&#8221;4.19.2&#8243; _module_preset=&#8221;154eb95a-e003-46e5-b213-24ad360a5594&#8243; header_font_size=&#8221;36px&#8221; header_2_text_color=&#8221;#002654&#8243; custom_margin=&#8221;||3px|||&#8221; global_colors_info=&#8221;{}&#8221;]<\/p>\n<h1>Nos services<\/h1>\n<p>[\/et_pb_text][\/et_pb_column][\/et_pb_row][et_pb_row _builder_version=&#8221;4.19.2&#8243; _module_preset=&#8221;default&#8221; custom_padding=&#8221;33px|||||&#8221; global_colors_info=&#8221;{}&#8221;][et_pb_column type=&#8221;4_4&#8243; _builder_version=&#8221;4.19.2&#8243; _module_preset=&#8221;default&#8221; global_colors_info=&#8221;{}&#8221;][et_pb_text admin_label=&#8221;Distribution&#8221; _builder_version=&#8221;4.19.2&#8243; _module_preset=&#8221;default&#8221; header_text_align=&#8221;left&#8221; header_2_font=&#8221;||||||||&#8221; header_2_text_align=&#8221;center&#8221; header_2_text_color=&#8221;#002654&#8243; header_2_font_size=&#8221;32px&#8221; positioning=&#8221;relative&#8221; custom_margin=&#8221;||23px|||&#8221; animation_style=&#8221;slide&#8221; animation_direction=&#8221;bottom&#8221; animation_duration=&#8221;600ms&#8221; animation_intensity_slide=&#8221;4%&#8221; custom_css_after=&#8221;content:%22%22;||position:absolute;||height:3px;||width:70px;||background:#CE1225;||left:50%;||transform:translateX(-50%);||bottom:-8px;&#8221; global_colors_info=&#8221;{}&#8221;]<\/p>\n<h2>Distribution<\/h2>\n<p>[\/et_pb_text][et_pb_text _builder_version=&#8221;4.19.2&#8243; _module_preset=&#8221;default&#8221; global_colors_info=&#8221;{}&#8221;]Un service de vente et d\u2019assistance expert pr\u00eat \u00e0 r\u00e9pondre efficacement aux besoins de nos clients. Support technique offrant un service de haute qualit\u00e9.[\/et_pb_text][et_pb_image src=&#8221;https:\/\/www.fournierpolymers.com\/europe\/wp-content\/uploads\/sites\/2\/2022\/12\/distribution-2.jpg&#8221; alt=&#8221;Distribution F2M&#8221; title_text=&#8221;Distribution F2M&#8221; _builder_version=&#8221;4.19.2&#8243; _module_preset=&#8221;943d6668-935d-4b0c-875e-3421e3b90e23&#8243; global_colors_info=&#8221;{}&#8221;][\/et_pb_image][\/et_pb_column][\/et_pb_row][et_pb_row _builder_version=&#8221;4.19.2&#8243; _module_preset=&#8221;default&#8221; global_colors_info=&#8221;{}&#8221;][et_pb_column type=&#8221;4_4&#8243; _builder_version=&#8221;4.19.2&#8243; _module_preset=&#8221;default&#8221; global_colors_info=&#8221;{}&#8221;][et_pb_text admin_label=&#8221;Logistique&#8221; _builder_version=&#8221;4.19.2&#8243; _module_preset=&#8221;default&#8221; header_text_align=&#8221;left&#8221; header_2_font=&#8221;||||||||&#8221; header_2_text_align=&#8221;center&#8221; header_2_text_color=&#8221;#002654&#8243; header_2_font_size=&#8221;32px&#8221; positioning=&#8221;relative&#8221; custom_margin=&#8221;||23px|||&#8221; animation_style=&#8221;slide&#8221; animation_direction=&#8221;bottom&#8221; animation_duration=&#8221;600ms&#8221; animation_intensity_slide=&#8221;4%&#8221; custom_css_after=&#8221;content:%22%22;||position:absolute;||height:3px;||width:70px;||background:#CE1225;||left:50%;||transform:translateX(-50%);||bottom:-8px;&#8221; global_colors_info=&#8221;{}&#8221;]<\/p>\n<h2>Logistique<\/h2>\n<p>[\/et_pb_text][et_pb_text _builder_version=&#8221;4.19.2&#8243; _module_preset=&#8221;default&#8221; global_colors_info=&#8221;{}&#8221;]Pr\u00e9sence internationale permettant d\u2019offrir des services de transport et de logistique adapt\u00e9s. <\/p>\n<p>Une connaissance des op\u00e9rations internationales pour une gestion compl\u00e8te des mat\u00e9riaux tout au long de la cha\u00eene d\u2019approvisionnement.[\/et_pb_text][et_pb_image src=&#8221;https:\/\/www.fournierpolymers.com\/f2m\/wp-content\/uploads\/sites\/3\/2023\/01\/logistique.jpg&#8221; alt=&#8221;Logistique F2M&#8221; title_text=&#8221;Logistique F2M&#8221; _builder_version=&#8221;4.19.2&#8243; _module_preset=&#8221;943d6668-935d-4b0c-875e-3421e3b90e23&#8243; global_colors_info=&#8221;{}&#8221;][\/et_pb_image][\/et_pb_column][\/et_pb_row][et_pb_row _builder_version=&#8221;4.19.2&#8243; _module_preset=&#8221;default&#8221; global_colors_info=&#8221;{}&#8221;][et_pb_column type=&#8221;4_4&#8243; _builder_version=&#8221;4.19.2&#8243; _module_preset=&#8221;default&#8221; global_colors_info=&#8221;{}&#8221;][et_pb_text admin_label=&#8221;Service Technique&#8221; _builder_version=&#8221;4.19.2&#8243; _module_preset=&#8221;default&#8221; header_text_align=&#8221;left&#8221; header_2_font=&#8221;||||||||&#8221; header_2_text_align=&#8221;center&#8221; header_2_text_color=&#8221;#002654&#8243; header_2_font_size=&#8221;32px&#8221; positioning=&#8221;relative&#8221; custom_margin=&#8221;||23px|||&#8221; animation_style=&#8221;slide&#8221; animation_direction=&#8221;bottom&#8221; animation_duration=&#8221;600ms&#8221; animation_intensity_slide=&#8221;4%&#8221; custom_css_after=&#8221;content:%22%22;||position:absolute;||height:3px;||width:70px;||background:#CE1225;||left:50%;||transform:translateX(-50%);||bottom:-8px;&#8221; global_colors_info=&#8221;{}&#8221;]<\/p>\n<h2>Service Technique<\/h2>\n<p>[\/et_pb_text][et_pb_text _builder_version=&#8221;4.19.2&#8243; _module_preset=&#8221;default&#8221; global_colors_info=&#8221;{}&#8221;]F2M vous accompagne dans vos projets pour concevoir des pi\u00e8ces plastiques adapt\u00e9es aux exigences de leurs applications finales.<br \/>\nNotre Service Technique, bas\u00e9 \u00e0 Lyon, est soutenu par les \u00e9quipes de Recherche &amp; D\u00e9veloppement qui participent au d\u00e9veloppement des formulations et des \u00e9tudes techniques.<\/p>\n<p>Il s\u2019agit, entre autres, d\u2019analyses de pi\u00e8ces et d\u2019\u00e9tudes par \u00e9l\u00e9ments finis (rh\u00e9ologie et m\u00e9canique).<br \/>\nNous attachons une importance fondamentale \u00e0 l\u2019innovation et travaillons en \u00e9troite collaboration avec vous pour trouver les solutions appropri\u00e9es \u00e0 vos besoins.[\/et_pb_text][et_pb_image src=&#8221;https:\/\/www.fournierpolymers.com\/f2m\/wp-content\/uploads\/sites\/3\/2023\/01\/technique.jpg&#8221; alt=&#8221;Service Technique F2M&#8221; title_text=&#8221;Service Technique F2M&#8221; _builder_version=&#8221;4.19.2&#8243; _module_preset=&#8221;default&#8221; border_radii=&#8221;on|16px|16px|16px|16px&#8221; box_shadow_style=&#8221;preset3&#8243; global_colors_info=&#8221;{}&#8221;][\/et_pb_image][\/et_pb_column][\/et_pb_row][\/et_pb_section]<\/p>\n","protected":false},"excerpt":{"rendered":"<p>Nos servicesDistribution Un service de vente et d\u2019assistance expert pr\u00eat \u00e0 r\u00e9pondre efficacement aux besoins de nos clients. Support technique offrant un service de haute qualit\u00e9.LogistiquePr\u00e9sence internationale permettant d\u2019offrir des services de transport et de logistique adapt\u00e9s. Une connaissance des op\u00e9rations internationales pour une gestion compl\u00e8te des mat\u00e9riaux tout au long de la cha\u00eene d\u2019approvisionnement.Service [&hellip;]<\/p>\n","protected":false},"author":1,"featured_media":0,"parent":0,"menu_order":0,"comment_status":"closed","ping_status":"closed","template":"","meta":{"_et_pb_use_builder":"on","_et_pb_old_content":"<p>[et_pb_section fb_built=\"1\" admin_label=\"section\" _builder_version=\"4.16\" global_colors_info=\"{}\"][et_pb_row admin_label=\"row\" _builder_version=\"4.16\" background_size=\"initial\" background_position=\"top_left\" background_repeat=\"repeat\" global_colors_info=\"{}\"][et_pb_column type=\"4_4\" _builder_version=\"4.16\" custom_padding=\"|||\" global_colors_info=\"{}\" custom_padding__hover=\"|||\"][et_pb_text admin_label=\"Nos services\" _builder_version=\"4.19.2\" _module_preset=\"b3f290e9-bcd5-4ca4-92e9-5d2f46be520f\" header_font_size=\"36px\" header_2_text_color=\"#002654\" custom_margin=\"||3px|||\" animation_style=\"slide\" global_colors_info=\"{}\"]<\/p><h1>Nos services<\/h1><p>[\/et_pb_text][et_pb_divider color=\"RGBA(255,255,255,0)\" _builder_version=\"4.19.2\" _module_preset=\"default\" global_colors_info=\"{}\"][\/et_pb_divider][\/et_pb_column][\/et_pb_row][et_pb_row _builder_version=\"4.19.2\" _module_preset=\"default\" global_colors_info=\"{}\"][et_pb_column type=\"4_4\" _builder_version=\"4.19.2\" _module_preset=\"default\" global_colors_info=\"{}\"][et_pb_text admin_label=\"Distribution\" _builder_version=\"4.19.2\" _module_preset=\"default\" header_text_align=\"left\" header_2_font=\"||||||||\" header_2_text_align=\"center\" header_2_text_color=\"#002654\" header_2_font_size=\"32px\" positioning=\"relative\" custom_margin=\"||23px|||\" animation_style=\"slide\" animation_direction=\"bottom\" animation_duration=\"600ms\" animation_intensity_slide=\"4%\" custom_css_after=\"content:%22%22;||position:absolute;||height:3px;||width:70px;||background:#CE1225;||left:50%;||transform:translateX(-50%);||bottom:-8px;\" global_colors_info=\"{}\"]<\/p><h2>Distribution<\/h2><p>[\/et_pb_text][et_pb_text _builder_version=\"4.19.2\" _module_preset=\"default\" global_colors_info=\"{}\"]<\/p><p>Un service de vente et d\u2019assistance expert pr\u00eat \u00e0 r\u00e9pondre efficacement aux besoins de nos clients.<\/p><p>Support technique offrant un service de haute qualit\u00e9.<\/p><p>[\/et_pb_text][et_pb_image src=\"https:\/\/www.fournierpolymers.com\/europe\/wp-content\/uploads\/sites\/2\/2022\/12\/distribution-2.jpg\" alt=\"Distribution Fournier Polymers\" title_text=\"distribution\" _builder_version=\"4.19.2\" _module_preset=\"default\" global_colors_info=\"{}\"][\/et_pb_image][\/et_pb_column][\/et_pb_row][et_pb_row _builder_version=\"4.19.2\" _module_preset=\"default\" global_colors_info=\"{}\"][et_pb_column type=\"4_4\" _builder_version=\"4.19.2\" _module_preset=\"default\" global_colors_info=\"{}\"][et_pb_text admin_label=\"Logistique\" _builder_version=\"4.19.2\" _module_preset=\"default\" header_text_align=\"left\" header_2_font=\"||||||||\" header_2_text_align=\"center\" header_2_text_color=\"#002654\" header_2_font_size=\"32px\" positioning=\"relative\" custom_margin=\"||23px|||\" animation_style=\"slide\" animation_direction=\"bottom\" animation_duration=\"600ms\" animation_intensity_slide=\"4%\" custom_css_after=\"content:%22%22;||position:absolute;||height:3px;||width:70px;||background:#CE1225;||left:50%;||transform:translateX(-50%);||bottom:-8px;\" global_colors_info=\"{}\"]<\/p><h2>Logistique<\/h2><p>[\/et_pb_text][et_pb_text _builder_version=\"4.19.2\" _module_preset=\"default\" global_colors_info=\"{}\"]<\/p><p>Pr\u00e9sence internationale permettant d\u2019offrir des services de transport et de logistique adapt\u00e9s. Une connaissance des op\u00e9rations internationales pour une gestion compl\u00e8te des mat\u00e9riaux tout au long de la cha\u00eene d\u2019approvisionnement.<\/p><p>[\/et_pb_text][et_pb_image src=\"https:\/\/www.fournierpolymers.com\/europe\/wp-content\/uploads\/sites\/2\/2022\/12\/logistique-2.jpg\" alt=\"Logistique Fournier Polymers\" title_text=\"logistique\" _builder_version=\"4.19.2\" _module_preset=\"default\" global_colors_info=\"{}\"][\/et_pb_image][\/et_pb_column][\/et_pb_row][et_pb_row _builder_version=\"4.19.2\" _module_preset=\"default\" global_colors_info=\"{}\"][et_pb_column type=\"4_4\" _builder_version=\"4.19.2\" _module_preset=\"default\" global_colors_info=\"{}\"][et_pb_text admin_label=\"Service Technique\" _builder_version=\"4.19.2\" _module_preset=\"default\" header_text_align=\"left\" header_2_font=\"||||||||\" header_2_text_align=\"center\" header_2_text_color=\"#002654\" header_2_font_size=\"32px\" positioning=\"relative\" custom_margin=\"||23px|||\" animation_style=\"slide\" animation_direction=\"bottom\" animation_duration=\"600ms\" animation_intensity_slide=\"4%\" custom_css_after=\"content:%22%22;||position:absolute;||height:3px;||width:70px;||background:#CE1225;||left:50%;||transform:translateX(-50%);||bottom:-8px;\" global_colors_info=\"{}\"]<\/p><h2>Service Technique<\/h2><p>[\/et_pb_text][et_pb_text _builder_version=\"4.19.2\" _module_preset=\"default\" global_colors_info=\"{}\"]<\/p><p>Fournier Polymers vous accompagne dans vos projets pour concevoir des pi\u00e8ces plastiques adapt\u00e9es aux exigences de leurs applications finales. Notre Service Technique, bas\u00e9 \u00e0 Lyon, est soutenu par les \u00e9quipes de Recherche & D\u00e9veloppement qui participent au d\u00e9veloppement des formulations et des \u00e9tudes techniques.<\/p><p>Il s\u2019agit, entre autres, d\u2019analyses de pi\u00e8ces et d\u2019\u00e9tudes par \u00e9l\u00e9ments finis (rh\u00e9ologie et m\u00e9canique). Nous attachons une importance fondamentale \u00e0 l\u2019innovation et travaillons en \u00e9troite collaboration avec vous pour trouver les solutions appropri\u00e9es \u00e0 vos besoins.<\/p><p>[\/et_pb_text][et_pb_image src=\"https:\/\/www.fournierpolymers.com\/europe\/wp-content\/uploads\/sites\/2\/2022\/12\/technique-1.jpg\" alt=\"Service Technique Fournier Polymers\" title_text=\"technique\" _builder_version=\"4.19.2\" _module_preset=\"default\" global_colors_info=\"{}\"][\/et_pb_image][\/et_pb_column][\/et_pb_row][et_pb_row _builder_version=\"4.19.2\" _module_preset=\"default\" global_colors_info=\"{}\"][et_pb_column type=\"4_4\" _builder_version=\"4.19.2\" _module_preset=\"default\" global_colors_info=\"{}\"][et_pb_text admin_label=\"Service Qualit\u00e9\" _builder_version=\"4.19.2\" _module_preset=\"default\" header_text_align=\"left\" header_2_font=\"||||||||\" header_2_text_align=\"center\" header_2_text_color=\"#002654\" header_2_font_size=\"32px\" positioning=\"relative\" custom_margin=\"||23px|||\" animation_style=\"slide\" animation_direction=\"bottom\" animation_duration=\"600ms\" animation_intensity_slide=\"4%\" custom_css_after=\"content:%22%22;||position:absolute;||height:3px;||width:70px;||background:#CE1225;||left:50%;||transform:translateX(-50%);||bottom:-8px;\" global_colors_info=\"{}\"]<\/p><h2>Service Qualit\u00e9<\/h2><p>[\/et_pb_text][et_pb_text _builder_version=\"4.19.2\" _module_preset=\"default\" global_colors_info=\"{}\"]<\/p><p>Depuis 2002, nous sommes certifi\u00e9s par la norme qualit\u00e9 ISO 9001 version 2015. Nous avons une volont\u00e9 permanente d\u2019am\u00e9liorer la satisfaction de nos clients et de nos fournisseurs.<\/p><p>Nous sommes \u00e0 votre \u00e9coute pour toute question relative aux r\u00e9glementations.<\/p><p>[\/et_pb_text][et_pb_image src=\"https:\/\/www.fournierpolymers.com\/europe\/wp-content\/uploads\/sites\/2\/2022\/12\/ISO9001-FOURNIER-POLYMERS-ET-RADICI-BUREAU-VERITAS-EXPIR-01.02-grand-724x1024-1.jpg\" alt=\"Service Qualit\u00e9 Fournier Polymers\" title_text=\"ISO9001-FOURNIER-POLYMERS-ET-RADICI-BUREAU-VERITAS-EXPIR-01.02-grand-724x1024\" align=\"center\" _builder_version=\"4.19.2\" _module_preset=\"default\" global_colors_info=\"{}\"][\/et_pb_image][\/et_pb_column][\/et_pb_row][et_pb_row _builder_version=\"4.19.2\" _module_preset=\"default\" global_colors_info=\"{}\"][et_pb_column type=\"4_4\" _builder_version=\"4.19.2\" _module_preset=\"default\" global_colors_info=\"{}\"][et_pb_text admin_label=\"Formation et Conseil\" _builder_version=\"4.19.2\" _module_preset=\"default\" header_text_align=\"left\" header_2_font=\"||||||||\" header_2_text_align=\"center\" header_2_text_color=\"#002654\" header_2_font_size=\"32px\" positioning=\"relative\" custom_margin=\"||23px|||\" animation_style=\"slide\" animation_direction=\"bottom\" animation_duration=\"600ms\" animation_intensity_slide=\"4%\" custom_css_after=\"content:%22%22;||position:absolute;||height:3px;||width:70px;||background:#CE1225;||left:50%;||transform:translateX(-50%);||bottom:-8px;\" global_colors_info=\"{}\"]<\/p><h2>Formation et Conseil<\/h2><p>[\/et_pb_text][et_pb_text _builder_version=\"4.19.2\" _module_preset=\"default\" global_colors_info=\"{}\"]<\/p><p>Filiale du Groupe Fournier, Avenir formation est un \u00e9tablissement de formation agr\u00e9\u00e9, sp\u00e9cialis\u00e9 dans la formation et le conseil dans 3 domaines principaux :<\/p><p>- Qualit\u00e9: formation \u00e0 l\u2019ISO \u2013 conseil pour la certification ISO9001 \u2013 OHSAS18001 \u2013 ISO14001\u2026<br \/>- R\u00e9glementation : REACH \u2013 Mati\u00e8res dangereuses, MSDS, HACCP\u2026<br \/>- Environnement : gestion des d\u00e9chets \u2013 \u00e9valuation des gaz \u00e0 effet de serre \u2013 empreinte carbone \u2026<\/p><p><a href=\"https:\/\/www.avenirformation-france.fr\">Plus d'infos sur le site d'Avenir Formation<\/a><\/p><p>[\/et_pb_text][et_pb_image src=\"https:\/\/www.fournierpolymers.com\/europe\/wp-content\/uploads\/sites\/2\/2022\/12\/avenir-formation.jpg\" alt=\"Formation et Conseil - Avenir Formation\" title_text=\"avenir-formation\" url=\"https:\/\/www.avenirformation-france.fr\" _builder_version=\"4.19.2\" _module_preset=\"default\" global_colors_info=\"{}\"][\/et_pb_image][\/et_pb_column][\/et_pb_row][\/et_pb_section]<\/p>","_et_gb_content_width":"","inline_featured_image":false,"footnotes":""},"class_list":["post-44","page","type-page","status-publish","hentry"],"yoast_head":"<!-- This site is optimized with the Yoast SEO plugin v27.2 - https:\/\/yoast.com\/product\/yoast-seo-wordpress\/ -->\n<title>Services - Fournier Polymers - F2M<\/title>\n<meta name=\"robots\" content=\"index, follow, max-snippet:-1, max-image-preview:large, max-video-preview:-1\" \/>\n<link rel=\"canonical\" href=\"https:\/\/www.fournierpolymers.com\/f2m\/services\/\" \/>\n<meta property=\"og:locale\" content=\"en_GB\" \/>\n<meta property=\"og:type\" content=\"article\" \/>\n<meta property=\"og:title\" content=\"Services - Fournier Polymers - F2M\" \/>\n<meta property=\"og:description\" content=\"Nos servicesDistribution Un service de vente et d\u2019assistance expert pr\u00eat \u00e0 r\u00e9pondre efficacement aux besoins de nos clients. Support technique offrant un service de haute qualit\u00e9.LogistiquePr\u00e9sence internationale permettant d\u2019offrir des services de transport et de logistique adapt\u00e9s. Une connaissance des op\u00e9rations internationales pour une gestion compl\u00e8te des mat\u00e9riaux tout au long de la cha\u00eene d\u2019approvisionnement.Service [&hellip;]\" \/>\n<meta property=\"og:url\" content=\"https:\/\/www.fournierpolymers.com\/f2m\/services\/\" \/>\n<meta property=\"og:site_name\" content=\"Fournier Polymers - F2M\" \/>\n<meta property=\"article:modified_time\" content=\"2023-01-24T16:17:52+00:00\" \/>\n<meta name=\"twitter:card\" content=\"summary_large_image\" \/>\n<meta name=\"twitter:label1\" content=\"Estimated reading time\" \/>\n\t<meta name=\"twitter:data1\" content=\"4 minutes\" \/>\n<script type=\"application\/ld+json\" class=\"yoast-schema-graph\">{\"@context\":\"https:\/\/schema.org\",\"@graph\":[{\"@type\":\"WebPage\",\"@id\":\"https:\/\/www.fournierpolymers.com\/f2m\/services\/\",\"url\":\"https:\/\/www.fournierpolymers.com\/f2m\/services\/\",\"name\":\"Services - Fournier Polymers - F2M\",\"isPartOf\":{\"@id\":\"https:\/\/www.fournierpolymers.com\/f2m\/#website\"},\"datePublished\":\"2023-01-02T14:46:25+00:00\",\"dateModified\":\"2023-01-24T16:17:52+00:00\",\"breadcrumb\":{\"@id\":\"https:\/\/www.fournierpolymers.com\/f2m\/services\/#breadcrumb\"},\"inLanguage\":\"en-GB\",\"potentialAction\":[{\"@type\":\"ReadAction\",\"target\":[\"https:\/\/www.fournierpolymers.com\/f2m\/services\/\"]}]},{\"@type\":\"BreadcrumbList\",\"@id\":\"https:\/\/www.fournierpolymers.com\/f2m\/services\/#breadcrumb\",\"itemListElement\":[{\"@type\":\"ListItem\",\"position\":1,\"name\":\"Home\",\"item\":\"https:\/\/www.fournierpolymers.com\/f2m\/en\/home\/\"},{\"@type\":\"ListItem\",\"position\":2,\"name\":\"Services\"}]},{\"@type\":\"WebSite\",\"@id\":\"https:\/\/www.fournierpolymers.com\/f2m\/#website\",\"url\":\"https:\/\/www.fournierpolymers.com\/f2m\/\",\"name\":\"Fournier Polymers - F2M\",\"description\":\"\",\"potentialAction\":[{\"@type\":\"SearchAction\",\"target\":{\"@type\":\"EntryPoint\",\"urlTemplate\":\"https:\/\/www.fournierpolymers.com\/f2m\/?s={search_term_string}\"},\"query-input\":{\"@type\":\"PropertyValueSpecification\",\"valueRequired\":true,\"valueName\":\"search_term_string\"}}],\"inLanguage\":\"en-GB\"}]}<\/script>\n<!-- \/ Yoast SEO plugin. -->","yoast_head_json":{"title":"Services - Fournier Polymers - F2M","robots":{"index":"index","follow":"follow","max-snippet":"max-snippet:-1","max-image-preview":"max-image-preview:large","max-video-preview":"max-video-preview:-1"},"canonical":"https:\/\/www.fournierpolymers.com\/f2m\/services\/","og_locale":"en_GB","og_type":"article","og_title":"Services - Fournier Polymers - F2M","og_description":"Nos servicesDistribution Un service de vente et d\u2019assistance expert pr\u00eat \u00e0 r\u00e9pondre efficacement aux besoins de nos clients. Support technique offrant un service de haute qualit\u00e9.LogistiquePr\u00e9sence internationale permettant d\u2019offrir des services de transport et de logistique adapt\u00e9s. Une connaissance des op\u00e9rations internationales pour une gestion compl\u00e8te des mat\u00e9riaux tout au long de la cha\u00eene d\u2019approvisionnement.Service [&hellip;]","og_url":"https:\/\/www.fournierpolymers.com\/f2m\/services\/","og_site_name":"Fournier Polymers - F2M","article_modified_time":"2023-01-24T16:17:52+00:00","twitter_card":"summary_large_image","twitter_misc":{"Estimated reading time":"4 minutes"},"schema":{"@context":"https:\/\/schema.org","@graph":[{"@type":"WebPage","@id":"https:\/\/www.fournierpolymers.com\/f2m\/services\/","url":"https:\/\/www.fournierpolymers.com\/f2m\/services\/","name":"Services - Fournier Polymers - F2M","isPartOf":{"@id":"https:\/\/www.fournierpolymers.com\/f2m\/#website"},"datePublished":"2023-01-02T14:46:25+00:00","dateModified":"2023-01-24T16:17:52+00:00","breadcrumb":{"@id":"https:\/\/www.fournierpolymers.com\/f2m\/services\/#breadcrumb"},"inLanguage":"en-GB","potentialAction":[{"@type":"ReadAction","target":["https:\/\/www.fournierpolymers.com\/f2m\/services\/"]}]},{"@type":"BreadcrumbList","@id":"https:\/\/www.fournierpolymers.com\/f2m\/services\/#breadcrumb","itemListElement":[{"@type":"ListItem","position":1,"name":"Home","item":"https:\/\/www.fournierpolymers.com\/f2m\/en\/home\/"},{"@type":"ListItem","position":2,"name":"Services"}]},{"@type":"WebSite","@id":"https:\/\/www.fournierpolymers.com\/f2m\/#website","url":"https:\/\/www.fournierpolymers.com\/f2m\/","name":"Fournier Polymers - F2M","description":"","potentialAction":[{"@type":"SearchAction","target":{"@type":"EntryPoint","urlTemplate":"https:\/\/www.fournierpolymers.com\/f2m\/?s={search_term_string}"},"query-input":{"@type":"PropertyValueSpecification","valueRequired":true,"valueName":"search_term_string"}}],"inLanguage":"en-GB"}]}},"_links":{"self":[{"href":"https:\/\/www.fournierpolymers.com\/f2m\/wp-json\/wp\/v2\/pages\/44","targetHints":{"allow":["GET"]}}],"collection":[{"href":"https:\/\/www.fournierpolymers.com\/f2m\/wp-json\/wp\/v2\/pages"}],"about":[{"href":"https:\/\/www.fournierpolymers.com\/f2m\/wp-json\/wp\/v2\/types\/page"}],"author":[{"embeddable":true,"href":"https:\/\/www.fournierpolymers.com\/f2m\/wp-json\/wp\/v2\/users\/1"}],"replies":[{"embeddable":true,"href":"https:\/\/www.fournierpolymers.com\/f2m\/wp-json\/wp\/v2\/comments?post=44"}],"version-history":[{"count":15,"href":"https:\/\/www.fournierpolymers.com\/f2m\/wp-json\/wp\/v2\/pages\/44\/revisions"}],"predecessor-version":[{"id":572,"href":"https:\/\/www.fournierpolymers.com\/f2m\/wp-json\/wp\/v2\/pages\/44\/revisions\/572"}],"wp:attachment":[{"href":"https:\/\/www.fournierpolymers.com\/f2m\/wp-json\/wp\/v2\/media?parent=44"}],"curies":[{"name":"wp","href":"https:\/\/api.w.org\/{rel}","templated":true}]}}