{"id":436,"date":"2023-01-13T15:49:10","date_gmt":"2023-01-13T14:49:10","guid":{"rendered":"https:\/\/www.fournierpolymers.com\/f2m\/?page_id=436"},"modified":"2023-01-16T10:47:37","modified_gmt":"2023-01-16T09:47:37","slug":"radici","status":"publish","type":"page","link":"https:\/\/www.fournierpolymers.com\/f2m\/en\/radici\/","title":{"rendered":"Radici"},"content":{"rendered":"<p>[et_pb_section fb_built=&#8221;1&#8243; admin_label=&#8221;section&#8221; _builder_version=&#8221;4.16&#8243; global_colors_info=&#8221;{}&#8221;][et_pb_row admin_label=&#8221;row&#8221; _builder_version=&#8221;4.16&#8243; background_size=&#8221;initial&#8221; background_position=&#8221;top_left&#8221; background_repeat=&#8221;repeat&#8221; global_colors_info=&#8221;{}&#8221;][et_pb_column type=&#8221;4_4&#8243; _builder_version=&#8221;4.16&#8243; custom_padding=&#8221;|||&#8221; global_colors_info=&#8221;{}&#8221; custom_padding__hover=&#8221;|||&#8221;][et_pb_image src=&#8221;https:\/\/www.fournierpolymers.com\/f2m\/wp-content\/uploads\/sites\/3\/2023\/01\/radici-300&#215;165.jpg&#8221; alt=&#8221;Radici&#8221; title_text=&#8221;Radici&#8221; url=&#8221;https:\/\/www.radicigroup.com\/en&#8221; align=&#8221;center&#8221; _builder_version=&#8221;4.19.2&#8243; _module_preset=&#8221;default&#8221; hover_enabled=&#8221;0&#8243; global_colors_info=&#8221;{}&#8221; sticky_enabled=&#8221;0&#8243;][\/et_pb_image][et_pb_divider show_divider=&#8221;off&#8221; _builder_version=&#8221;4.19.2&#8243; _module_preset=&#8221;default&#8221; global_colors_info=&#8221;{}&#8221;][\/et_pb_divider][et_pb_text _builder_version=&#8221;4.19.2&#8243; _module_preset=&#8221;default&#8221; hover_enabled=&#8221;0&#8243; global_colors_info=&#8221;{}&#8221; sticky_enabled=&#8221;0&#8243;]Founded in 1947, the RADICI family group is now an integrated manufacturer of synthetic fibres and technical polymers.<br \/>\nWith 200k tonnes of production capacity and 39 sites around the world, including nine compounding units, RADICI HIGH PERFORMANCE POLYMERS is now a leader in polyamide production.[\/et_pb_text][\/et_pb_column][\/et_pb_row][et_pb_row column_structure=&#8221;1_4,1_4,1_4,1_4&#8243; use_custom_gutter=&#8221;on&#8221; gutter_width=&#8221;2&#8243; _builder_version=&#8221;4.19.2&#8243; _module_preset=&#8221;default&#8221; global_colors_info=&#8221;{}&#8221;][et_pb_column type=&#8221;1_4&#8243; _builder_version=&#8221;4.19.2&#8243; _module_preset=&#8221;default&#8221; custom_padding=&#8221;20px|20px|20px|20px|true|true&#8221; border_radii=&#8221;on|10px|10px|10px|10px&#8221; border_color_all=&#8221;#FFFFFF&#8221; box_shadow_style=&#8221;preset3&#8243; box_shadow_color=&#8221;rgba(0,0,0,0.15)&#8221; global_colors_info=&#8221;{}&#8221;][et_pb_text admin_label=&#8221;PA&#8221; _builder_version=&#8221;4.19.2&#8243; _module_preset=&#8221;default&#8221; custom_margin=&#8221;||27px|||&#8221; hover_enabled=&#8221;0&#8243; global_colors_info=&#8221;{}&#8221; sticky_enabled=&#8221;0&#8243;]<\/p>\n<h3>PA<\/h3>\n<p>RADILON\u00ae &#8211; <a href=\"https:\/\/www.radicigroup.com\/en\/products\/plastics\/pa6-pa66-pa6-10-pa6-12-radilon\">More info<\/a><br \/>\nRADISTRONG\u00ae &#8211; <a href=\"https:\/\/www.radicigroup.com\/en\/products\/plastics\/metal-replacement-plastic-polyamide-6-6-radistrong\">More info<\/a><br \/>\nTORZEN\u00ae &#8211; <a href=\"https:\/\/www.radicigroup.com\/en\/products\/plastics\/torzen\">More info<\/a>[\/et_pb_text][et_pb_image src=&#8221;https:\/\/www.fournierpolymers.com\/f2m\/wp-content\/uploads\/sites\/3\/2023\/01\/PA.jpg&#8221; alt=&#8221;PA&#8221; title_text=&#8221;PA&#8221; _builder_version=&#8221;4.19.2&#8243; _module_preset=&#8221;default&#8221; hover_enabled=&#8221;0&#8243; global_colors_info=&#8221;{}&#8221; sticky_enabled=&#8221;0&#8243;][\/et_pb_image][\/et_pb_column][et_pb_column type=&#8221;1_4&#8243; _builder_version=&#8221;4.19.2&#8243; _module_preset=&#8221;default&#8221; custom_padding=&#8221;20px|20px|20px|20px|true|true&#8221; border_radii=&#8221;on|10px|10px|10px|10px&#8221; border_color_all=&#8221;#FFFFFF&#8221; box_shadow_style=&#8221;preset3&#8243; box_shadow_color=&#8221;rgba(0,0,0,0.15)&#8221; global_colors_info=&#8221;{}&#8221;][et_pb_text admin_label=&#8221;PA RECYCLES&#8221; _builder_version=&#8221;4.19.2&#8243; _module_preset=&#8221;default&#8221; hover_enabled=&#8221;0&#8243; global_colors_info=&#8221;{}&#8221; sticky_enabled=&#8221;0&#8243;]<\/p>\n<h3>PA RECYCLES<\/h3>\n<p>RENYCLE\u00ae &#8211;\u00a0<a href=\"https:\/\/www.radicigroup.com\/en\/products\/plastics\/sustainable-engineering-polymers-renycle\">More info<\/a><br \/>\nHERAMID\u00ae &#8211;\u00a0<a href=\"https:\/\/www.radicigroup.com\/en\/products\/plastics\/pa6-pa66-heramid\">More info<\/a>[\/et_pb_text][et_pb_image src=&#8221;https:\/\/www.fournierpolymers.com\/f2m\/wp-content\/uploads\/sites\/3\/2023\/01\/PA-recycles.jpg&#8221; alt=&#8221;PA RECYCLES&#8221; title_text=&#8221;PA RECYCLES&#8221; _builder_version=&#8221;4.19.2&#8243; _module_preset=&#8221;default&#8221; hover_enabled=&#8221;0&#8243; global_colors_info=&#8221;{}&#8221; sticky_enabled=&#8221;0&#8243;][\/et_pb_image][\/et_pb_column][et_pb_column type=&#8221;1_4&#8243; _builder_version=&#8221;4.19.2&#8243; _module_preset=&#8221;default&#8221; custom_padding=&#8221;20px|20px|20px|20px|true|true&#8221; border_radii=&#8221;on|10px|10px|10px|10px&#8221; border_color_all=&#8221;#FFFFFF&#8221; box_shadow_style=&#8221;preset3&#8243; box_shadow_color=&#8221;rgba(0,0,0,0.15)&#8221; global_colors_info=&#8221;{}&#8221;][et_pb_text admin_label=&#8221;PA FR&#8221; _builder_version=&#8221;4.19.2&#8243; _module_preset=&#8221;default&#8221; custom_margin=&#8221;||35px|||&#8221; hover_enabled=&#8221;0&#8243; global_colors_info=&#8221;{}&#8221; sticky_enabled=&#8221;0&#8243;]<\/p>\n<h3>PA FR<\/h3>\n<p>RADIFLAM\u00ae &#8211; <a href=\"https:\/\/www.radicigroup.com\/en\/products\/plastics\/flame-retardant-radiflam\">More info<\/a>[\/et_pb_text][et_pb_image src=&#8221;https:\/\/www.fournierpolymers.com\/f2m\/wp-content\/uploads\/sites\/3\/2023\/01\/PA-FR.jpg&#8221; alt=&#8221;PA FR&#8221; title_text=&#8221;PA FR&#8221; _builder_version=&#8221;4.19.2&#8243; _module_preset=&#8221;default&#8221; hover_enabled=&#8221;0&#8243; global_colors_info=&#8221;{}&#8221; sticky_enabled=&#8221;0&#8243;][\/et_pb_image][\/et_pb_column][et_pb_column type=&#8221;1_4&#8243; _builder_version=&#8221;4.19.2&#8243; _module_preset=&#8221;default&#8221; custom_padding=&#8221;20px|20px|20px|20px|true|true&#8221; border_radii=&#8221;on|10px|10px|10px|10px&#8221; border_color_all=&#8221;#FFFFFF&#8221; box_shadow_style=&#8221;preset3&#8243; box_shadow_color=&#8221;rgba(0,0,0,0.15)&#8221; global_colors_info=&#8221;{}&#8221;][et_pb_text admin_label=&#8221;TPE &#8211; SBS\/SEBS&#8221; _builder_version=&#8221;4.19.2&#8243; _module_preset=&#8221;default&#8221; hover_enabled=&#8221;0&#8243; global_colors_info=&#8221;{}&#8221; sticky_enabled=&#8221;0&#8243;]<\/p>\n<h3>TPE &#8211; SBS\/SEBS<\/h3>\n<p>HERAFLEX\u00ae &#8211; <a href=\"https:\/\/www.radicigroup.com\/en\/products\/plastics\/thermoplastic-elastomers-heraflex\">More info<\/a>[\/et_pb_text][et_pb_image src=&#8221;https:\/\/www.fournierpolymers.com\/f2m\/wp-content\/uploads\/sites\/3\/2023\/01\/TPE.jpg&#8221; alt=&#8221;TPE &#8211; SBS\/SEBS&#8221; title_text=&#8221;TPE &#8211; SBS\/SEBS&#8221; _builder_version=&#8221;4.19.2&#8243; _module_preset=&#8221;default&#8221; custom_margin=&#8221;35px|||||&#8221; hover_enabled=&#8221;0&#8243; global_colors_info=&#8221;{}&#8221; sticky_enabled=&#8221;0&#8243;][\/et_pb_image][\/et_pb_column][\/et_pb_row][et_pb_row column_structure=&#8221;1_4,1_4,1_4,1_4&#8243; use_custom_gutter=&#8221;on&#8221; gutter_width=&#8221;2&#8243; _builder_version=&#8221;4.19.2&#8243; _module_preset=&#8221;default&#8221; custom_padding=&#8221;0px|||||&#8221; global_colors_info=&#8221;{}&#8221;][et_pb_column type=&#8221;1_4&#8243; _builder_version=&#8221;4.19.2&#8243; _module_preset=&#8221;default&#8221; custom_padding=&#8221;20px|20px|20px|20px|true|true&#8221; border_radii=&#8221;on|10px|10px|10px|10px&#8221; border_color_all=&#8221;#FFFFFF&#8221; box_shadow_style=&#8221;preset3&#8243; box_shadow_color=&#8221;rgba(0,0,0,0.15)&#8221; global_colors_info=&#8221;{}&#8221;][et_pb_text admin_label=&#8221;PBT&#8221; _builder_version=&#8221;4.19.2&#8243; _module_preset=&#8221;default&#8221; hover_enabled=&#8221;0&#8243; global_colors_info=&#8221;{}&#8221; sticky_enabled=&#8221;0&#8243;]<\/p>\n<h3>PBT<\/h3>\n<p>RADITER\u00ae &#8211; <a href=\"https:\/\/www.radicigroup.com\/en\/products\/plastics\/polybutylene-terephthalate-raditer\">More info<\/a>[\/et_pb_text][et_pb_image src=&#8221;https:\/\/www.fournierpolymers.com\/f2m\/wp-content\/uploads\/sites\/3\/2023\/01\/PBT-1.jpg&#8221; alt=&#8221;PBT&#8221; title_text=&#8221;PBT&#8221; _builder_version=&#8221;4.19.2&#8243; _module_preset=&#8221;default&#8221; hover_enabled=&#8221;0&#8243; global_colors_info=&#8221;{}&#8221; sticky_enabled=&#8221;0&#8243;][\/et_pb_image][\/et_pb_column][et_pb_column type=&#8221;1_4&#8243; _builder_version=&#8221;4.19.2&#8243; _module_preset=&#8221;default&#8221; custom_padding=&#8221;20px|20px|20px|20px|true|true&#8221; border_radii=&#8221;on|10px|10px|10px|10px&#8221; border_color_all=&#8221;#FFFFFF&#8221; box_shadow_style=&#8221;preset3&#8243; box_shadow_color=&#8221;rgba(0,0,0,0.15)&#8221; global_colors_info=&#8221;{}&#8221;][et_pb_text admin_label=&#8221;POM&#8221; _builder_version=&#8221;4.19.2&#8243; _module_preset=&#8221;default&#8221; hover_enabled=&#8221;0&#8243; global_colors_info=&#8221;{}&#8221; sticky_enabled=&#8221;0&#8243;]<\/p>\n<h3>POM<\/h3>\n<p>HERAFORM\u00ae &#8211; <a href=\"https:\/\/www.radicigroup.com\/en\/products\/plastics\/polyacetal-copolymer-products-heraform\">More info<\/a>[\/et_pb_text][et_pb_image src=&#8221;https:\/\/www.fournierpolymers.com\/f2m\/wp-content\/uploads\/sites\/3\/2023\/01\/POM-1.jpg&#8221; alt=&#8221;POM&#8221; title_text=&#8221;POM&#8221; _builder_version=&#8221;4.19.2&#8243; _module_preset=&#8221;default&#8221; hover_enabled=&#8221;0&#8243; global_colors_info=&#8221;{}&#8221; sticky_enabled=&#8221;0&#8243;][\/et_pb_image][\/et_pb_column][et_pb_column type=&#8221;1_4&#8243; _builder_version=&#8221;4.19.2&#8243; _module_preset=&#8221;default&#8221; custom_padding=&#8221;20px|20px|20px|20px|true|true&#8221; border_radii=&#8221;on|10px|10px|10px|10px&#8221; border_color_all=&#8221;#FFFFFF&#8221; box_shadow_style=&#8221;preset3&#8243; box_shadow_color=&#8221;rgba(0,0,0,0.15)&#8221; global_colors_info=&#8221;{}&#8221;][et_pb_text admin_label=&#8221;PPS&#8221; _builder_version=&#8221;4.19.2&#8243; _module_preset=&#8221;default&#8221; hover_enabled=&#8221;0&#8243; global_colors_info=&#8221;{}&#8221; sticky_enabled=&#8221;0&#8243;]<\/p>\n<h3>PPS<\/h3>\n<p>RADITECK\u00ae &#8211; <a href=\"https:\/\/www.radicigroup.com\/en\/products\/plastics\/raditeck\">More info<\/a>[\/et_pb_text][et_pb_image src=&#8221;https:\/\/www.fournierpolymers.com\/f2m\/wp-content\/uploads\/sites\/3\/2023\/01\/PPS.jpg&#8221; alt=&#8221;PPS&#8221; title_text=&#8221;PPS&#8221; _builder_version=&#8221;4.19.2&#8243; _module_preset=&#8221;default&#8221; hover_enabled=&#8221;0&#8243; global_colors_info=&#8221;{}&#8221; sticky_enabled=&#8221;0&#8243;][\/et_pb_image][\/et_pb_column][et_pb_column type=&#8221;1_4&#8243; _builder_version=&#8221;4.19.2&#8243; _module_preset=&#8221;default&#8221; global_colors_info=&#8221;{}&#8221;][\/et_pb_column][\/et_pb_row][\/et_pb_section]<\/p>\n","protected":false},"excerpt":{"rendered":"<p>Founded in 1947, the RADICI family group is now an integrated manufacturer of synthetic fibres and technical polymers. With 200k tonnes of production capacity and 39 sites around the world, including nine compounding units, RADICI HIGH PERFORMANCE POLYMERS is now a leader in polyamide production.PA RADILON\u00ae &#8211; More info RADISTRONG\u00ae &#8211; More info TORZEN\u00ae &#8211; [&hellip;]<\/p>\n","protected":false},"author":2,"featured_media":0,"parent":0,"menu_order":0,"comment_status":"closed","ping_status":"closed","template":"","meta":{"_et_pb_use_builder":"on","_et_pb_old_content":"[et_pb_section fb_built=\"1\" admin_label=\"section\" _builder_version=\"4.16\" global_colors_info=\"{}\"][et_pb_row admin_label=\"row\" _builder_version=\"4.16\" background_size=\"initial\" background_position=\"top_left\" background_repeat=\"repeat\" global_colors_info=\"{}\"][et_pb_column type=\"4_4\" _builder_version=\"4.16\" custom_padding=\"|||\" global_colors_info=\"{}\" custom_padding__hover=\"|||\"][et_pb_image src=\"https:\/\/www.fournierpolymers.com\/f2m\/wp-content\/uploads\/sites\/3\/2023\/01\/radici-300x165.jpg\" alt=\"Radici\" title_text=\"radici\" url=\"https:\/\/www.radicigroup.com\/en\" align=\"center\" _builder_version=\"4.19.2\" _module_preset=\"default\" global_colors_info=\"{}\"][\/et_pb_image][et_pb_divider show_divider=\"off\" _builder_version=\"4.19.2\" _module_preset=\"default\" global_colors_info=\"{}\"][\/et_pb_divider][et_pb_text _builder_version=\"4.19.2\" _module_preset=\"default\" global_colors_info=\"{}\"]<p>Cr\u00e9\u00e9 en 1947, le groupe familial RADICI est aujourd'hui un producteur int\u00e9gr\u00e9 de fibres synth\u00e9tiques et de polym\u00e8res techniques.<br \/>Dot\u00e9 d'une capacit\u00e9 de production de 200K tonnes, avec 39 sites dans le monde dont 9 unit\u00e9s de compoundage, RADICI HIGH PERFORMANCE POLYMERS est aujourd'hui un leader dans la production de polyamides.<\/p>[\/et_pb_text][\/et_pb_column][\/et_pb_row][et_pb_row column_structure=\"1_4,1_4,1_4,1_4\" _builder_version=\"4.19.2\" _module_preset=\"default\" hover_enabled=\"0\" global_colors_info=\"{}\" use_custom_gutter=\"on\" gutter_width=\"2\" sticky_enabled=\"0\"][et_pb_column type=\"1_4\" _builder_version=\"4.19.2\" _module_preset=\"default\" hover_enabled=\"0\" global_colors_info=\"{}\" box_shadow_style=\"preset3\" custom_padding=\"20px|20px|20px|20px|true|true\" sticky_enabled=\"0\" border_radii=\"on|10px|10px|10px|10px\" border_color_all=\"#FFFFFF\" box_shadow_color=\"rgba(0,0,0,0.15)\"][et_pb_text admin_label=\"PA\" _builder_version=\"4.19.2\" _module_preset=\"default\" global_colors_info=\"{}\" custom_margin=\"||27px|||\"]<h3>PA<\/h3>\r\n<p>RADILON\u00ae - <a href=\"https:\/\/www.radicigroup.com\/en\/products\/plastics\/pa6-pa66-pa6-10-pa6-12-radilon\">Plus d'infos<\/a><br \/>RADISTRONG\u00ae - <a href=\"https:\/\/www.radicigroup.com\/en\/products\/plastics\/metal-replacement-plastic-polyamide-6-6-radistrong\">Plus d'infos<\/a><br \/>TORZEN\u00ae - <a href=\"https:\/\/www.radicigroup.com\/en\/products\/plastics\/torzen\">Plus d'infos<\/a><\/p>[\/et_pb_text][et_pb_image src=\"https:\/\/www.fournierpolymers.com\/f2m\/wp-content\/uploads\/sites\/3\/2023\/01\/PA.jpg\" alt=\"PA\" title_text=\"PA\" _builder_version=\"4.19.2\" _module_preset=\"default\" global_colors_info=\"{}\"][\/et_pb_image][\/et_pb_column][et_pb_column type=\"1_4\" _builder_version=\"4.19.2\" _module_preset=\"default\" global_colors_info=\"{}\" box_shadow_style=\"preset3\" custom_padding=\"20px|20px|20px|20px|true|true\" border_radii=\"on|10px|10px|10px|10px\" box_shadow_color=\"rgba(0,0,0,0.15)\" border_color_all=\"#FFFFFF\"][et_pb_text admin_label=\"PA RECYCLES\" _builder_version=\"4.19.2\" _module_preset=\"default\" global_colors_info=\"{}\"]<h3>PA RECYCLES<\/h3>\r\n<p>RENYCLE\u00ae -\u00a0<a href=\"https:\/\/www.radicigroup.com\/en\/products\/plastics\/sustainable-engineering-polymers-renycle\">Plus d'infos<\/a><br \/>HERAMID\u00ae -\u00a0<a href=\"https:\/\/www.radicigroup.com\/en\/products\/plastics\/pa6-pa66-heramid\">Plus d'infos<\/a><\/p>[\/et_pb_text][et_pb_image src=\"https:\/\/www.fournierpolymers.com\/f2m\/wp-content\/uploads\/sites\/3\/2023\/01\/PA-recycles.jpg\" alt=\"PA RECYCLES\" title_text=\"PA-recycles\" _builder_version=\"4.19.2\" _module_preset=\"default\" global_colors_info=\"{}\"][\/et_pb_image][\/et_pb_column][et_pb_column type=\"1_4\" _builder_version=\"4.19.2\" _module_preset=\"default\" global_colors_info=\"{}\" box_shadow_style=\"preset3\" custom_padding=\"20px|20px|20px|20px|true|true\" border_radii=\"on|10px|10px|10px|10px\" box_shadow_color=\"rgba(0,0,0,0.15)\" border_color_all=\"#FFFFFF\"][et_pb_text admin_label=\"PA FR\" _builder_version=\"4.19.2\" _module_preset=\"default\" global_colors_info=\"{}\" custom_margin=\"||35px|||\"]<h3>PA FR<\/h3>\r\n<p>RADIFLAM\u00ae - <a href=\"https:\/\/www.radicigroup.com\/en\/products\/plastics\/flame-retardant-radiflam\">Plus d'infos<\/a><\/p>[\/et_pb_text][et_pb_image src=\"https:\/\/www.fournierpolymers.com\/f2m\/wp-content\/uploads\/sites\/3\/2023\/01\/PA-FR.jpg\" alt=\"PA FR\" title_text=\"PA-FR\" _builder_version=\"4.19.2\" _module_preset=\"default\" global_colors_info=\"{}\"][\/et_pb_image][\/et_pb_column][et_pb_column type=\"1_4\" _builder_version=\"4.19.2\" _module_preset=\"default\" global_colors_info=\"{}\" box_shadow_style=\"preset3\" custom_padding=\"20px|20px|20px|20px|true|true\" border_radii=\"on|10px|10px|10px|10px\" box_shadow_color=\"rgba(0,0,0,0.15)\" border_color_all=\"#FFFFFF\"][et_pb_text admin_label=\"TPE - SBS\/SEBS\" _builder_version=\"4.19.2\" _module_preset=\"default\" global_colors_info=\"{}\"]<h3>TPE - SBS\/SEBS<\/h3>\r\n<p>HERAFLEX\u00ae - <a href=\"https:\/\/www.radicigroup.com\/en\/products\/plastics\/thermoplastic-elastomers-heraflex\">Plus d'infos<\/a><\/p>[\/et_pb_text][et_pb_image src=\"https:\/\/www.fournierpolymers.com\/f2m\/wp-content\/uploads\/sites\/3\/2023\/01\/TPE.jpg\" alt=\"TPE - SBS\/SEBS\" title_text=\"TPE\" _builder_version=\"4.19.2\" _module_preset=\"default\" global_colors_info=\"{}\" custom_margin=\"35px|||||\"][\/et_pb_image][\/et_pb_column][\/et_pb_row][et_pb_row column_structure=\"1_4,1_4,1_4,1_4\" _builder_version=\"4.19.2\" _module_preset=\"default\" hover_enabled=\"0\" global_colors_info=\"{}\" sticky_enabled=\"0\" use_custom_gutter=\"on\" gutter_width=\"2\" custom_padding=\"0px|||||\"][et_pb_column type=\"1_4\" _builder_version=\"4.19.2\" _module_preset=\"default\" global_colors_info=\"{}\" box_shadow_style=\"preset3\" custom_padding=\"20px|20px|20px|20px|true|true\" border_radii=\"on|10px|10px|10px|10px\" box_shadow_color=\"rgba(0,0,0,0.15)\" border_color_all=\"#FFFFFF\"][et_pb_text admin_label=\"PBT\" _builder_version=\"4.19.2\" _module_preset=\"default\" global_colors_info=\"{}\"]<h3>PBT<\/h3>\r\n<p>RADITER\u00ae - <a href=\"https:\/\/www.radicigroup.com\/en\/products\/plastics\/polybutylene-terephthalate-raditer\">Plus d'infos<\/a><\/p>[\/et_pb_text][et_pb_image src=\"https:\/\/www.fournierpolymers.com\/f2m\/wp-content\/uploads\/sites\/3\/2023\/01\/PBT-1.jpg\" alt=\"PBT\" title_text=\"PBT\" _builder_version=\"4.19.2\" _module_preset=\"default\" global_colors_info=\"{}\"][\/et_pb_image][\/et_pb_column][et_pb_column type=\"1_4\" _builder_version=\"4.19.2\" _module_preset=\"default\" global_colors_info=\"{}\" box_shadow_style=\"preset3\" custom_padding=\"20px|20px|20px|20px|true|true\" border_radii=\"on|10px|10px|10px|10px\" box_shadow_color=\"rgba(0,0,0,0.15)\" border_color_all=\"#FFFFFF\"][et_pb_text admin_label=\"POM\" _builder_version=\"4.19.2\" _module_preset=\"default\" global_colors_info=\"{}\"]<h3>POM<\/h3>\r\n<p>HERAFORM\u00ae - <a href=\"https:\/\/www.radicigroup.com\/en\/products\/plastics\/polyacetal-copolymer-products-heraform\">Plus d'infos<\/a><\/p>[\/et_pb_text][et_pb_image src=\"https:\/\/www.fournierpolymers.com\/f2m\/wp-content\/uploads\/sites\/3\/2023\/01\/POM-1.jpg\" alt=\"POM\" title_text=\"POM\" _builder_version=\"4.19.2\" _module_preset=\"default\" global_colors_info=\"{}\"][\/et_pb_image][\/et_pb_column][et_pb_column type=\"1_4\" _builder_version=\"4.19.2\" _module_preset=\"default\" global_colors_info=\"{}\" box_shadow_style=\"preset3\" custom_padding=\"20px|20px|20px|20px|true|true\" border_radii=\"on|10px|10px|10px|10px\" box_shadow_color=\"rgba(0,0,0,0.15)\" border_color_all=\"#FFFFFF\"][et_pb_text admin_label=\"PPS\" _builder_version=\"4.19.2\" _module_preset=\"default\" global_colors_info=\"{}\"]<h3>PPS<\/h3>\r\n<p>RADITECK\u00ae - <a href=\"https:\/\/www.radicigroup.com\/en\/products\/plastics\/raditeck\">Plus d'infos<\/a><\/p>[\/et_pb_text][et_pb_image src=\"https:\/\/www.fournierpolymers.com\/f2m\/wp-content\/uploads\/sites\/3\/2023\/01\/PPS.jpg\" alt=\"PPS\" title_text=\"PPS\" _builder_version=\"4.19.2\" _module_preset=\"default\" global_colors_info=\"{}\"][\/et_pb_image][\/et_pb_column][et_pb_column type=\"1_4\" _builder_version=\"4.19.2\" _module_preset=\"default\" global_colors_info=\"{}\"][\/et_pb_column][\/et_pb_row][\/et_pb_section]","_et_gb_content_width":"","inline_featured_image":false,"footnotes":""},"class_list":["post-436","page","type-page","status-publish","hentry"],"yoast_head":"<!-- This site is optimized with the Yoast SEO plugin v27.2 - https:\/\/yoast.com\/product\/yoast-seo-wordpress\/ -->\n<title>Radici - Fournier Polymers - F2M<\/title>\n<meta name=\"robots\" content=\"index, follow, max-snippet:-1, max-image-preview:large, max-video-preview:-1\" \/>\n<link rel=\"canonical\" href=\"https:\/\/www.fournierpolymers.com\/f2m\/en\/radici\/\" \/>\n<meta property=\"og:locale\" content=\"en_GB\" \/>\n<meta property=\"og:type\" content=\"article\" \/>\n<meta property=\"og:title\" content=\"Radici - Fournier Polymers - F2M\" \/>\n<meta property=\"og:description\" content=\"Founded in 1947, the RADICI family group is now an integrated manufacturer of synthetic fibres and technical polymers. With 200k tonnes of production capacity and 39 sites around the world, including nine compounding units, RADICI HIGH PERFORMANCE POLYMERS is now a leader in polyamide production.PA RADILON\u00ae - More info RADISTRONG\u00ae - More info TORZEN\u00ae - [&hellip;]\" \/>\n<meta property=\"og:url\" content=\"https:\/\/www.fournierpolymers.com\/f2m\/en\/radici\/\" \/>\n<meta property=\"og:site_name\" content=\"Fournier Polymers - F2M\" \/>\n<meta property=\"article:modified_time\" content=\"2023-01-16T09:47:37+00:00\" \/>\n<meta name=\"twitter:card\" content=\"summary_large_image\" \/>\n<meta name=\"twitter:label1\" content=\"Estimated reading time\" \/>\n\t<meta name=\"twitter:data1\" content=\"5 minutes\" \/>\n<script type=\"application\/ld+json\" class=\"yoast-schema-graph\">{\"@context\":\"https:\/\/schema.org\",\"@graph\":[{\"@type\":\"WebPage\",\"@id\":\"https:\/\/www.fournierpolymers.com\/f2m\/en\/radici\/\",\"url\":\"https:\/\/www.fournierpolymers.com\/f2m\/en\/radici\/\",\"name\":\"Radici - Fournier Polymers - F2M\",\"isPartOf\":{\"@id\":\"https:\/\/www.fournierpolymers.com\/f2m\/#website\"},\"datePublished\":\"2023-01-13T14:49:10+00:00\",\"dateModified\":\"2023-01-16T09:47:37+00:00\",\"breadcrumb\":{\"@id\":\"https:\/\/www.fournierpolymers.com\/f2m\/en\/radici\/#breadcrumb\"},\"inLanguage\":\"en-GB\",\"potentialAction\":[{\"@type\":\"ReadAction\",\"target\":[\"https:\/\/www.fournierpolymers.com\/f2m\/en\/radici\/\"]}]},{\"@type\":\"BreadcrumbList\",\"@id\":\"https:\/\/www.fournierpolymers.com\/f2m\/en\/radici\/#breadcrumb\",\"itemListElement\":[{\"@type\":\"ListItem\",\"position\":1,\"name\":\"Home\",\"item\":\"https:\/\/www.fournierpolymers.com\/f2m\/en\/home\/\"},{\"@type\":\"ListItem\",\"position\":2,\"name\":\"Radici\"}]},{\"@type\":\"WebSite\",\"@id\":\"https:\/\/www.fournierpolymers.com\/f2m\/#website\",\"url\":\"https:\/\/www.fournierpolymers.com\/f2m\/\",\"name\":\"Fournier Polymers - F2M\",\"description\":\"\",\"potentialAction\":[{\"@type\":\"SearchAction\",\"target\":{\"@type\":\"EntryPoint\",\"urlTemplate\":\"https:\/\/www.fournierpolymers.com\/f2m\/?s={search_term_string}\"},\"query-input\":{\"@type\":\"PropertyValueSpecification\",\"valueRequired\":true,\"valueName\":\"search_term_string\"}}],\"inLanguage\":\"en-GB\"}]}<\/script>\n<!-- \/ Yoast SEO plugin. -->","yoast_head_json":{"title":"Radici - Fournier Polymers - F2M","robots":{"index":"index","follow":"follow","max-snippet":"max-snippet:-1","max-image-preview":"max-image-preview:large","max-video-preview":"max-video-preview:-1"},"canonical":"https:\/\/www.fournierpolymers.com\/f2m\/en\/radici\/","og_locale":"en_GB","og_type":"article","og_title":"Radici - Fournier Polymers - F2M","og_description":"Founded in 1947, the RADICI family group is now an integrated manufacturer of synthetic fibres and technical polymers. With 200k tonnes of production capacity and 39 sites around the world, including nine compounding units, RADICI HIGH PERFORMANCE POLYMERS is now a leader in polyamide production.PA RADILON\u00ae - More info RADISTRONG\u00ae - More info TORZEN\u00ae - [&hellip;]","og_url":"https:\/\/www.fournierpolymers.com\/f2m\/en\/radici\/","og_site_name":"Fournier Polymers - F2M","article_modified_time":"2023-01-16T09:47:37+00:00","twitter_card":"summary_large_image","twitter_misc":{"Estimated reading time":"5 minutes"},"schema":{"@context":"https:\/\/schema.org","@graph":[{"@type":"WebPage","@id":"https:\/\/www.fournierpolymers.com\/f2m\/en\/radici\/","url":"https:\/\/www.fournierpolymers.com\/f2m\/en\/radici\/","name":"Radici - Fournier Polymers - F2M","isPartOf":{"@id":"https:\/\/www.fournierpolymers.com\/f2m\/#website"},"datePublished":"2023-01-13T14:49:10+00:00","dateModified":"2023-01-16T09:47:37+00:00","breadcrumb":{"@id":"https:\/\/www.fournierpolymers.com\/f2m\/en\/radici\/#breadcrumb"},"inLanguage":"en-GB","potentialAction":[{"@type":"ReadAction","target":["https:\/\/www.fournierpolymers.com\/f2m\/en\/radici\/"]}]},{"@type":"BreadcrumbList","@id":"https:\/\/www.fournierpolymers.com\/f2m\/en\/radici\/#breadcrumb","itemListElement":[{"@type":"ListItem","position":1,"name":"Home","item":"https:\/\/www.fournierpolymers.com\/f2m\/en\/home\/"},{"@type":"ListItem","position":2,"name":"Radici"}]},{"@type":"WebSite","@id":"https:\/\/www.fournierpolymers.com\/f2m\/#website","url":"https:\/\/www.fournierpolymers.com\/f2m\/","name":"Fournier Polymers - F2M","description":"","potentialAction":[{"@type":"SearchAction","target":{"@type":"EntryPoint","urlTemplate":"https:\/\/www.fournierpolymers.com\/f2m\/?s={search_term_string}"},"query-input":{"@type":"PropertyValueSpecification","valueRequired":true,"valueName":"search_term_string"}}],"inLanguage":"en-GB"}]}},"_links":{"self":[{"href":"https:\/\/www.fournierpolymers.com\/f2m\/wp-json\/wp\/v2\/pages\/436","targetHints":{"allow":["GET"]}}],"collection":[{"href":"https:\/\/www.fournierpolymers.com\/f2m\/wp-json\/wp\/v2\/pages"}],"about":[{"href":"https:\/\/www.fournierpolymers.com\/f2m\/wp-json\/wp\/v2\/types\/page"}],"author":[{"embeddable":true,"href":"https:\/\/www.fournierpolymers.com\/f2m\/wp-json\/wp\/v2\/users\/2"}],"replies":[{"embeddable":true,"href":"https:\/\/www.fournierpolymers.com\/f2m\/wp-json\/wp\/v2\/comments?post=436"}],"version-history":[{"count":4,"href":"https:\/\/www.fournierpolymers.com\/f2m\/wp-json\/wp\/v2\/pages\/436\/revisions"}],"predecessor-version":[{"id":481,"href":"https:\/\/www.fournierpolymers.com\/f2m\/wp-json\/wp\/v2\/pages\/436\/revisions\/481"}],"wp:attachment":[{"href":"https:\/\/www.fournierpolymers.com\/f2m\/wp-json\/wp\/v2\/media?parent=436"}],"curies":[{"name":"wp","href":"https:\/\/api.w.org\/{rel}","templated":true}]}}