{"id":42,"date":"2023-01-02T15:41:26","date_gmt":"2023-01-02T14:41:26","guid":{"rendered":"https:\/\/www.fournierpolymers.com\/f2m\/?page_id=42"},"modified":"2026-02-13T17:00:07","modified_gmt":"2026-02-13T16:00:07","slug":"qui-sommes-nous","status":"publish","type":"page","link":"https:\/\/www.fournierpolymers.com\/f2m\/qui-sommes-nous\/","title":{"rendered":"Qui sommes-nous ?"},"content":{"rendered":"<p>[et_pb_section fb_built=&#8221;1&#8243; admin_label=&#8221;section&#8221; _builder_version=&#8221;4.16&#8243; global_colors_info=&#8221;{}&#8221;][et_pb_row admin_label=&#8221;row&#8221; _builder_version=&#8221;4.16&#8243; background_size=&#8221;initial&#8221; background_position=&#8221;top_left&#8221; background_repeat=&#8221;repeat&#8221; global_colors_info=&#8221;{}&#8221;][et_pb_column type=&#8221;4_4&#8243; _builder_version=&#8221;4.16&#8243; custom_padding=&#8221;|||&#8221; global_colors_info=&#8221;{}&#8221; custom_padding__hover=&#8221;|||&#8221;][et_pb_text admin_label=&#8221;Qui sommes-nous ?&#8221; _builder_version=&#8221;4.19.2&#8243; _module_preset=&#8221;154eb95a-e003-46e5-b213-24ad360a5594&#8243; header_font=&#8221;Jost||||||||&#8221; header_font_size=&#8221;36px&#8221; header_2_text_color=&#8221;#002654&#8243; custom_margin=&#8221;||3px|||&#8221; global_colors_info=&#8221;{}&#8221;]<\/p>\n<h1>Qui sommes-nous ?<\/h1>\n<p>[\/et_pb_text][\/et_pb_column][\/et_pb_row][et_pb_row _builder_version=&#8221;4.19.2&#8243; _module_preset=&#8221;default&#8221; global_colors_info=&#8221;{}&#8221;][et_pb_column type=&#8221;4_4&#8243; _builder_version=&#8221;4.19.2&#8243; _module_preset=&#8221;default&#8221; global_colors_info=&#8221;{}&#8221;][et_pb_text admin_label=&#8221;F2M Group, filiale du Groupe FOURNIER, &#8230;&#8221; _builder_version=&#8221;4.19.2&#8243; _module_preset=&#8221;default&#8221; text_text_color=&#8221;#002654&#8243; text_orientation=&#8221;center&#8221; global_colors_info=&#8221;{}&#8221;]<\/p>\n<p>Le groupe F2M offre une pr\u00e9sence permanente au Maghreb \u00e0 travers ses 4 filiales au Maroc et en Tunisie :<br \/>&#8211; F2M Maroc : MDP &#8211; F2M Plastics<br \/>&#8211; F2M Tunisie : EMSD &#8211; SEMP<\/p>\n<p>[\/et_pb_text][et_pb_image src=&#8221;https:\/\/www.fournierpolymers.com\/f2m\/wp-content\/uploads\/sites\/3\/2023\/01\/Group-401.svg&#8221; alt=&#8221;Chronologie Fournier polymer&#8221; title_text=&#8221;Group 401&#8243; align=&#8221;center&#8221; _builder_version=&#8221;4.19.2&#8243; _module_preset=&#8221;default&#8221; max_width=&#8221;69%&#8221; max_width_tablet=&#8221;100%&#8221; max_width_phone=&#8221;100%&#8221; max_width_last_edited=&#8221;on|tablet&#8221; custom_margin=&#8221;||24px|||&#8221; global_colors_info=&#8221;{}&#8221;][\/et_pb_image][\/et_pb_column][\/et_pb_row][et_pb_row admin_label=&#8221;Ligne&#8221; _builder_version=&#8221;4.19.2&#8243; _module_preset=&#8221;default&#8221; custom_padding=&#8221;||1px|||&#8221; global_colors_info=&#8221;{}&#8221;][et_pb_column type=&#8221;4_4&#8243; _builder_version=&#8221;4.19.2&#8243; _module_preset=&#8221;default&#8221; global_colors_info=&#8221;{}&#8221;][et_pb_text admin_label=&#8221;Branches d\u2019activit\u00e9s dans la distribution&#8221; _builder_version=&#8221;4.19.2&#8243; _module_preset=&#8221;154eb95a-e003-46e5-b213-24ad360a5594&#8243; custom_css_after=&#8221;content:%22%22;||position:absolute;||height:3px;||width:70px;||background:#CE1225;||left:50%;||transform:translateX(-50%);||bottom:-8px;&#8221; global_colors_info=&#8221;{}&#8221;]<\/p>\n<h2>Branches d\u2019activit\u00e9s dans la distribution<\/h2>\n<p>[\/et_pb_text][\/et_pb_column][\/et_pb_row][et_pb_row column_structure=&#8221;1_2,1_2&#8243; _builder_version=&#8221;4.19.2&#8243; _module_preset=&#8221;default&#8221; custom_padding=&#8221;||16px|||&#8221; global_colors_info=&#8221;{}&#8221;][et_pb_column type=&#8221;1_2&#8243; _builder_version=&#8221;4.19.2&#8243; _module_preset=&#8221;default&#8221; global_colors_info=&#8221;{}&#8221;][et_pb_image src=&#8221;https:\/\/www.fournierpolymers.com\/europe\/wp-content\/uploads\/sites\/2\/2022\/12\/polymeres-1.jpg&#8221; alt=&#8221;Polym\u00e8res&#8221; title_text=&#8221;Polym\u00e8res&#8221; align=&#8221;center&#8221; _builder_version=&#8221;4.19.2&#8243; _module_preset=&#8221;default&#8221; border_radii=&#8221;on|8px|8px|8px|8px&#8221; box_shadow_style=&#8221;preset3&#8243; global_colors_info=&#8221;{}&#8221;][\/et_pb_image][et_pb_text admin_label=&#8221;Polym\u00e8res&#8221; _builder_version=&#8221;4.19.2&#8243; _module_preset=&#8221;default&#8221; header_text_align=&#8221;left&#8221; header_2_font=&#8221;||||||||&#8221; header_2_text_align=&#8221;center&#8221; header_2_text_color=&#8221;#002654&#8243; header_3_text_align=&#8221;center&#8221; header_3_text_color=&#8221;#002654&#8243; positioning=&#8221;relative&#8221; custom_margin=&#8221;||15px|||&#8221; custom_css_after=&#8221;content:%22%22;||position:absolute;||height:2px;||width:50px;||background:#CE1225;||left:50%;||transform:translateX(-50%);||top:-16px;&#8221; global_colors_info=&#8221;{}&#8221;]<\/p>\n<h3>Polym\u00e8res<\/h3>\n<p>[\/et_pb_text][\/et_pb_column][et_pb_column type=&#8221;1_2&#8243; _builder_version=&#8221;4.19.2&#8243; _module_preset=&#8221;default&#8221; global_colors_info=&#8221;{}&#8221;][et_pb_image src=&#8221;https:\/\/www.fournierpolymers.com\/f2m\/wp-content\/uploads\/sites\/3\/2023\/01\/composites.jpg&#8221; alt=&#8221;Composites&#8221; title_text=&#8221;Composites&#8221; align=&#8221;center&#8221; _builder_version=&#8221;4.19.2&#8243; _module_preset=&#8221;default&#8221; border_radii=&#8221;on|8px|8px|8px|8px&#8221; box_shadow_style=&#8221;preset3&#8243; global_colors_info=&#8221;{}&#8221;][\/et_pb_image][et_pb_text admin_label=&#8221;Composites&#8221; _builder_version=&#8221;4.19.2&#8243; _module_preset=&#8221;default&#8221; header_text_align=&#8221;left&#8221; header_2_font=&#8221;||||||||&#8221; header_2_text_align=&#8221;center&#8221; header_2_text_color=&#8221;#002654&#8243; header_3_text_align=&#8221;center&#8221; header_3_text_color=&#8221;#002654&#8243; positioning=&#8221;relative&#8221; custom_margin=&#8221;||15px|||&#8221; custom_css_after=&#8221;content:%22%22;||position:absolute;||height:2px;||width:50px;||background:#CE1225;||left:50%;||transform:translateX(-50%);||top:-16px;&#8221; global_colors_info=&#8221;{}&#8221;]<\/p>\n<h3>Composites<\/h3>\n<p>[\/et_pb_text][\/et_pb_column][\/et_pb_row][et_pb_row admin_label=&#8221;Ligne&#8221; _builder_version=&#8221;4.19.2&#8243; _module_preset=&#8221;default&#8221; custom_padding=&#8221;||1px|||&#8221; global_colors_info=&#8221;{}&#8221;][et_pb_column type=&#8221;4_4&#8243; _builder_version=&#8221;4.19.2&#8243; _module_preset=&#8221;default&#8221; global_colors_info=&#8221;{}&#8221;][et_pb_text admin_label=&#8221;F2M en chiffres&#8221; _builder_version=&#8221;4.19.2&#8243; _module_preset=&#8221;154eb95a-e003-46e5-b213-24ad360a5594&#8243; custom_css_after=&#8221;content:%22%22;||position:absolute;||height:3px;||width:70px;||background:#CE1225;||left:50%;||transform:translateX(-50%);||bottom:-8px;&#8221; global_colors_info=&#8221;{}&#8221;]<\/p>\n<h2>F2M en chiffres<\/h2>\n<p>[\/et_pb_text][\/et_pb_column][\/et_pb_row][et_pb_row column_structure=&#8221;1_5,1_5,1_5,1_5,1_5&#8243; _builder_version=&#8221;4.19.2&#8243; _module_preset=&#8221;default&#8221; global_colors_info=&#8221;{}&#8221;][et_pb_column type=&#8221;1_5&#8243; _builder_version=&#8221;4.19.2&#8243; _module_preset=&#8221;default&#8221; global_colors_info=&#8221;{}&#8221;][et_pb_image src=&#8221;https:\/\/www.fournierpolymers.com\/europe\/wp-content\/uploads\/sites\/2\/2022\/12\/Group-403.svg&#8221; alt=&#8221;Filiales F2M&#8221; title_text=&#8221;Filiales F2M&#8221; align=&#8221;center&#8221; _builder_version=&#8221;4.19.2&#8243; _module_preset=&#8221;default&#8221; global_colors_info=&#8221;{}&#8221;][\/et_pb_image][et_pb_text _builder_version=&#8221;4.19.2&#8243; _module_preset=&#8221;default&#8221; text_font=&#8221;||||||||&#8221; text_text_color=&#8221;#CE1225&#8243; text_font_size=&#8221;46px&#8221; text_orientation=&#8221;center&#8221; custom_margin=&#8221;-14px||13px||false|false&#8221; global_colors_info=&#8221;{}&#8221;]<\/p>\n<p><span class=\"animated-number\">4<\/span><\/p>\n<p>[\/et_pb_text][et_pb_text admin_label=&#8221;Filiales&#8221; _builder_version=&#8221;4.19.2&#8243; _module_preset=&#8221;default&#8221; text_font=&#8221;|600|||||||&#8221; text_text_color=&#8221;#002654&#8243; text_font_size=&#8221;16px&#8221; text_orientation=&#8221;center&#8221; global_colors_info=&#8221;{}&#8221;]<\/p>\n<p>Filiales<\/p>\n<p>[\/et_pb_text][\/et_pb_column][et_pb_column type=&#8221;1_5&#8243; _builder_version=&#8221;4.19.2&#8243; _module_preset=&#8221;default&#8221; global_colors_info=&#8221;{}&#8221;][et_pb_image src=&#8221;https:\/\/www.fournierpolymers.com\/europe\/wp-content\/uploads\/sites\/2\/2022\/12\/Group-404.svg&#8221; alt=&#8221;Employ\u00e9s F2M&#8221; title_text=&#8221;Employ\u00e9s F2M&#8221; align=&#8221;center&#8221; _builder_version=&#8221;4.19.2&#8243; _module_preset=&#8221;default&#8221; global_colors_info=&#8221;{}&#8221;][\/et_pb_image][et_pb_text _builder_version=&#8221;4.19.2&#8243; _module_preset=&#8221;default&#8221; text_font=&#8221;||||||||&#8221; text_text_color=&#8221;#CE1225&#8243; text_font_size=&#8221;46px&#8221; text_orientation=&#8221;center&#8221; custom_margin=&#8221;-14px||13px||false|false&#8221; global_colors_info=&#8221;{}&#8221;]<span class=\"animated-number\">30<\/span>[\/et_pb_text][et_pb_text admin_label=&#8221;Employ\u00e9s&#8221; _builder_version=&#8221;4.19.2&#8243; _module_preset=&#8221;default&#8221; text_font=&#8221;|600|||||||&#8221; text_text_color=&#8221;#002654&#8243; text_font_size=&#8221;16px&#8221; text_orientation=&#8221;center&#8221; global_colors_info=&#8221;{}&#8221;]<\/p>\n<p>Employ\u00e9s<\/p>\n<p>[\/et_pb_text][\/et_pb_column][et_pb_column type=&#8221;1_5&#8243; _builder_version=&#8221;4.19.2&#8243; _module_preset=&#8221;default&#8221; global_colors_info=&#8221;{}&#8221;][et_pb_image src=&#8221;https:\/\/www.fournierpolymers.com\/europe\/wp-content\/uploads\/sites\/2\/2022\/12\/Group-405.svg&#8221; alt=&#8221;D\u00e9p\u00f4ts F2M&#8221; title_text=&#8221;D\u00e9p\u00f4ts F2M&#8221; align=&#8221;center&#8221; _builder_version=&#8221;4.19.2&#8243; _module_preset=&#8221;default&#8221; global_colors_info=&#8221;{}&#8221;][\/et_pb_image][et_pb_text _builder_version=&#8221;4.19.2&#8243; _module_preset=&#8221;default&#8221; text_font=&#8221;||||||||&#8221; text_text_color=&#8221;#CE1225&#8243; text_font_size=&#8221;46px&#8221; text_orientation=&#8221;center&#8221; custom_margin=&#8221;-14px||13px||false|false&#8221; global_colors_info=&#8221;{}&#8221;]<span class=\"animated-number\">4<\/span>[\/et_pb_text][et_pb_text admin_label=&#8221;D\u00e9p\u00f4ts&#8221; _builder_version=&#8221;4.19.2&#8243; _module_preset=&#8221;default&#8221; text_font=&#8221;|600|||||||&#8221; text_text_color=&#8221;#002654&#8243; text_font_size=&#8221;16px&#8221; text_orientation=&#8221;center&#8221; custom_padding=&#8221;||1px|||&#8221; global_colors_info=&#8221;{}&#8221;]<\/p>\n<p>D\u00e9p\u00f4ts<\/p>\n<p>[\/et_pb_text][\/et_pb_column][et_pb_column type=&#8221;1_5&#8243; _builder_version=&#8221;4.19.2&#8243; _module_preset=&#8221;default&#8221; global_colors_info=&#8221;{}&#8221;][et_pb_image src=&#8221;https:\/\/www.fournierpolymers.com\/europe\/wp-content\/uploads\/sites\/2\/2022\/12\/Group-406.svg&#8221; alt=&#8221;Clients F2M&#8221; title_text=&#8221;Clients F2M&#8221; align=&#8221;center&#8221; _builder_version=&#8221;4.19.2&#8243; _module_preset=&#8221;default&#8221; global_colors_info=&#8221;{}&#8221;][\/et_pb_image][et_pb_text _builder_version=&#8221;4.19.2&#8243; _module_preset=&#8221;default&#8221; text_font=&#8221;||||||||&#8221; text_text_color=&#8221;#CE1225&#8243; text_font_size=&#8221;46px&#8221; text_orientation=&#8221;center&#8221; custom_margin=&#8221;-14px||13px||false|false&#8221; global_colors_info=&#8221;{}&#8221;]+<span class=\"animated-number\">150<\/span>[\/et_pb_text][et_pb_text admin_label=&#8221;Clients&#8221; _builder_version=&#8221;4.19.2&#8243; _module_preset=&#8221;default&#8221; text_font=&#8221;|600|||||||&#8221; text_text_color=&#8221;#002654&#8243; text_font_size=&#8221;16px&#8221; text_orientation=&#8221;center&#8221; global_colors_info=&#8221;{}&#8221;]<\/p>\n<p>Clients<\/p>\n<p>[\/et_pb_text][\/et_pb_column][et_pb_column type=&#8221;1_5&#8243; _builder_version=&#8221;4.19.2&#8243; _module_preset=&#8221;default&#8221; global_colors_info=&#8221;{}&#8221;][et_pb_image src=&#8221;https:\/\/www.fournierpolymers.com\/europe\/wp-content\/uploads\/sites\/2\/2022\/12\/Group-407.svg&#8221; alt=&#8221;Ventes F2M&#8221; title_text=&#8221;Ventes F2M&#8221; align=&#8221;center&#8221; _builder_version=&#8221;4.19.2&#8243; _module_preset=&#8221;default&#8221; global_colors_info=&#8221;{}&#8221;][\/et_pb_image][et_pb_text _builder_version=&#8221;4.19.2&#8243; _module_preset=&#8221;default&#8221; text_font=&#8221;||||||||&#8221; text_text_color=&#8221;#CE1225&#8243; text_font_size=&#8221;46px&#8221; text_orientation=&#8221;center&#8221; custom_margin=&#8221;-14px||13px||false|false&#8221; global_colors_info=&#8221;{}&#8221;]+<span class=\"animated-number\">34 Kt<\/span>[\/et_pb_text][et_pb_text admin_label=&#8221;De mati\u00e8res vendues&#8221; _builder_version=&#8221;4.19.2&#8243; _module_preset=&#8221;default&#8221; text_font=&#8221;|600|||||||&#8221; text_text_color=&#8221;#002654&#8243; text_font_size=&#8221;16px&#8221; text_orientation=&#8221;center&#8221; global_colors_info=&#8221;{}&#8221;]<\/p>\n<p>De mati\u00e8res vendues<\/p>\n<p>[\/et_pb_text][\/et_pb_column][\/et_pb_row][et_pb_row _builder_version=&#8221;4.19.2&#8243; _module_preset=&#8221;default&#8221; custom_padding=&#8221;||1px|||&#8221; global_colors_info=&#8221;{}&#8221;][et_pb_column type=&#8221;4_4&#8243; _builder_version=&#8221;4.19.2&#8243; _module_preset=&#8221;default&#8221; global_colors_info=&#8221;{}&#8221;][et_pb_text admin_label=&#8221;Organigramme&#8221; _builder_version=&#8221;4.19.2&#8243; _module_preset=&#8221;154eb95a-e003-46e5-b213-24ad360a5594&#8243; custom_css_after=&#8221;content:%22%22;||position:absolute;||height:3px;||width:70px;||background:#CE1225;||left:50%;||transform:translateX(-50%);||bottom:-8px;&#8221; global_colors_info=&#8221;{}&#8221;]<\/p>\n<h2>Organigramme<\/h2>\n<p>[\/et_pb_text][et_pb_image src=&#8221;https:\/\/www.fournierpolymers.com\/f2m\/wp-content\/uploads\/sites\/3\/2026\/02\/organigramme-F2M-.jpg&#8221; alt=&#8221;Organigramme F2M&#8221; title_text=&#8221;organigramme-F2M-&#8221; align=&#8221;center&#8221; _builder_version=&#8221;4.19.2&#8243; _module_preset=&#8221;default&#8221; max_width=&#8221;67%&#8221; max_width_tablet=&#8221;100%&#8221; max_width_phone=&#8221;100%&#8221; max_width_last_edited=&#8221;on|tablet&#8221; custom_margin=&#8221;|||198px||&#8221; custom_margin_tablet=&#8221;|||0px|false|false&#8221; custom_margin_phone=&#8221;|||0px|false|false&#8221; custom_margin_last_edited=&#8221;on|tablet&#8221; hover_enabled=&#8221;0&#8243; global_colors_info=&#8221;{}&#8221; sticky_enabled=&#8221;0&#8243;][\/et_pb_image][et_pb_text admin_label=&#8221;Organisation&#8221; _builder_version=&#8221;4.19.2&#8243; _module_preset=&#8221;154eb95a-e003-46e5-b213-24ad360a5594&#8243; custom_css_after=&#8221;content:%22%22;||position:absolute;||height:3px;||width:70px;||background:#CE1225;||left:50%;||transform:translateX(-50%);||bottom:-8px;&#8221; global_colors_info=&#8221;{}&#8221;]<\/p>\n<h2>Organisation<\/h2>\n<p>[\/et_pb_text][et_pb_text admin_label=&#8221;Le groupe F2M au travers de ses 5 filiales dispose&#8230;&#8221; _builder_version=&#8221;4.19.2&#8243; _module_preset=&#8221;default&#8221; global_colors_info=&#8221;{}&#8221;]<\/p>\n<p>Le groupe F2M au travers de ses 4 filiales dispose d\u2019un \u00e9quipe commerciale, d\u00e9p\u00f4ts de stockage (notamment d\u00e9p\u00f4ts sous-douanes pour le Maroc), un service logisitique pour chaque pays.<\/p>\n<p>Les \u00e9quipes locales sont soutenues par les services sp\u00e9cialis\u00e9s import\/export et technique de FOURNIER POLYMERS France.<\/p>\n<p>F2M a acquis la confiance de grands groupes p\u00e9trochimiques internationaux, et est devenu le distributeur officiel des polym\u00e8res SABIC\u00ae ( Lexan\u2122, Valox\u2122, Cycolac\u2122, Cycoloy\u2122\u2026), EXXONMOBIL\u2122 (Exxtral\u2122), RADICIGROUP High Performance Polymers (RADILON\u00ae, RADIFLAM\u00ae, RADITER\u00ae, RADILENE\u00ae) Plastiverd, sur l\u2019Afrique du Nord.<\/p>\n<p>[\/et_pb_text][et_pb_image src=&#8221;https:\/\/www.fournierpolymers.com\/f2m\/wp-content\/uploads\/sites\/3\/2023\/01\/organisation.jpg&#8221; alt=&#8221;Organisation F2M&#8221; title_text=&#8221;Organisation F2M&#8221; _builder_version=&#8221;4.19.2&#8243; _module_preset=&#8221;default&#8221; global_colors_info=&#8221;{}&#8221;][\/et_pb_image][\/et_pb_column][\/et_pb_row][\/et_pb_section]<\/p>\n","protected":false},"excerpt":{"rendered":"<p>Qui sommes-nous ?Le groupe F2M offre une pr\u00e9sence permanente au Maghreb \u00e0 travers ses 4 filiales au Maroc et en Tunisie :- F2M Maroc : MDP &#8211; F2M Plastics- F2M Tunisie : EMSD &#8211; SEMPBranches d\u2019activit\u00e9s dans la distributionPolym\u00e8resCompositesF2M en chiffres4Filiales30Employ\u00e9s4D\u00e9p\u00f4ts+150Clients+34 KtDe mati\u00e8res venduesOrganigrammeOrganisationLe groupe F2M au travers de ses 4 filiales dispose d\u2019un \u00e9quipe [&hellip;]<\/p>\n","protected":false},"author":1,"featured_media":0,"parent":0,"menu_order":0,"comment_status":"closed","ping_status":"closed","template":"","meta":{"_et_pb_use_builder":"on","_et_pb_old_content":"","_et_gb_content_width":"","inline_featured_image":false,"footnotes":""},"class_list":["post-42","page","type-page","status-publish","hentry"],"yoast_head":"<!-- This site is optimized with the Yoast SEO plugin v27.2 - https:\/\/yoast.com\/product\/yoast-seo-wordpress\/ -->\n<title>Qui sommes-nous ? - Fournier Polymers - F2M<\/title>\n<meta name=\"robots\" content=\"index, follow, max-snippet:-1, max-image-preview:large, max-video-preview:-1\" \/>\n<link rel=\"canonical\" href=\"https:\/\/www.fournierpolymers.com\/f2m\/qui-sommes-nous\/\" \/>\n<meta property=\"og:locale\" content=\"en_GB\" \/>\n<meta property=\"og:type\" content=\"article\" \/>\n<meta property=\"og:title\" content=\"Qui sommes-nous ? - Fournier Polymers - F2M\" \/>\n<meta property=\"og:description\" content=\"Qui sommes-nous ?Le groupe F2M offre une pr\u00e9sence permanente au Maghreb \u00e0 travers ses 4 filiales au Maroc et en Tunisie :- F2M Maroc : MDP - F2M Plastics- F2M Tunisie : EMSD - SEMPBranches d\u2019activit\u00e9s dans la distributionPolym\u00e8resCompositesF2M en chiffres4Filiales30Employ\u00e9s4D\u00e9p\u00f4ts+150Clients+34 KtDe mati\u00e8res venduesOrganigrammeOrganisationLe groupe F2M au travers de ses 4 filiales dispose d\u2019un \u00e9quipe [&hellip;]\" \/>\n<meta property=\"og:url\" content=\"https:\/\/www.fournierpolymers.com\/f2m\/qui-sommes-nous\/\" \/>\n<meta property=\"og:site_name\" content=\"Fournier Polymers - F2M\" \/>\n<meta property=\"article:modified_time\" content=\"2026-02-13T16:00:07+00:00\" \/>\n<meta name=\"twitter:card\" content=\"summary_large_image\" \/>\n<meta name=\"twitter:label1\" content=\"Estimated reading time\" \/>\n\t<meta name=\"twitter:data1\" content=\"8 minutes\" \/>\n<script type=\"application\/ld+json\" class=\"yoast-schema-graph\">{\"@context\":\"https:\/\/schema.org\",\"@graph\":[{\"@type\":\"WebPage\",\"@id\":\"https:\/\/www.fournierpolymers.com\/f2m\/qui-sommes-nous\/\",\"url\":\"https:\/\/www.fournierpolymers.com\/f2m\/qui-sommes-nous\/\",\"name\":\"Qui sommes-nous ? - Fournier Polymers - F2M\",\"isPartOf\":{\"@id\":\"https:\/\/www.fournierpolymers.com\/f2m\/#website\"},\"datePublished\":\"2023-01-02T14:41:26+00:00\",\"dateModified\":\"2026-02-13T16:00:07+00:00\",\"breadcrumb\":{\"@id\":\"https:\/\/www.fournierpolymers.com\/f2m\/qui-sommes-nous\/#breadcrumb\"},\"inLanguage\":\"en-GB\",\"potentialAction\":[{\"@type\":\"ReadAction\",\"target\":[\"https:\/\/www.fournierpolymers.com\/f2m\/qui-sommes-nous\/\"]}]},{\"@type\":\"BreadcrumbList\",\"@id\":\"https:\/\/www.fournierpolymers.com\/f2m\/qui-sommes-nous\/#breadcrumb\",\"itemListElement\":[{\"@type\":\"ListItem\",\"position\":1,\"name\":\"Home\",\"item\":\"https:\/\/www.fournierpolymers.com\/f2m\/en\/home\/\"},{\"@type\":\"ListItem\",\"position\":2,\"name\":\"Qui sommes-nous ?\"}]},{\"@type\":\"WebSite\",\"@id\":\"https:\/\/www.fournierpolymers.com\/f2m\/#website\",\"url\":\"https:\/\/www.fournierpolymers.com\/f2m\/\",\"name\":\"Fournier Polymers - F2M\",\"description\":\"\",\"potentialAction\":[{\"@type\":\"SearchAction\",\"target\":{\"@type\":\"EntryPoint\",\"urlTemplate\":\"https:\/\/www.fournierpolymers.com\/f2m\/?s={search_term_string}\"},\"query-input\":{\"@type\":\"PropertyValueSpecification\",\"valueRequired\":true,\"valueName\":\"search_term_string\"}}],\"inLanguage\":\"en-GB\"}]}<\/script>\n<!-- \/ Yoast SEO plugin. -->","yoast_head_json":{"title":"Qui sommes-nous ? - Fournier Polymers - F2M","robots":{"index":"index","follow":"follow","max-snippet":"max-snippet:-1","max-image-preview":"max-image-preview:large","max-video-preview":"max-video-preview:-1"},"canonical":"https:\/\/www.fournierpolymers.com\/f2m\/qui-sommes-nous\/","og_locale":"en_GB","og_type":"article","og_title":"Qui sommes-nous ? - Fournier Polymers - F2M","og_description":"Qui sommes-nous ?Le groupe F2M offre une pr\u00e9sence permanente au Maghreb \u00e0 travers ses 4 filiales au Maroc et en Tunisie :- F2M Maroc : MDP - F2M Plastics- F2M Tunisie : EMSD - SEMPBranches d\u2019activit\u00e9s dans la distributionPolym\u00e8resCompositesF2M en chiffres4Filiales30Employ\u00e9s4D\u00e9p\u00f4ts+150Clients+34 KtDe mati\u00e8res venduesOrganigrammeOrganisationLe groupe F2M au travers de ses 4 filiales dispose d\u2019un \u00e9quipe [&hellip;]","og_url":"https:\/\/www.fournierpolymers.com\/f2m\/qui-sommes-nous\/","og_site_name":"Fournier Polymers - F2M","article_modified_time":"2026-02-13T16:00:07+00:00","twitter_card":"summary_large_image","twitter_misc":{"Estimated reading time":"8 minutes"},"schema":{"@context":"https:\/\/schema.org","@graph":[{"@type":"WebPage","@id":"https:\/\/www.fournierpolymers.com\/f2m\/qui-sommes-nous\/","url":"https:\/\/www.fournierpolymers.com\/f2m\/qui-sommes-nous\/","name":"Qui sommes-nous ? - Fournier Polymers - F2M","isPartOf":{"@id":"https:\/\/www.fournierpolymers.com\/f2m\/#website"},"datePublished":"2023-01-02T14:41:26+00:00","dateModified":"2026-02-13T16:00:07+00:00","breadcrumb":{"@id":"https:\/\/www.fournierpolymers.com\/f2m\/qui-sommes-nous\/#breadcrumb"},"inLanguage":"en-GB","potentialAction":[{"@type":"ReadAction","target":["https:\/\/www.fournierpolymers.com\/f2m\/qui-sommes-nous\/"]}]},{"@type":"BreadcrumbList","@id":"https:\/\/www.fournierpolymers.com\/f2m\/qui-sommes-nous\/#breadcrumb","itemListElement":[{"@type":"ListItem","position":1,"name":"Home","item":"https:\/\/www.fournierpolymers.com\/f2m\/en\/home\/"},{"@type":"ListItem","position":2,"name":"Qui sommes-nous ?"}]},{"@type":"WebSite","@id":"https:\/\/www.fournierpolymers.com\/f2m\/#website","url":"https:\/\/www.fournierpolymers.com\/f2m\/","name":"Fournier Polymers - F2M","description":"","potentialAction":[{"@type":"SearchAction","target":{"@type":"EntryPoint","urlTemplate":"https:\/\/www.fournierpolymers.com\/f2m\/?s={search_term_string}"},"query-input":{"@type":"PropertyValueSpecification","valueRequired":true,"valueName":"search_term_string"}}],"inLanguage":"en-GB"}]}},"_links":{"self":[{"href":"https:\/\/www.fournierpolymers.com\/f2m\/wp-json\/wp\/v2\/pages\/42","targetHints":{"allow":["GET"]}}],"collection":[{"href":"https:\/\/www.fournierpolymers.com\/f2m\/wp-json\/wp\/v2\/pages"}],"about":[{"href":"https:\/\/www.fournierpolymers.com\/f2m\/wp-json\/wp\/v2\/types\/page"}],"author":[{"embeddable":true,"href":"https:\/\/www.fournierpolymers.com\/f2m\/wp-json\/wp\/v2\/users\/1"}],"replies":[{"embeddable":true,"href":"https:\/\/www.fournierpolymers.com\/f2m\/wp-json\/wp\/v2\/comments?post=42"}],"version-history":[{"count":35,"href":"https:\/\/www.fournierpolymers.com\/f2m\/wp-json\/wp\/v2\/pages\/42\/revisions"}],"predecessor-version":[{"id":706,"href":"https:\/\/www.fournierpolymers.com\/f2m\/wp-json\/wp\/v2\/pages\/42\/revisions\/706"}],"wp:attachment":[{"href":"https:\/\/www.fournierpolymers.com\/f2m\/wp-json\/wp\/v2\/media?parent=42"}],"curies":[{"name":"wp","href":"https:\/\/api.w.org\/{rel}","templated":true}]}}