{"id":419,"date":"2023-01-13T15:42:27","date_gmt":"2023-01-13T14:42:27","guid":{"rendered":"https:\/\/www.fournierpolymers.com\/f2m\/?page_id=419"},"modified":"2023-01-16T10:53:47","modified_gmt":"2023-01-16T09:53:47","slug":"contact","status":"publish","type":"page","link":"https:\/\/www.fournierpolymers.com\/f2m\/en\/contact\/","title":{"rendered":"Contact"},"content":{"rendered":"<p>[et_pb_section fb_built=&#8221;1&#8243; _builder_version=&#8221;4.19.2&#8243; _module_preset=&#8221;default&#8221; global_colors_info=&#8221;{}&#8221;][et_pb_row column_structure=&#8221;1_2,1_2&#8243; _builder_version=&#8221;4.19.2&#8243; _module_preset=&#8221;default&#8221; global_colors_info=&#8221;{}&#8221;][et_pb_column type=&#8221;1_2&#8243; _builder_version=&#8221;4.19.2&#8243; _module_preset=&#8221;default&#8221; global_colors_info=&#8221;{}&#8221;][et_pb_text _builder_version=&#8221;4.19.2&#8243; _module_preset=&#8221;default&#8221; global_colors_info=&#8221;{}&#8221;]<\/p>\n<h1>Contact<\/h1>\n<p>[\/et_pb_text][et_pb_code _builder_version=&#8221;4.19.2&#8243; _module_preset=&#8221;default&#8221; global_colors_info=&#8221;{}&#8221;]\n<div class=\"wpcf7 no-js\" id=\"wpcf7-f35-o1\" lang=\"\" dir=\"ltr\" data-wpcf7-id=\"35\">\n<div class=\"screen-reader-response\"><p role=\"status\" aria-live=\"polite\" aria-atomic=\"true\"><\/p> <ul><\/ul><\/div>\n<form action=\"\/f2m\/wp-json\/wp\/v2\/pages\/419#wpcf7-f35-o1\" method=\"post\" class=\"wpcf7-form init\" aria-label=\"Contact form\" novalidate=\"novalidate\" data-status=\"init\">\n<fieldset class=\"hidden-fields-container\"><input type=\"hidden\" name=\"_wpcf7\" value=\"35\" \/><input type=\"hidden\" name=\"_wpcf7_version\" value=\"6.1.5\" \/><input type=\"hidden\" name=\"_wpcf7_locale\" value=\"\" \/><input type=\"hidden\" name=\"_wpcf7_unit_tag\" value=\"wpcf7-f35-o1\" \/><input type=\"hidden\" name=\"_wpcf7_container_post\" value=\"0\" \/><input type=\"hidden\" name=\"_wpcf7_posted_data_hash\" value=\"\" \/><input type=\"hidden\" name=\"_wpcf7_recaptcha_response\" value=\"\" \/>\n<\/fieldset>\n<p><label> Nom <em>*<\/em><br \/>\n<span class=\"wpcf7-form-control-wrap\" data-name=\"nom\"><input size=\"40\" maxlength=\"400\" class=\"wpcf7-form-control wpcf7-text wpcf7-validates-as-required\" autocomplete=\"name\" aria-required=\"true\" aria-invalid=\"false\" value=\"\" type=\"text\" name=\"nom\" \/><\/span> <\/label>\n<\/p>\n<p><label> Pr\u00e9nom <em>*<\/em><br \/>\n<span class=\"wpcf7-form-control-wrap\" data-name=\"prenom\"><input size=\"40\" maxlength=\"400\" class=\"wpcf7-form-control wpcf7-text wpcf7-validates-as-required\" autocomplete=\"name\" aria-required=\"true\" aria-invalid=\"false\" value=\"\" type=\"text\" name=\"prenom\" \/><\/span> <\/label>\n<\/p>\n<p><label> Email <em>*<\/em><br \/>\n<span class=\"wpcf7-form-control-wrap\" data-name=\"email\"><input size=\"40\" maxlength=\"400\" class=\"wpcf7-form-control wpcf7-email wpcf7-validates-as-required wpcf7-text wpcf7-validates-as-email\" autocomplete=\"email\" aria-required=\"true\" aria-invalid=\"false\" value=\"\" type=\"email\" name=\"email\" \/><\/span> <\/label>\n<\/p>\n<p><label> T\u00e9l\u00e9phone<br \/>\n<span class=\"wpcf7-form-control-wrap\" data-name=\"phone\"><input size=\"40\" maxlength=\"400\" class=\"wpcf7-form-control wpcf7-tel wpcf7-text wpcf7-validates-as-tel\" aria-invalid=\"false\" value=\"\" type=\"tel\" name=\"phone\" \/><\/span> <\/label>\n<\/p>\n<p><label> Soci\u00e9t\u00e9 <em>*<\/em><br \/>\n<span class=\"wpcf7-form-control-wrap\" data-name=\"society\"><input size=\"40\" maxlength=\"400\" class=\"wpcf7-form-control wpcf7-text wpcf7-validates-as-required\" aria-required=\"true\" aria-invalid=\"false\" value=\"\" type=\"text\" name=\"society\" \/><\/span> <\/label>\n<\/p>\n<p><label> Poste<br \/>\n<span class=\"wpcf7-form-control-wrap\" data-name=\"job\"><input size=\"40\" maxlength=\"400\" class=\"wpcf7-form-control wpcf7-text\" aria-invalid=\"false\" value=\"\" type=\"text\" name=\"job\" \/><\/span> <\/label>\n<\/p>\n<p><label> Zip code <em>*<\/em><br \/>\n<span class=\"wpcf7-form-control-wrap\" data-name=\"zipcode\"><input size=\"40\" maxlength=\"400\" class=\"wpcf7-form-control wpcf7-text wpcf7-validates-as-required\" aria-required=\"true\" aria-invalid=\"false\" value=\"\" type=\"text\" name=\"zipcode\" \/><\/span> <\/label>\n<\/p>\n<p><label> Country <em>*<\/em><br \/>\n<span class=\"wpcf7-form-control-wrap\" data-name=\"country\"><input size=\"40\" maxlength=\"400\" class=\"wpcf7-form-control wpcf7-text wpcf7-validates-as-required\" aria-required=\"true\" aria-invalid=\"false\" value=\"\" type=\"text\" name=\"country\" \/><\/span> <\/label>\n<\/p>\n<p><label> Sujet <em>*<\/em><br \/>\n<span class=\"wpcf7-form-control-wrap\" data-name=\"subject\"><input size=\"40\" maxlength=\"400\" class=\"wpcf7-form-control wpcf7-text wpcf7-validates-as-required\" aria-required=\"true\" aria-invalid=\"false\" value=\"\" type=\"text\" name=\"subject\" \/><\/span> <\/label>\n<\/p>\n<p><label> Message <em>*<\/em><br \/>\n<span class=\"wpcf7-form-control-wrap\" data-name=\"message\"><textarea cols=\"40\" rows=\"10\" maxlength=\"2000\" class=\"wpcf7-form-control wpcf7-textarea wpcf7-validates-as-required\" aria-required=\"true\" aria-invalid=\"false\" name=\"message\"><\/textarea><\/span> <\/label>\n<\/p>\n<p><input class=\"wpcf7-form-control wpcf7-submit has-spinner\" type=\"submit\" value=\"Envoyer\" \/>\n<\/p><div class=\"wpcf7-response-output\" aria-hidden=\"true\"><\/div>\n<\/form>\n<\/div>\n[\/et_pb_code][\/et_pb_column][et_pb_column type=&#8221;1_2&#8243; _builder_version=&#8221;4.19.2&#8243; _module_preset=&#8221;default&#8221; global_colors_info=&#8221;{}&#8221;][et_pb_code _builder_version=&#8221;4.19.2&#8243; _module_preset=&#8221;default&#8221; border_radii=&#8221;on|16px|16px|16px|16px&#8221; global_colors_info=&#8221;{}&#8221;]<div id=\"map\"><\/div> \r\n<script src=\"https:\/\/unpkg.com\/leaflet@1.5.1\/dist\/leaflet.js\"><\/script>\r\n<link rel=\"stylesheet\" href=\"https:\/\/unpkg.com\/leaflet@1.5.1\/dist\/leaflet.css\">\r\n<script>\r\nvar map = L.map('map', {\r\n    center: [38.89, -77.03],\r\n    zoom: 11\r\n});\r\n \r\nvar tiles = new L.tileLayer('https:\/\/{s}.tile.openstreetmap.org\/{z}\/{x}\/{y}.png', {\r\n    attribution: '&copy; <a href=\"https:\/\/www.openstreetmap.org\/copyright\">OpenStreetMap<\/a> contributors'}).addTo(map);\r\n\r\nvar markers = [\r\n'<strong>MCSM (Morocco)<\/strong><br\/>12, rue R\u00e9aumur (Rachat\u00e9) Quartier des H\u00f4pitaux<br\/>Bur N\u00b0 5 \u2013 Casablanca<br\/>T\u00e9l : +212(0)22 47 43 55<br\/>Fax : +212(0)22 47 44 05<br\/>Email: <a href=\"mailto:contactmcs@f2m.com\">contactmcs@f2m.com<\/a>',\r\n'<strong>MPD (Morocco)<\/strong><br\/>Zone franche Ksar al Majaz<br\/>Comp portuaire de Tanger Med \u2013 TANGER<br\/>T\u00e9l : +212(0)22 47 43 55<br\/>Fax : +212(0)22 47 44 05<br\/>Email: <a href=\"mailto:contactmdp@f2m.com\">contactmdp@f2m.com<\/a>',\r\n'<strong>SPPF (Algeria)<\/strong><br\/>Lot 106 DOUAR \u2013 Baba Ali Birtouta<br\/>ALGER<br\/>T\u00e9l : +213 21 56 39 01<br\/>Fax : +213 21 56 39 00<br\/>Email: <a href=\"mailto:contactsppf@f2m.com\">contactsppf@f2m.com<\/a>',\r\n'<strong>SEMP \u2013 EMSD (Tunisia)<\/strong><br\/>Avenue Farhat Hached<br\/>4011 SOUSSE<br\/>T\u00e9l : + 216 73 32 53 70<br\/>Fax : + 216 73 32 53 71<br\/>Email: <a href=\"mailto:contactemsd@f2m.com\">contactemsd@f2m.com<\/a>',\r\n];\r\nvar lats = [\r\n    [33.58831, -7.61138],\r\n    [35.840810,-5.552170],\r\n    [36.7525, 3.04197],\r\n    [36.2987671, 10.4572758],\r\n];\r\nvar customIcon = L.icon({\r\n   iconUrl: '\/wp-content\/themes\/Divi-Child-Polymer\/marker_green.svg',\r\n   iconSize: [30, 50],\r\n   iconAnchor: [15, 50],\r\n   popupAnchor: [0, -50],\r\n});\r\nmarkers.forEach((item, i) => {\r\n    console.log(item, i);\r\n    let marker = L.marker(\r\n    lats[i],\r\n    { \r\n        icon: customIcon\r\n    });\r\n    marker.addTo(map).bindPopup(markers[i]);\r\n})\r\n\r\nvar bounds = new L.LatLngBounds(lats);\r\nmap.fitBounds(bounds)\r\n<\/script>\r\n\r\n\r\n[\/et_pb_code][\/et_pb_column][\/et_pb_row][\/et_pb_section]<\/p>\n","protected":false},"excerpt":{"rendered":"<p>Contact\n<div class=\"wpcf7 no-js\" id=\"wpcf7-f35-o2\" lang=\"\" dir=\"ltr\" data-wpcf7-id=\"35\">\n<div class=\"screen-reader-response\"><p role=\"status\" aria-live=\"polite\" aria-atomic=\"true\"><\/p> <ul><\/ul><\/div>\n<form action=\"\/f2m\/wp-json\/wp\/v2\/pages\/419#wpcf7-f35-o2\" method=\"post\" class=\"wpcf7-form init\" aria-label=\"Contact form\" novalidate=\"novalidate\" data-status=\"init\">\n<fieldset class=\"hidden-fields-container\"><input type=\"hidden\" name=\"_wpcf7\" value=\"35\" \/><input type=\"hidden\" name=\"_wpcf7_version\" value=\"6.1.5\" \/><input type=\"hidden\" name=\"_wpcf7_locale\" value=\"\" \/><input type=\"hidden\" name=\"_wpcf7_unit_tag\" value=\"wpcf7-f35-o2\" \/><input type=\"hidden\" name=\"_wpcf7_container_post\" value=\"0\" \/><input type=\"hidden\" name=\"_wpcf7_posted_data_hash\" value=\"\" \/><input type=\"hidden\" name=\"_wpcf7_recaptcha_response\" value=\"\" \/>\n<\/fieldset>\n<p><label> Nom <em>*<\/em><br \/>\n<span class=\"wpcf7-form-control-wrap\" data-name=\"nom\"><input size=\"40\" maxlength=\"400\" class=\"wpcf7-form-control wpcf7-text wpcf7-validates-as-required\" autocomplete=\"name\" aria-required=\"true\" aria-invalid=\"false\" value=\"\" type=\"text\" name=\"nom\" \/><\/span> <\/label>\n<\/p>\n<p><label> Pr\u00e9nom <em>*<\/em><br \/>\n<span class=\"wpcf7-form-control-wrap\" data-name=\"prenom\"><input size=\"40\" maxlength=\"400\" class=\"wpcf7-form-control wpcf7-text wpcf7-validates-as-required\" autocomplete=\"name\" aria-required=\"true\" aria-invalid=\"false\" value=\"\" type=\"text\" name=\"prenom\" \/><\/span> <\/label>\n<\/p>\n<p><label> Email <em>*<\/em><br \/>\n<span class=\"wpcf7-form-control-wrap\" data-name=\"email\"><input size=\"40\" maxlength=\"400\" class=\"wpcf7-form-control wpcf7-email wpcf7-validates-as-required wpcf7-text wpcf7-validates-as-email\" autocomplete=\"email\" aria-required=\"true\" aria-invalid=\"false\" value=\"\" type=\"email\" name=\"email\" \/><\/span> <\/label>\n<\/p>\n<p><label> T\u00e9l\u00e9phone<br \/>\n<span class=\"wpcf7-form-control-wrap\" data-name=\"phone\"><input size=\"40\" maxlength=\"400\" class=\"wpcf7-form-control wpcf7-tel wpcf7-text wpcf7-validates-as-tel\" aria-invalid=\"false\" value=\"\" type=\"tel\" name=\"phone\" \/><\/span> <\/label>\n<\/p>\n<p><label> Soci\u00e9t\u00e9 <em>*<\/em><br \/>\n<span class=\"wpcf7-form-control-wrap\" data-name=\"society\"><input size=\"40\" maxlength=\"400\" class=\"wpcf7-form-control wpcf7-text wpcf7-validates-as-required\" aria-required=\"true\" aria-invalid=\"false\" value=\"\" type=\"text\" name=\"society\" \/><\/span> <\/label>\n<\/p>\n<p><label> Poste<br \/>\n<span class=\"wpcf7-form-control-wrap\" data-name=\"job\"><input size=\"40\" maxlength=\"400\" class=\"wpcf7-form-control wpcf7-text\" aria-invalid=\"false\" value=\"\" type=\"text\" name=\"job\" \/><\/span> <\/label>\n<\/p>\n<p><label> Zip code <em>*<\/em><br \/>\n<span class=\"wpcf7-form-control-wrap\" data-name=\"zipcode\"><input size=\"40\" maxlength=\"400\" class=\"wpcf7-form-control wpcf7-text wpcf7-validates-as-required\" aria-required=\"true\" aria-invalid=\"false\" value=\"\" type=\"text\" name=\"zipcode\" \/><\/span> <\/label>\n<\/p>\n<p><label> Country <em>*<\/em><br \/>\n<span class=\"wpcf7-form-control-wrap\" data-name=\"country\"><input size=\"40\" maxlength=\"400\" class=\"wpcf7-form-control wpcf7-text wpcf7-validates-as-required\" aria-required=\"true\" aria-invalid=\"false\" value=\"\" type=\"text\" name=\"country\" \/><\/span> <\/label>\n<\/p>\n<p><label> Sujet <em>*<\/em><br \/>\n<span class=\"wpcf7-form-control-wrap\" data-name=\"subject\"><input size=\"40\" maxlength=\"400\" class=\"wpcf7-form-control wpcf7-text wpcf7-validates-as-required\" aria-required=\"true\" aria-invalid=\"false\" value=\"\" type=\"text\" name=\"subject\" \/><\/span> <\/label>\n<\/p>\n<p><label> Message <em>*<\/em><br \/>\n<span class=\"wpcf7-form-control-wrap\" data-name=\"message\"><textarea cols=\"40\" rows=\"10\" maxlength=\"2000\" class=\"wpcf7-form-control wpcf7-textarea wpcf7-validates-as-required\" aria-required=\"true\" aria-invalid=\"false\" name=\"message\"><\/textarea><\/span> <\/label>\n<\/p>\n<p><input class=\"wpcf7-form-control wpcf7-submit has-spinner\" type=\"submit\" value=\"Envoyer\" \/>\n<\/p><div class=\"wpcf7-response-output\" aria-hidden=\"true\"><\/div>\n<\/form>\n<\/div>\n<div id=\"map\"><\/div> \r\n<script src=\"https:\/\/unpkg.com\/leaflet@1.5.1\/dist\/leaflet.js\"><\/script>\r\n<link rel=\"stylesheet\" href=\"https:\/\/unpkg.com\/leaflet@1.5.1\/dist\/leaflet.css\">\r\n<script>\r\nvar map = L.map('map', {\r\n    center: [38.89, -77.03],\r\n    zoom: 11\r\n});\r\n \r\nvar tiles = new L.tileLayer('https:\/\/{s}.tile.openstreetmap.org\/{z}\/{x}\/{y}.png', {\r\n    attribution: '&copy; <a href=\"https:\/\/www.openstreetmap.org\/copyright\">OpenStreetMap<\/a> contributors'}).addTo(map);\r\n\r\nvar markers = [\r\n'<strong>MCSM (Morocco)<\/strong><br\/>12, rue R\u00e9aumur (Rachat\u00e9) Quartier des H\u00f4pitaux<br\/>Bur N\u00b0 5 \u2013 Casablanca<br\/>T\u00e9l : +212(0)22 47 43 55<br\/>Fax : +212(0)22 47 44 05<br\/>Email: <a href=\"mailto:contactmcs@f2m.com\">contactmcs@f2m.com<\/a>',\r\n'<strong>MPD (Morocco)<\/strong><br\/>Zone franche Ksar al Majaz<br\/>Comp portuaire de Tanger Med \u2013 TANGER<br\/>T\u00e9l : +212(0)22 47 43 55<br\/>Fax : +212(0)22 47 44 05<br\/>Email: <a href=\"mailto:contactmdp@f2m.com\">contactmdp@f2m.com<\/a>',\r\n'<strong>SPPF (Algeria)<\/strong><br\/>Lot 106 DOUAR \u2013 Baba Ali Birtouta<br\/>ALGER<br\/>T\u00e9l : +213 21 56 39 01<br\/>Fax : +213 21 56 39 00<br\/>Email: <a href=\"mailto:contactsppf@f2m.com\">contactsppf@f2m.com<\/a>',\r\n'<strong>SEMP \u2013 EMSD (Tunisia)<\/strong><br\/>Avenue Farhat Hached<br\/>4011 SOUSSE<br\/>T\u00e9l : + 216 73 32 53 70<br\/>Fax : + 216 73 32 53 71<br\/>Email: <a href=\"mailto:contactemsd@f2m.com\">contactemsd@f2m.com<\/a>',\r\n];\r\nvar lats = [\r\n    [33.58831, -7.61138],\r\n    [35.840810,-5.552170],\r\n    [36.7525, 3.04197],\r\n    [36.2987671, 10.4572758],\r\n];\r\nvar customIcon = L.icon({\r\n   iconUrl: '\/wp-content\/themes\/Divi-Child-Polymer\/marker_green.svg',\r\n   iconSize: [30, 50],\r\n   iconAnchor: [15, 50],\r\n   popupAnchor: [0, -50],\r\n});\r\nmarkers.forEach((item, i) => {\r\n    console.log(item, i);\r\n    let marker = L.marker(\r\n    lats[i],\r\n    { \r\n        icon: customIcon\r\n    });\r\n    marker.addTo(map).bindPopup(markers[i]);\r\n})\r\n\r\nvar bounds = new L.LatLngBounds(lats);\r\nmap.fitBounds(bounds)\r\n<\/script>\r\n\r\n\r\n<\/p>\n","protected":false},"author":2,"featured_media":0,"parent":0,"menu_order":0,"comment_status":"closed","ping_status":"closed","template":"","meta":{"_et_pb_use_builder":"on","_et_pb_old_content":"[et_pb_section fb_built=\"1\" _builder_version=\"4.19.2\" _module_preset=\"default\" global_colors_info=\"{}\"][et_pb_row column_structure=\"1_2,1_2\" _builder_version=\"4.19.2\" _module_preset=\"default\" global_colors_info=\"{}\"][et_pb_column type=\"1_2\" _builder_version=\"4.19.2\" _module_preset=\"default\" global_colors_info=\"{}\"][et_pb_text _builder_version=\"4.19.2\" _module_preset=\"default\" global_colors_info=\"{}\"]<h1>Contact<\/h1>[\/et_pb_text][et_pb_code _builder_version=\"4.19.2\" _module_preset=\"default\" hover_enabled=\"0\" global_colors_info=\"{}\" sticky_enabled=\"0\"][contact-form-7 id=\"35\" title=\"F2M Contact\"][\/et_pb_code][\/et_pb_column][et_pb_column type=\"1_2\" _builder_version=\"4.19.2\" _module_preset=\"default\" global_colors_info=\"{}\"][et_pb_code _builder_version=\"4.19.2\" _module_preset=\"default\" border_radii=\"on|16px|16px|16px|16px\" global_colors_info=\"{}\"][map id=\"f2m\"][\/et_pb_code][\/et_pb_column][\/et_pb_row][\/et_pb_section]","_et_gb_content_width":"","inline_featured_image":false,"footnotes":""},"class_list":["post-419","page","type-page","status-publish","hentry"],"yoast_head":"<!-- This site is optimized with the Yoast SEO plugin v27.2 - https:\/\/yoast.com\/product\/yoast-seo-wordpress\/ -->\n<title>Contact - Fournier Polymers - F2M<\/title>\n<meta name=\"robots\" content=\"index, follow, max-snippet:-1, max-image-preview:large, max-video-preview:-1\" \/>\n<link rel=\"canonical\" href=\"https:\/\/www.fournierpolymers.com\/f2m\/en\/contact\/\" \/>\n<meta property=\"og:locale\" content=\"en_GB\" \/>\n<meta property=\"og:type\" content=\"article\" \/>\n<meta property=\"og:title\" content=\"Contact - Fournier Polymers - F2M\" \/>\n<meta property=\"og:description\" content=\"Contact\" \/>\n<meta property=\"og:url\" content=\"https:\/\/www.fournierpolymers.com\/f2m\/en\/contact\/\" \/>\n<meta property=\"og:site_name\" content=\"Fournier Polymers - F2M\" \/>\n<meta property=\"article:modified_time\" content=\"2023-01-16T09:53:47+00:00\" \/>\n<meta name=\"twitter:card\" content=\"summary_large_image\" \/>\n<meta name=\"twitter:label1\" content=\"Estimated reading time\" \/>\n\t<meta name=\"twitter:data1\" content=\"1 minute\" \/>\n<script type=\"application\/ld+json\" class=\"yoast-schema-graph\">{\"@context\":\"https:\/\/schema.org\",\"@graph\":[{\"@type\":\"WebPage\",\"@id\":\"https:\/\/www.fournierpolymers.com\/f2m\/en\/contact\/\",\"url\":\"https:\/\/www.fournierpolymers.com\/f2m\/en\/contact\/\",\"name\":\"Contact - Fournier Polymers - F2M\",\"isPartOf\":{\"@id\":\"https:\/\/www.fournierpolymers.com\/f2m\/#website\"},\"datePublished\":\"2023-01-13T14:42:27+00:00\",\"dateModified\":\"2023-01-16T09:53:47+00:00\",\"breadcrumb\":{\"@id\":\"https:\/\/www.fournierpolymers.com\/f2m\/en\/contact\/#breadcrumb\"},\"inLanguage\":\"en-GB\",\"potentialAction\":[{\"@type\":\"ReadAction\",\"target\":[\"https:\/\/www.fournierpolymers.com\/f2m\/en\/contact\/\"]}]},{\"@type\":\"BreadcrumbList\",\"@id\":\"https:\/\/www.fournierpolymers.com\/f2m\/en\/contact\/#breadcrumb\",\"itemListElement\":[{\"@type\":\"ListItem\",\"position\":1,\"name\":\"Home\",\"item\":\"https:\/\/www.fournierpolymers.com\/f2m\/en\/home\/\"},{\"@type\":\"ListItem\",\"position\":2,\"name\":\"Contact\"}]},{\"@type\":\"WebSite\",\"@id\":\"https:\/\/www.fournierpolymers.com\/f2m\/#website\",\"url\":\"https:\/\/www.fournierpolymers.com\/f2m\/\",\"name\":\"Fournier Polymers - F2M\",\"description\":\"\",\"potentialAction\":[{\"@type\":\"SearchAction\",\"target\":{\"@type\":\"EntryPoint\",\"urlTemplate\":\"https:\/\/www.fournierpolymers.com\/f2m\/?s={search_term_string}\"},\"query-input\":{\"@type\":\"PropertyValueSpecification\",\"valueRequired\":true,\"valueName\":\"search_term_string\"}}],\"inLanguage\":\"en-GB\"}]}<\/script>\n<!-- \/ Yoast SEO plugin. -->","yoast_head_json":{"title":"Contact - Fournier Polymers - F2M","robots":{"index":"index","follow":"follow","max-snippet":"max-snippet:-1","max-image-preview":"max-image-preview:large","max-video-preview":"max-video-preview:-1"},"canonical":"https:\/\/www.fournierpolymers.com\/f2m\/en\/contact\/","og_locale":"en_GB","og_type":"article","og_title":"Contact - Fournier Polymers - F2M","og_description":"Contact","og_url":"https:\/\/www.fournierpolymers.com\/f2m\/en\/contact\/","og_site_name":"Fournier Polymers - F2M","article_modified_time":"2023-01-16T09:53:47+00:00","twitter_card":"summary_large_image","twitter_misc":{"Estimated reading time":"1 minute"},"schema":{"@context":"https:\/\/schema.org","@graph":[{"@type":"WebPage","@id":"https:\/\/www.fournierpolymers.com\/f2m\/en\/contact\/","url":"https:\/\/www.fournierpolymers.com\/f2m\/en\/contact\/","name":"Contact - Fournier Polymers - F2M","isPartOf":{"@id":"https:\/\/www.fournierpolymers.com\/f2m\/#website"},"datePublished":"2023-01-13T14:42:27+00:00","dateModified":"2023-01-16T09:53:47+00:00","breadcrumb":{"@id":"https:\/\/www.fournierpolymers.com\/f2m\/en\/contact\/#breadcrumb"},"inLanguage":"en-GB","potentialAction":[{"@type":"ReadAction","target":["https:\/\/www.fournierpolymers.com\/f2m\/en\/contact\/"]}]},{"@type":"BreadcrumbList","@id":"https:\/\/www.fournierpolymers.com\/f2m\/en\/contact\/#breadcrumb","itemListElement":[{"@type":"ListItem","position":1,"name":"Home","item":"https:\/\/www.fournierpolymers.com\/f2m\/en\/home\/"},{"@type":"ListItem","position":2,"name":"Contact"}]},{"@type":"WebSite","@id":"https:\/\/www.fournierpolymers.com\/f2m\/#website","url":"https:\/\/www.fournierpolymers.com\/f2m\/","name":"Fournier Polymers - F2M","description":"","potentialAction":[{"@type":"SearchAction","target":{"@type":"EntryPoint","urlTemplate":"https:\/\/www.fournierpolymers.com\/f2m\/?s={search_term_string}"},"query-input":{"@type":"PropertyValueSpecification","valueRequired":true,"valueName":"search_term_string"}}],"inLanguage":"en-GB"}]}},"_links":{"self":[{"href":"https:\/\/www.fournierpolymers.com\/f2m\/wp-json\/wp\/v2\/pages\/419","targetHints":{"allow":["GET"]}}],"collection":[{"href":"https:\/\/www.fournierpolymers.com\/f2m\/wp-json\/wp\/v2\/pages"}],"about":[{"href":"https:\/\/www.fournierpolymers.com\/f2m\/wp-json\/wp\/v2\/types\/page"}],"author":[{"embeddable":true,"href":"https:\/\/www.fournierpolymers.com\/f2m\/wp-json\/wp\/v2\/users\/2"}],"replies":[{"embeddable":true,"href":"https:\/\/www.fournierpolymers.com\/f2m\/wp-json\/wp\/v2\/comments?post=419"}],"version-history":[{"count":3,"href":"https:\/\/www.fournierpolymers.com\/f2m\/wp-json\/wp\/v2\/pages\/419\/revisions"}],"predecessor-version":[{"id":482,"href":"https:\/\/www.fournierpolymers.com\/f2m\/wp-json\/wp\/v2\/pages\/419\/revisions\/482"}],"wp:attachment":[{"href":"https:\/\/www.fournierpolymers.com\/f2m\/wp-json\/wp\/v2\/media?parent=419"}],"curies":[{"name":"wp","href":"https:\/\/api.w.org\/{rel}","templated":true}]}}