{"id":512,"date":"2022-12-21T10:23:39","date_gmt":"2022-12-21T09:23:39","guid":{"rendered":"https:\/\/www.fournierpolymers.com\/europe\/?page_id=512"},"modified":"2023-01-19T16:15:34","modified_gmt":"2023-01-19T15:15:34","slug":"versalis-produits-gpps-hips","status":"publish","type":"page","link":"https:\/\/www.fournierpolymers.com\/europe\/fr\/versalis-produits-gpps-hips\/","title":{"rendered":"Versalis Produits GPPS-HIPS"},"content":{"rendered":"<p>[et_pb_section fb_built=\u00a0\u00bb1&Prime; admin_label=\u00a0\u00bbsection\u00a0\u00bb _builder_version=\u00a0\u00bb4.16&Prime; global_colors_info=\u00a0\u00bb{}\u00a0\u00bb][et_pb_row _builder_version=\u00a0\u00bb4.19.2&Prime; _module_preset=\u00a0\u00bbdefault\u00a0\u00bb global_colors_info=\u00a0\u00bb{}\u00a0\u00bb][et_pb_column type=\u00a0\u00bb4_4&Prime; _builder_version=\u00a0\u00bb4.19.2&Prime; _module_preset=\u00a0\u00bbdefault\u00a0\u00bb global_colors_info=\u00a0\u00bb{}\u00a0\u00bb][et_pb_text admin_label=\u00a0\u00bbVersalis Produits GPPS-HIPS\u00a0\u00bb _builder_version=\u00a0\u00bb4.19.2&Prime; _module_preset=\u00a0\u00bbb3f290e9-bcd5-4ca4-92e9-5d2f46be520f\u00a0\u00bb global_colors_info=\u00a0\u00bb{}\u00a0\u00bb]<\/p>\n<h1>Versalis Produits GPPS-HIPS<\/h1>\n<p>[\/et_pb_text][\/et_pb_column][\/et_pb_row][et_pb_row column_structure=\u00a0\u00bb3_5,2_5&Prime; _builder_version=\u00a0\u00bb4.19.2&Prime; _module_preset=\u00a0\u00bbdefault\u00a0\u00bb global_colors_info=\u00a0\u00bb{}\u00a0\u00bb][et_pb_column type=\u00a0\u00bb3_5&Prime; _builder_version=\u00a0\u00bb4.19.2&Prime; _module_preset=\u00a0\u00bbdefault\u00a0\u00bb global_colors_info=\u00a0\u00bb{}\u00a0\u00bb][et_pb_text admin_label=\u00a0\u00bbFournier Polymers pr\u00e9sente les produits Eni Versalis&#8230;\u00a0\u00bb _builder_version=\u00a0\u00bb4.19.2&Prime; _module_preset=\u00a0\u00bbdefault\u00a0\u00bb global_colors_info=\u00a0\u00bb{}\u00a0\u00bb]<\/p>\n<p>Fournier Polymers pr\u00e9sente les produits Eni Versalis GPPS-HIPS (General Purpose Polystyrene, High impact Polystyrene). Ces polystyr\u00e8nes sont couramment utilis\u00e9s pour diff\u00e9rentes applications telles que l\u2019emballage alimentaire, l\u2019industrie, les appareils m\u00e9nagers, les jouets, les bo\u00eetes \u00e9lectriques, les films et les feuilles.<\/p>\n<p>Les principales caract\u00e9ristiques communes des grades GPPS-HIPS sont :<\/p>\n<ul>\n<li>Haute transformabilit\u00e9<\/li>\n<li>R\u00e9sistance \u00e0 la rupture sous contrainte<\/li>\n<li>Haute r\u00e9sistance chimique aux huiles, graisses et agents chimiques<\/li>\n<li>Thermoformage par emboutissage profond<\/li>\n<li>R\u00e9sistant \u00e0 la chaleur<\/li>\n<li>Bonne r\u00e9sistance m\u00e9canique<\/li>\n<li>Flux facile<\/li>\n<li>Haute rigidit\u00e9<\/li>\n<li>Tr\u00e8s r\u00e9sistant aux impacts<\/li>\n<li>Brillant<\/li>\n<\/ul>\n<p>[\/et_pb_text][\/et_pb_column][et_pb_column type=\u00a0\u00bb2_5&Prime; _builder_version=\u00a0\u00bb4.19.2&Prime; _module_preset=\u00a0\u00bbdefault\u00a0\u00bb global_colors_info=\u00a0\u00bb{}\u00a0\u00bb][et_pb_image src=\u00a0\u00bbhttps:\/\/www.fournierpolymers.com\/europe\/wp-content\/uploads\/sites\/2\/2023\/01\/gpps-hips-.jpg\u00a0\u00bb alt=\u00a0\u00bbVersalis Produits GPPS-HIPS\u00a0\u00bb title_text=\u00a0\u00bbVersalis Produits GPPS-HIPS\u00a0\u00bb _builder_version=\u00a0\u00bb4.19.2&Prime; _module_preset=\u00a0\u00bbdefault\u00a0\u00bb custom_margin=\u00a0\u00bb30px|||||\u00a0\u00bb hover_enabled=\u00a0\u00bb0&Prime; border_radii=\u00a0\u00bbon|20px|20px|20px|20px\u00a0\u00bb box_shadow_style=\u00a0\u00bbpreset3&Prime; box_shadow_color=\u00a0\u00bbrgba(0,0,0,0.17)\u00a0\u00bb global_colors_info=\u00a0\u00bb{}\u00a0\u00bb sticky_enabled=\u00a0\u00bb0&Prime;][\/et_pb_image][\/et_pb_column][\/et_pb_row][et_pb_row column_structure=\u00a0\u00bb3_5,2_5&Prime; _builder_version=\u00a0\u00bb4.19.2&Prime; _module_preset=\u00a0\u00bbdefault\u00a0\u00bb global_colors_info=\u00a0\u00bb{}\u00a0\u00bb][et_pb_column type=\u00a0\u00bb3_5&Prime; _builder_version=\u00a0\u00bb4.19.2&Prime; _module_preset=\u00a0\u00bbdefault\u00a0\u00bb global_colors_info=\u00a0\u00bb{}\u00a0\u00bb][et_pb_image src=\u00a0\u00bbhttps:\/\/www.fournierpolymers.com\/europe\/wp-content\/uploads\/sites\/2\/2022\/12\/emballage-alimentaire-6.jpg\u00a0\u00bb alt=\u00a0\u00bbApplications GPPS-HIPS pour emballage alimentaire\u00a0\u00bb title_text=\u00a0\u00bbApplications GPPS-HIPS pour emballage alimentaire\u00a0\u00bb _builder_version=\u00a0\u00bb4.19.2&Prime; _module_preset=\u00a0\u00bbdefault\u00a0\u00bb border_radii=\u00a0\u00bbon|20px|20px|20px|20px\u00a0\u00bb box_shadow_style=\u00a0\u00bbpreset3&Prime; box_shadow_color=\u00a0\u00bbrgba(0,0,0,0.17)\u00a0\u00bb global_colors_info=\u00a0\u00bb{}\u00a0\u00bb][\/et_pb_image][\/et_pb_column][et_pb_column type=\u00a0\u00bb2_5&Prime; _builder_version=\u00a0\u00bb4.19.2&Prime; _module_preset=\u00a0\u00bbdefault\u00a0\u00bb global_colors_info=\u00a0\u00bb{}\u00a0\u00bb][et_pb_text admin_label=\u00a0\u00bbApplications\u00a0\u00bb _builder_version=\u00a0\u00bb4.19.2&Prime; _module_preset=\u00a0\u00bbdefault\u00a0\u00bb header_2_text_color=\u00a0\u00bb#CE1225&Prime; custom_margin=\u00a0\u00bb32px|||||\u00a0\u00bb global_colors_info=\u00a0\u00bb{}\u00a0\u00bb]<\/p>\n<h2>Applications<\/h2>\n<p>[\/et_pb_text][et_pb_text admin_label=\u00a0\u00bbLes cat\u00e9gories de polystyr\u00e8ne \u00e0 usage g\u00e9n\u00e9ral&#8230;\u00a0\u00bb _builder_version=\u00a0\u00bb4.19.2&Prime; _module_preset=\u00a0\u00bbdefault\u00a0\u00bb global_colors_info=\u00a0\u00bb{}\u00a0\u00bb]<\/p>\n<p>Les cat\u00e9gories de polystyr\u00e8ne \u00e0 usage g\u00e9n\u00e9ral et de polystyr\u00e8ne \u00e0 haute r\u00e9sistance aux chocs sont largement utilis\u00e9es dans de nombreux domaines de l\u2019emballage alimentaire.<\/p>\n<p>&nbsp;<\/p>\n<ul>\n<li>Utilisations pour produits laitiers : Pots de yaourt, emballages de fromage frais, bo\u00eetes de glace<\/li>\n<li>Restauration : Conteneurs et films alimentaires<\/li>\n<li>Nourriture fra\u00eeche : Plateaux et petites bo\u00eetes<\/li>\n<\/ul>\n<p>[\/et_pb_text][\/et_pb_column][\/et_pb_row][et_pb_row column_structure=\u00a0\u00bb3_5,2_5&Prime; _builder_version=\u00a0\u00bb4.19.2&Prime; _module_preset=\u00a0\u00bbdefault\u00a0\u00bb custom_margin=\u00a0\u00bb27px|auto||auto||\u00a0\u00bb global_colors_info=\u00a0\u00bb{}\u00a0\u00bb][et_pb_column type=\u00a0\u00bb3_5&Prime; _builder_version=\u00a0\u00bb4.19.2&Prime; _module_preset=\u00a0\u00bbdefault\u00a0\u00bb global_colors_info=\u00a0\u00bb{}\u00a0\u00bb][et_pb_text admin_label=\u00a0\u00bbDiff\u00e9rents proc\u00e9d\u00e9s de transformation\u00a0\u00bb _builder_version=\u00a0\u00bb4.19.2&Prime; _module_preset=\u00a0\u00bbdefault\u00a0\u00bb header_2_text_color=\u00a0\u00bb#CE1225&Prime; global_colors_info=\u00a0\u00bb{}\u00a0\u00bb]<\/p>\n<h2>Diff\u00e9rents proc\u00e9d\u00e9s de transformation<\/h2>\n<p>[\/et_pb_text][et_pb_text admin_label=\u00a0\u00bbL\u2019extrusion est la technologie&#8230;\u00a0\u00bb _builder_version=\u00a0\u00bb4.19.2&Prime; _module_preset=\u00a0\u00bbdefault\u00a0\u00bb global_colors_info=\u00a0\u00bb{}\u00a0\u00bb]L\u2019extrusion est la technologie la plus largement utilis\u00e9e pour le traitement du polystyr\u00e8ne, mais il existe aussi une grande vari\u00e9t\u00e9 de technologies de traitement telles que :<\/p>\n<p>&#8211; <strong>Extrusion coul\u00e9e<\/strong> :<br \/>\nEn modelant la masse fondue, en la plastifiant et en l\u2019homog\u00e9n\u00e9isant dans l\u2019extrudeuse, on obtient une grande transparence, brillance et rigidit\u00e9 du produit final.<\/p>\n<p>&#8211; <strong>Extrusion-soufflage<\/strong> :<br \/>\nLe film souffl\u00e9 permet le passage du polym\u00e8re fondu \u00e0 travers une extrudeuse annulaire.<br \/>\nUn tube d\u2019un diam\u00e8tre relativement petit est g\u00e9n\u00e9r\u00e9 et subit une expansion imm\u00e9diate pour \u00ab souffler \u00bb de l\u2019air et un \u00e9tirement pour la traction. Le film se refroidit et se solidifie.<br \/>\nDe cette fa\u00e7on, il peut \u00eatre pli\u00e9 entre les rouleaux de traction.<\/p>\n<p>&#8211; <strong>Form Fill Seal (FFS)<\/strong> :<br \/>\nLargement utilis\u00e9 dans le secteur laitier, c\u2019est un processus de production \u00e0 haute productivit\u00e9.<br \/>\nSelon l\u2019utilisation souhait\u00e9e, la feuille peut \u00eatre compos\u00e9e de plusieurs couches.<\/p>\n<p>&#8211; <strong>Feuille bi-orient\u00e9e<\/strong> :<br \/>\nCertaines caract\u00e9ristiques de la feuille peuvent \u00eatre am\u00e9lior\u00e9es gr\u00e2ce \u00e0 cette technologie (par l\u2019\u00e9tirement d\u2019une feuille moul\u00e9e) : transparence, m\u00e9canique, perm\u00e9abilit\u00e9 \u00e0 l\u2019oxyg\u00e8ne et \u00e0 la vapeur d\u2019eau.<\/p>\n<p>&#8211; <strong>Thermoformage<\/strong> :<br \/>\nProduit des objets en chauffant des produits semi-finis jusqu\u2019\u00e0 leur phase de caoutchouc (par la d\u00e9formation plastique).<br \/>\nCertains des produits finaux fabriqu\u00e9s par thermoformage peuvent \u00eatre des gobelets de caf\u00e9 ou des pots de yaourt.[\/et_pb_text][\/et_pb_column][et_pb_column type=\u00a0\u00bb2_5&Prime; _builder_version=\u00a0\u00bb4.19.2&Prime; _module_preset=\u00a0\u00bbdefault\u00a0\u00bb global_colors_info=\u00a0\u00bb{}\u00a0\u00bb][et_pb_image src=\u00a0\u00bbhttps:\/\/www.fournierpolymers.com\/europe\/wp-content\/uploads\/sites\/2\/2023\/01\/technologies-processus-.jpg\u00a0\u00bb alt=\u00a0\u00bbThermoformage Eni Versalis\u00a0\u00bb title_text=\u00a0\u00bbThermoformage Eni Versalis\u00a0\u00bb _builder_version=\u00a0\u00bb4.19.2&Prime; _module_preset=\u00a0\u00bbdefault\u00a0\u00bb border_radii=\u00a0\u00bbon|20px|20px|20px|20px\u00a0\u00bb box_shadow_style=\u00a0\u00bbpreset3&Prime; box_shadow_color=\u00a0\u00bbrgba(0,0,0,0.17)\u00a0\u00bb global_colors_info=\u00a0\u00bb{}\u00a0\u00bb][\/et_pb_image][\/et_pb_column][\/et_pb_row][\/et_pb_section]<\/p>\n","protected":false},"excerpt":{"rendered":"<p>Versalis Produits GPPS-HIPSFournier Polymers pr\u00e9sente les produits Eni Versalis GPPS-HIPS (General Purpose Polystyrene, High impact Polystyrene). Ces polystyr\u00e8nes sont couramment utilis\u00e9s pour diff\u00e9rentes applications telles que l\u2019emballage alimentaire, l\u2019industrie, les appareils m\u00e9nagers, les jouets, les bo\u00eetes \u00e9lectriques, les films et les feuilles. Les principales caract\u00e9ristiques communes des grades GPPS-HIPS sont : Haute transformabilit\u00e9 R\u00e9sistance \u00e0 [&hellip;]<\/p>\n","protected":false},"author":2,"featured_media":0,"parent":0,"menu_order":0,"comment_status":"closed","ping_status":"closed","template":"","meta":{"_et_pb_use_builder":"on","_et_pb_old_content":"","_et_gb_content_width":"","inline_featured_image":false,"footnotes":""},"class_list":["post-512","page","type-page","status-publish","hentry"],"yoast_head":"<!-- This site is optimized with the Yoast SEO plugin v27.2 - https:\/\/yoast.com\/product\/yoast-seo-wordpress\/ -->\n<title>Versalis Produits GPPS-HIPS - Fournier Polymers - Europe<\/title>\n<meta name=\"robots\" content=\"index, follow, max-snippet:-1, max-image-preview:large, max-video-preview:-1\" \/>\n<link rel=\"canonical\" href=\"https:\/\/www.fournierpolymers.com\/europe\/fr\/versalis-produits-gpps-hips\/\" \/>\n<meta property=\"og:locale\" content=\"fr_FR\" \/>\n<meta property=\"og:type\" content=\"article\" \/>\n<meta property=\"og:title\" content=\"Versalis Produits GPPS-HIPS - Fournier Polymers - Europe\" \/>\n<meta property=\"og:description\" content=\"Versalis Produits GPPS-HIPSFournier Polymers pr\u00e9sente les produits Eni Versalis GPPS-HIPS (General Purpose Polystyrene, High impact Polystyrene). Ces polystyr\u00e8nes sont couramment utilis\u00e9s pour diff\u00e9rentes applications telles que l\u2019emballage alimentaire, l\u2019industrie, les appareils m\u00e9nagers, les jouets, les bo\u00eetes \u00e9lectriques, les films et les feuilles. Les principales caract\u00e9ristiques communes des grades GPPS-HIPS sont : Haute transformabilit\u00e9 R\u00e9sistance \u00e0 [&hellip;]\" \/>\n<meta property=\"og:url\" content=\"https:\/\/www.fournierpolymers.com\/europe\/fr\/versalis-produits-gpps-hips\/\" \/>\n<meta property=\"og:site_name\" content=\"Fournier Polymers - Europe\" \/>\n<meta property=\"article:modified_time\" content=\"2023-01-19T15:15:34+00:00\" \/>\n<meta name=\"twitter:card\" content=\"summary_large_image\" \/>\n<meta name=\"twitter:label1\" content=\"Dur\u00e9e de lecture estim\u00e9e\" \/>\n\t<meta name=\"twitter:data1\" content=\"5 minutes\" \/>\n<script type=\"application\/ld+json\" class=\"yoast-schema-graph\">{\"@context\":\"https:\/\/schema.org\",\"@graph\":[{\"@type\":\"WebPage\",\"@id\":\"https:\/\/www.fournierpolymers.com\/europe\/fr\/versalis-produits-gpps-hips\/\",\"url\":\"https:\/\/www.fournierpolymers.com\/europe\/fr\/versalis-produits-gpps-hips\/\",\"name\":\"Versalis Produits GPPS-HIPS - Fournier Polymers - Europe\",\"isPartOf\":{\"@id\":\"https:\/\/www.fournierpolymers.com\/europe\/#website\"},\"datePublished\":\"2022-12-21T09:23:39+00:00\",\"dateModified\":\"2023-01-19T15:15:34+00:00\",\"breadcrumb\":{\"@id\":\"https:\/\/www.fournierpolymers.com\/europe\/fr\/versalis-produits-gpps-hips\/#breadcrumb\"},\"inLanguage\":\"fr-FR\",\"potentialAction\":[{\"@type\":\"ReadAction\",\"target\":[\"https:\/\/www.fournierpolymers.com\/europe\/fr\/versalis-produits-gpps-hips\/\"]}]},{\"@type\":\"BreadcrumbList\",\"@id\":\"https:\/\/www.fournierpolymers.com\/europe\/fr\/versalis-produits-gpps-hips\/#breadcrumb\",\"itemListElement\":[{\"@type\":\"ListItem\",\"position\":1,\"name\":\"Home\",\"item\":\"https:\/\/www.fournierpolymers.com\/europe\/fr\/\"},{\"@type\":\"ListItem\",\"position\":2,\"name\":\"Versalis Produits GPPS-HIPS\"}]},{\"@type\":\"WebSite\",\"@id\":\"https:\/\/www.fournierpolymers.com\/europe\/#website\",\"url\":\"https:\/\/www.fournierpolymers.com\/europe\/\",\"name\":\"Fournier Polymers - Europe\",\"description\":\"\",\"potentialAction\":[{\"@type\":\"SearchAction\",\"target\":{\"@type\":\"EntryPoint\",\"urlTemplate\":\"https:\/\/www.fournierpolymers.com\/europe\/?s={search_term_string}\"},\"query-input\":{\"@type\":\"PropertyValueSpecification\",\"valueRequired\":true,\"valueName\":\"search_term_string\"}}],\"inLanguage\":\"fr-FR\"}]}<\/script>\n<!-- \/ Yoast SEO plugin. -->","yoast_head_json":{"title":"Versalis Produits GPPS-HIPS - Fournier Polymers - Europe","robots":{"index":"index","follow":"follow","max-snippet":"max-snippet:-1","max-image-preview":"max-image-preview:large","max-video-preview":"max-video-preview:-1"},"canonical":"https:\/\/www.fournierpolymers.com\/europe\/fr\/versalis-produits-gpps-hips\/","og_locale":"fr_FR","og_type":"article","og_title":"Versalis Produits GPPS-HIPS - Fournier Polymers - Europe","og_description":"Versalis Produits GPPS-HIPSFournier Polymers pr\u00e9sente les produits Eni Versalis GPPS-HIPS (General Purpose Polystyrene, High impact Polystyrene). Ces polystyr\u00e8nes sont couramment utilis\u00e9s pour diff\u00e9rentes applications telles que l\u2019emballage alimentaire, l\u2019industrie, les appareils m\u00e9nagers, les jouets, les bo\u00eetes \u00e9lectriques, les films et les feuilles. Les principales caract\u00e9ristiques communes des grades GPPS-HIPS sont : Haute transformabilit\u00e9 R\u00e9sistance \u00e0 [&hellip;]","og_url":"https:\/\/www.fournierpolymers.com\/europe\/fr\/versalis-produits-gpps-hips\/","og_site_name":"Fournier Polymers - Europe","article_modified_time":"2023-01-19T15:15:34+00:00","twitter_card":"summary_large_image","twitter_misc":{"Dur\u00e9e de lecture estim\u00e9e":"5 minutes"},"schema":{"@context":"https:\/\/schema.org","@graph":[{"@type":"WebPage","@id":"https:\/\/www.fournierpolymers.com\/europe\/fr\/versalis-produits-gpps-hips\/","url":"https:\/\/www.fournierpolymers.com\/europe\/fr\/versalis-produits-gpps-hips\/","name":"Versalis Produits GPPS-HIPS - Fournier Polymers - Europe","isPartOf":{"@id":"https:\/\/www.fournierpolymers.com\/europe\/#website"},"datePublished":"2022-12-21T09:23:39+00:00","dateModified":"2023-01-19T15:15:34+00:00","breadcrumb":{"@id":"https:\/\/www.fournierpolymers.com\/europe\/fr\/versalis-produits-gpps-hips\/#breadcrumb"},"inLanguage":"fr-FR","potentialAction":[{"@type":"ReadAction","target":["https:\/\/www.fournierpolymers.com\/europe\/fr\/versalis-produits-gpps-hips\/"]}]},{"@type":"BreadcrumbList","@id":"https:\/\/www.fournierpolymers.com\/europe\/fr\/versalis-produits-gpps-hips\/#breadcrumb","itemListElement":[{"@type":"ListItem","position":1,"name":"Home","item":"https:\/\/www.fournierpolymers.com\/europe\/fr\/"},{"@type":"ListItem","position":2,"name":"Versalis Produits GPPS-HIPS"}]},{"@type":"WebSite","@id":"https:\/\/www.fournierpolymers.com\/europe\/#website","url":"https:\/\/www.fournierpolymers.com\/europe\/","name":"Fournier Polymers - Europe","description":"","potentialAction":[{"@type":"SearchAction","target":{"@type":"EntryPoint","urlTemplate":"https:\/\/www.fournierpolymers.com\/europe\/?s={search_term_string}"},"query-input":{"@type":"PropertyValueSpecification","valueRequired":true,"valueName":"search_term_string"}}],"inLanguage":"fr-FR"}]}},"_links":{"self":[{"href":"https:\/\/www.fournierpolymers.com\/europe\/wp-json\/wp\/v2\/pages\/512","targetHints":{"allow":["GET"]}}],"collection":[{"href":"https:\/\/www.fournierpolymers.com\/europe\/wp-json\/wp\/v2\/pages"}],"about":[{"href":"https:\/\/www.fournierpolymers.com\/europe\/wp-json\/wp\/v2\/types\/page"}],"author":[{"embeddable":true,"href":"https:\/\/www.fournierpolymers.com\/europe\/wp-json\/wp\/v2\/users\/2"}],"replies":[{"embeddable":true,"href":"https:\/\/www.fournierpolymers.com\/europe\/wp-json\/wp\/v2\/comments?post=512"}],"version-history":[{"count":50,"href":"https:\/\/www.fournierpolymers.com\/europe\/wp-json\/wp\/v2\/pages\/512\/revisions"}],"predecessor-version":[{"id":1840,"href":"https:\/\/www.fournierpolymers.com\/europe\/wp-json\/wp\/v2\/pages\/512\/revisions\/1840"}],"wp:attachment":[{"href":"https:\/\/www.fournierpolymers.com\/europe\/wp-json\/wp\/v2\/media?parent=512"}],"curies":[{"name":"wp","href":"https:\/\/api.w.org\/{rel}","templated":true}]}}