{"id":2102,"date":"2023-04-07T16:55:45","date_gmt":"2023-04-07T14:55:45","guid":{"rendered":"https:\/\/www.fournierpolymers.com\/europe\/?page_id=2102"},"modified":"2023-04-07T17:22:15","modified_gmt":"2023-04-07T15:22:15","slug":"conditions-generales-de-vente","status":"publish","type":"page","link":"https:\/\/www.fournierpolymers.com\/europe\/fr\/conditions-generales-de-vente\/","title":{"rendered":"Conditions G\u00e9n\u00e9rales de Vente"},"content":{"rendered":"<p>[et_pb_section fb_built=\u00a0\u00bb1&Prime; admin_label=\u00a0\u00bbsection\u00a0\u00bb _builder_version=\u00a0\u00bb4.16&Prime; global_colors_info=\u00a0\u00bb{}\u00a0\u00bb][et_pb_row admin_label=\u00a0\u00bbrow\u00a0\u00bb _builder_version=\u00a0\u00bb4.16&Prime; background_size=\u00a0\u00bbinitial\u00a0\u00bb background_position=\u00a0\u00bbtop_left\u00a0\u00bb background_repeat=\u00a0\u00bbrepeat\u00a0\u00bb global_colors_info=\u00a0\u00bb{}\u00a0\u00bb][et_pb_column type=\u00a0\u00bb4_4&Prime; _builder_version=\u00a0\u00bb4.16&Prime; custom_padding=\u00a0\u00bb|||\u00a0\u00bb global_colors_info=\u00a0\u00bb{}\u00a0\u00bb custom_padding__hover=\u00a0\u00bb|||\u00a0\u00bb][et_pb_text admin_label=\u00a0\u00bbConditions G\u00e9n\u00e9rales de Vente\u00a0\u00bb _builder_version=\u00a0\u00bb4.19.2&Prime; _module_preset=\u00a0\u00bbb3f290e9-bcd5-4ca4-92e9-5d2f46be520f\u00a0\u00bb animation_style=\u00a0\u00bbfade\u00a0\u00bb hover_enabled=\u00a0\u00bb0&Prime; custom_css_after=\u00a0\u00bbcontent:%22%22;||position:absolute;||height:3px;||width:70px;||background:#CE1225;||left:50%;||transform:translateX(-50%);||bottom:-8px;\u00a0\u00bb global_colors_info=\u00a0\u00bb{}\u00a0\u00bb sticky_enabled=\u00a0\u00bb0&Prime;]<\/p>\n<h2>Conditions G\u00e9n\u00e9rales de Vente<\/h2>\n<p>[\/et_pb_text][et_pb_text _builder_version=\u00a0\u00bb4.19.2&Prime; _module_preset=\u00a0\u00bbdefault\u00a0\u00bb global_colors_info=\u00a0\u00bb{}\u00a0\u00bb]&nbsp;<\/p>\n<p class=\"has-text-align-left\"><strong>1- Les commandes ne sont valables que si elles sont accept\u00e9es par la Direction et elles ne deviennent d\u00e9finitives que par cette acceptation. Toute commande implique l&rsquo;adh\u00e9sion sans r\u00e9serve aux conditions g\u00e9n\u00e9rales de vente qui pr\u00e9vaudront sur toutes conditions d&rsquo;achat ou tout autre document \u00e9manant de l&rsquo;acheteur.<\/strong><\/p>\n<p class=\"has-text-align-left\">2- La marchandise voyage toujours aux risques et p\u00e9rils de l&rsquo;acheteur et il appartient \u00e0 notre client\u00e8le de garantir ses droits, vis\u00ad \u00e0-vis des transporteurs si elle estime devoir le faire..<\/p>\n<p class=\"has-text-align-left\">3- Lorsque les ventes sont effectu\u00e9es en \u00ab emballages consign\u00e9s \u00bb, ceux-ci constituant un emballage industriel, demeurent notre propri\u00e9t\u00e9 et sont r\u00e9serv\u00e9s exclusivement au logement de nos produits.<br \/>\nLe d\u00e9bit dont ces emballages sont l&rsquo;objet sur facture ne constitue pas une vente mais une simple consignation, une garantie dont le montant sera rembours\u00e9 si notre mat\u00e9riel est retourn\u00e9 \u00e0 nos entrep\u00f4ts en bon \u00e9tat de r\u00e9utilisation et franco. Ce retour doit \u00eatre effectu\u00e9 dans le d\u00e9lai de deux mois de la date d&rsquo;exp\u00e9dition \u00e0 l&rsquo;\u00e9tat plein.<\/p>\n<p class=\"has-text-align-left\">4- Toutes contestations \u00e0 l&rsquo;occasion de nos fournitures sont de la comp\u00e9tence des Tribunaux de Commerce de Lyon.<\/p>\n<p class=\"has-text-align-left\">5- Les marchandises sont payables \u00e0 notre si\u00e8ge social.<\/p>\n<p class=\"has-text-align-left\">6- Les paiements doivent \u00eatre effectu\u00e9s au comptant, sauf accord diff\u00e9rent n\u00e9goci\u00e9 \u00e0 la commande et qui sera mentionn\u00e9 express\u00e9ment sur la facture.<\/p>\n<p class=\"has-text-align-left\">Les traites doivent \u00eatre retourn\u00e9es au si\u00e8ge de la soci\u00e9t\u00e9 dans un d\u00e9lai de 10 jours.<\/p>\n<p class=\"has-text-align-left\">Tout retard de paiement entra\u00eene l&rsquo;application de plein droit d&rsquo;une p\u00e9nalit\u00e9 de retard calcul\u00e9e au taux de 3,50 fois l&rsquo;int\u00e9r\u00eat l\u00e9gal. Ces p\u00e9nalit\u00e9s s&rsquo;appliquent \u00e0 compter soit :<\/p>\n<\/p>\n<ul>\n<li>De la date de facture si elle est stipul\u00e9e comptant avec franchise 10 jours pour d\u00e9lais courrier<\/li>\n<li>De la date de r\u00e8glement n\u00e9goci\u00e9 figurant sur la facture<\/li>\n<\/ul>\n<p class=\"has-text-align-left\">L&rsquo;application de ces p\u00e9nalit\u00e9s est sans incidence sur la possibilit\u00e9 pour la soci\u00e9t\u00e9 de recouvrer les sommes dues par toute voie de droit.<\/p>\n<p class=\"has-text-align-left\"><strong>Le non-paiement, m\u00eame partiel, d&rsquo;une seule facture \u00e0 son \u00e9ch\u00e9ance entra\u00eenera, sans mise en demeure pr\u00e9alable, l&rsquo;exigibilit\u00e9 imm\u00e9diate de l&rsquo;int\u00e9gralit\u00e9 des sommes dues par le Client, sans pr\u00e9judice des autres actions que FOURNIER POLYMERS serait en droit d&rsquo;intenter, \u00e0 ce titre, \u00e0 l&rsquo;encontre du Client.<\/strong><\/p>\n<p class=\"has-text-align-left\">En application de l&rsquo;article L441-6 du Code de Commerce, tout client en situation de retard de paiement d&rsquo;une de ses factures par rapport \u00e0 la date de r\u00e8glement convenue, et en sus des p\u00e9nalit\u00e9s de retard calcul\u00e9es conform\u00e9ment aux pr\u00e9sentes Conditions G\u00e9n\u00e9rales de Vente, est de plein droit d\u00e9biteur \u00e0 l&rsquo;\u00e9gard de notre soci\u00e9t\u00e9, \u00e0 compter du 1er janvier 2013, d&rsquo;une indemnit\u00e9 forfaitaire pour frais de recouvrement de 40\u20ac par fracture. La soci\u00e9t\u00e9 FOURNIER POLYMERS se r\u00e9serve en outre le droit, sur justificatifs, de r\u00e9clamer \u00e0 titre compl\u00e9mentaire le co\u00fbt r\u00e9el des frais de recouvrement engag\u00e9s, d\u00e9passant ce montant (art. L 441- 6 du code du commerce).<\/p>\n<p class=\"has-text-align-left\">7- D\u00e9nonciations des d\u00e9fauts<br \/>\nNous pouvons consid\u00e9rer exclusivement les r\u00e9clamations nous parvenant au plus tard 8 jours apr\u00e8s l&rsquo;arriv\u00e9e de la marchandise au lieu de destination, ceci par lettre recommand\u00e9e. Les d\u00e9fauts impossibles \u00e0 d\u00e9couvrir dans ce d\u00e9lai malgr\u00e9 l&rsquo;examination soigneuse devront \u00eatre signal\u00e9s au plus tard 4 semaines apr\u00e8s l&rsquo;arriv\u00e9e de la marchandise tandis que tout usinage ou maniement devra s&rsquo;arr\u00eater imm\u00e9diatement. Au cas d&rsquo;une r\u00e9clamation justifi\u00e9e, nous accordons \u00e0 notre choix une r\u00e9duction de prix, un \u00e9change ou bien nous remboursons le prix d&rsquo;achat.<br \/>\nL&rsquo;investigation d&rsquo;avis des d\u00e9fauts ne d\u00e9lie aucunement de l&rsquo;obligation de paiement. Sans notre assentiment pr\u00e9alable, le renvoi de la marchandise n&rsquo;est pas admissible.<\/p>\n<p class=\"has-text-align-left\">Toute autre demande d&rsquo;indemnit\u00e9s sera exclue.<\/p>\n<p><strong>Clause de r\u00e9serve de propri\u00e9t\u00e9<\/strong><\/p>\n<p><strong>Toutes les marchandises vendues restent la propri\u00e9t\u00e9 de notre soci\u00e9t\u00e9, jusqu&rsquo;\u00e0 l&rsquo;ex\u00e9cution par l&rsquo;acheteur de toutes ses obligations et sp\u00e9cialement jusqu&rsquo;\u00e0 complet paiement du prix.<\/strong><\/p>\n<p><strong>Les acomptes pourront \u00eatre conserv\u00e9s pour couvrir les pertes \u00e9ventuelles \u00e0 la revente.<\/strong>[\/et_pb_text][\/et_pb_column][\/et_pb_row][\/et_pb_section]<\/p>\n","protected":false},"excerpt":{"rendered":"<p>Conditions G\u00e9n\u00e9rales de Vente&nbsp; 1- Les commandes ne sont valables que si elles sont accept\u00e9es par la Direction et elles ne deviennent d\u00e9finitives que par cette acceptation. Toute commande implique l&rsquo;adh\u00e9sion sans r\u00e9serve aux conditions g\u00e9n\u00e9rales de vente qui pr\u00e9vaudront sur toutes conditions d&rsquo;achat ou tout autre document \u00e9manant de l&rsquo;acheteur. 2- La marchandise voyage [&hellip;]<\/p>\n","protected":false},"author":2,"featured_media":0,"parent":0,"menu_order":0,"comment_status":"closed","ping_status":"closed","template":"","meta":{"_et_pb_use_builder":"on","_et_pb_old_content":"","_et_gb_content_width":"","inline_featured_image":false,"footnotes":""},"class_list":["post-2102","page","type-page","status-publish","hentry"],"yoast_head":"<!-- This site is optimized with the Yoast SEO plugin v27.2 - https:\/\/yoast.com\/product\/yoast-seo-wordpress\/ -->\n<title>Conditions G\u00e9n\u00e9rales de Vente - Fournier Polymers - Europe<\/title>\n<meta name=\"robots\" content=\"index, follow, max-snippet:-1, max-image-preview:large, max-video-preview:-1\" \/>\n<link rel=\"canonical\" href=\"https:\/\/www.fournierpolymers.com\/europe\/fr\/conditions-generales-de-vente\/\" \/>\n<meta property=\"og:locale\" content=\"fr_FR\" \/>\n<meta property=\"og:type\" content=\"article\" \/>\n<meta property=\"og:title\" content=\"Conditions G\u00e9n\u00e9rales de Vente - Fournier Polymers - Europe\" \/>\n<meta property=\"og:description\" content=\"Conditions G\u00e9n\u00e9rales de Vente&nbsp; 1- Les commandes ne sont valables que si elles sont accept\u00e9es par la Direction et elles ne deviennent d\u00e9finitives que par cette acceptation. Toute commande implique l&#039;adh\u00e9sion sans r\u00e9serve aux conditions g\u00e9n\u00e9rales de vente qui pr\u00e9vaudront sur toutes conditions d&#039;achat ou tout autre document \u00e9manant de l&#039;acheteur. 2- La marchandise voyage [&hellip;]\" \/>\n<meta property=\"og:url\" content=\"https:\/\/www.fournierpolymers.com\/europe\/fr\/conditions-generales-de-vente\/\" \/>\n<meta property=\"og:site_name\" content=\"Fournier Polymers - Europe\" \/>\n<meta property=\"article:modified_time\" content=\"2023-04-07T15:22:15+00:00\" \/>\n<meta name=\"twitter:card\" content=\"summary_large_image\" \/>\n<meta name=\"twitter:label1\" content=\"Dur\u00e9e de lecture estim\u00e9e\" \/>\n\t<meta name=\"twitter:data1\" content=\"4 minutes\" \/>\n<script type=\"application\/ld+json\" class=\"yoast-schema-graph\">{\"@context\":\"https:\/\/schema.org\",\"@graph\":[{\"@type\":\"WebPage\",\"@id\":\"https:\/\/www.fournierpolymers.com\/europe\/fr\/conditions-generales-de-vente\/\",\"url\":\"https:\/\/www.fournierpolymers.com\/europe\/fr\/conditions-generales-de-vente\/\",\"name\":\"Conditions G\u00e9n\u00e9rales de Vente - Fournier Polymers - Europe\",\"isPartOf\":{\"@id\":\"https:\/\/www.fournierpolymers.com\/europe\/#website\"},\"datePublished\":\"2023-04-07T14:55:45+00:00\",\"dateModified\":\"2023-04-07T15:22:15+00:00\",\"breadcrumb\":{\"@id\":\"https:\/\/www.fournierpolymers.com\/europe\/fr\/conditions-generales-de-vente\/#breadcrumb\"},\"inLanguage\":\"fr-FR\",\"potentialAction\":[{\"@type\":\"ReadAction\",\"target\":[\"https:\/\/www.fournierpolymers.com\/europe\/fr\/conditions-generales-de-vente\/\"]}]},{\"@type\":\"BreadcrumbList\",\"@id\":\"https:\/\/www.fournierpolymers.com\/europe\/fr\/conditions-generales-de-vente\/#breadcrumb\",\"itemListElement\":[{\"@type\":\"ListItem\",\"position\":1,\"name\":\"Home\",\"item\":\"https:\/\/www.fournierpolymers.com\/europe\/fr\/\"},{\"@type\":\"ListItem\",\"position\":2,\"name\":\"Conditions G\u00e9n\u00e9rales de Vente\"}]},{\"@type\":\"WebSite\",\"@id\":\"https:\/\/www.fournierpolymers.com\/europe\/#website\",\"url\":\"https:\/\/www.fournierpolymers.com\/europe\/\",\"name\":\"Fournier Polymers - Europe\",\"description\":\"\",\"potentialAction\":[{\"@type\":\"SearchAction\",\"target\":{\"@type\":\"EntryPoint\",\"urlTemplate\":\"https:\/\/www.fournierpolymers.com\/europe\/?s={search_term_string}\"},\"query-input\":{\"@type\":\"PropertyValueSpecification\",\"valueRequired\":true,\"valueName\":\"search_term_string\"}}],\"inLanguage\":\"fr-FR\"}]}<\/script>\n<!-- \/ Yoast SEO plugin. -->","yoast_head_json":{"title":"Conditions G\u00e9n\u00e9rales de Vente - Fournier Polymers - Europe","robots":{"index":"index","follow":"follow","max-snippet":"max-snippet:-1","max-image-preview":"max-image-preview:large","max-video-preview":"max-video-preview:-1"},"canonical":"https:\/\/www.fournierpolymers.com\/europe\/fr\/conditions-generales-de-vente\/","og_locale":"fr_FR","og_type":"article","og_title":"Conditions G\u00e9n\u00e9rales de Vente - Fournier Polymers - Europe","og_description":"Conditions G\u00e9n\u00e9rales de Vente&nbsp; 1- Les commandes ne sont valables que si elles sont accept\u00e9es par la Direction et elles ne deviennent d\u00e9finitives que par cette acceptation. Toute commande implique l'adh\u00e9sion sans r\u00e9serve aux conditions g\u00e9n\u00e9rales de vente qui pr\u00e9vaudront sur toutes conditions d'achat ou tout autre document \u00e9manant de l'acheteur. 2- La marchandise voyage [&hellip;]","og_url":"https:\/\/www.fournierpolymers.com\/europe\/fr\/conditions-generales-de-vente\/","og_site_name":"Fournier Polymers - Europe","article_modified_time":"2023-04-07T15:22:15+00:00","twitter_card":"summary_large_image","twitter_misc":{"Dur\u00e9e de lecture estim\u00e9e":"4 minutes"},"schema":{"@context":"https:\/\/schema.org","@graph":[{"@type":"WebPage","@id":"https:\/\/www.fournierpolymers.com\/europe\/fr\/conditions-generales-de-vente\/","url":"https:\/\/www.fournierpolymers.com\/europe\/fr\/conditions-generales-de-vente\/","name":"Conditions G\u00e9n\u00e9rales de Vente - Fournier Polymers - Europe","isPartOf":{"@id":"https:\/\/www.fournierpolymers.com\/europe\/#website"},"datePublished":"2023-04-07T14:55:45+00:00","dateModified":"2023-04-07T15:22:15+00:00","breadcrumb":{"@id":"https:\/\/www.fournierpolymers.com\/europe\/fr\/conditions-generales-de-vente\/#breadcrumb"},"inLanguage":"fr-FR","potentialAction":[{"@type":"ReadAction","target":["https:\/\/www.fournierpolymers.com\/europe\/fr\/conditions-generales-de-vente\/"]}]},{"@type":"BreadcrumbList","@id":"https:\/\/www.fournierpolymers.com\/europe\/fr\/conditions-generales-de-vente\/#breadcrumb","itemListElement":[{"@type":"ListItem","position":1,"name":"Home","item":"https:\/\/www.fournierpolymers.com\/europe\/fr\/"},{"@type":"ListItem","position":2,"name":"Conditions G\u00e9n\u00e9rales de Vente"}]},{"@type":"WebSite","@id":"https:\/\/www.fournierpolymers.com\/europe\/#website","url":"https:\/\/www.fournierpolymers.com\/europe\/","name":"Fournier Polymers - Europe","description":"","potentialAction":[{"@type":"SearchAction","target":{"@type":"EntryPoint","urlTemplate":"https:\/\/www.fournierpolymers.com\/europe\/?s={search_term_string}"},"query-input":{"@type":"PropertyValueSpecification","valueRequired":true,"valueName":"search_term_string"}}],"inLanguage":"fr-FR"}]}},"_links":{"self":[{"href":"https:\/\/www.fournierpolymers.com\/europe\/wp-json\/wp\/v2\/pages\/2102","targetHints":{"allow":["GET"]}}],"collection":[{"href":"https:\/\/www.fournierpolymers.com\/europe\/wp-json\/wp\/v2\/pages"}],"about":[{"href":"https:\/\/www.fournierpolymers.com\/europe\/wp-json\/wp\/v2\/types\/page"}],"author":[{"embeddable":true,"href":"https:\/\/www.fournierpolymers.com\/europe\/wp-json\/wp\/v2\/users\/2"}],"replies":[{"embeddable":true,"href":"https:\/\/www.fournierpolymers.com\/europe\/wp-json\/wp\/v2\/comments?post=2102"}],"version-history":[{"count":7,"href":"https:\/\/www.fournierpolymers.com\/europe\/wp-json\/wp\/v2\/pages\/2102\/revisions"}],"predecessor-version":[{"id":2118,"href":"https:\/\/www.fournierpolymers.com\/europe\/wp-json\/wp\/v2\/pages\/2102\/revisions\/2118"}],"wp:attachment":[{"href":"https:\/\/www.fournierpolymers.com\/europe\/wp-json\/wp\/v2\/media?parent=2102"}],"curies":[{"name":"wp","href":"https:\/\/api.w.org\/{rel}","templated":true}]}}