{"id":192,"date":"2022-12-16T10:16:39","date_gmt":"2022-12-16T09:16:39","guid":{"rendered":"https:\/\/www.fournierpolymers.com\/europe\/?page_id=192"},"modified":"2025-01-24T11:58:13","modified_gmt":"2025-01-24T10:58:13","slug":"nos-services","status":"publish","type":"page","link":"https:\/\/www.fournierpolymers.com\/europe\/fr\/nos-services\/","title":{"rendered":"Services"},"content":{"rendered":"<p>[et_pb_section fb_built=\u00a0\u00bb1&Prime; admin_label=\u00a0\u00bbsection\u00a0\u00bb _builder_version=\u00a0\u00bb4.16&Prime; global_colors_info=\u00a0\u00bb{}\u00a0\u00bb][et_pb_row admin_label=\u00a0\u00bbrow\u00a0\u00bb _builder_version=\u00a0\u00bb4.16&Prime; background_size=\u00a0\u00bbinitial\u00a0\u00bb background_position=\u00a0\u00bbtop_left\u00a0\u00bb background_repeat=\u00a0\u00bbrepeat\u00a0\u00bb custom_padding=\u00a0\u00bb||0px|||\u00a0\u00bb global_colors_info=\u00a0\u00bb{}\u00a0\u00bb][et_pb_column type=\u00a0\u00bb4_4&Prime; _builder_version=\u00a0\u00bb4.16&Prime; custom_padding=\u00a0\u00bb|||\u00a0\u00bb global_colors_info=\u00a0\u00bb{}\u00a0\u00bb custom_padding__hover=\u00a0\u00bb|||\u00a0\u00bb][et_pb_text admin_label=\u00a0\u00bbNos services\u00a0\u00bb _builder_version=\u00a0\u00bb4.19.2&Prime; _module_preset=\u00a0\u00bbb3f290e9-bcd5-4ca4-92e9-5d2f46be520f\u00a0\u00bb header_font_size=\u00a0\u00bb36px\u00a0\u00bb header_2_text_color=\u00a0\u00bb#002654&Prime; custom_margin=\u00a0\u00bb||3px|||\u00a0\u00bb global_colors_info=\u00a0\u00bb{}\u00a0\u00bb]<\/p>\n<h1>Nos services<\/h1>\n<p>[\/et_pb_text][et_pb_divider color=\u00a0\u00bbRGBA(255,255,255,0)\u00a0\u00bb _builder_version=\u00a0\u00bb4.19.2&Prime; _module_preset=\u00a0\u00bbdefault\u00a0\u00bb global_colors_info=\u00a0\u00bb{}\u00a0\u00bb][\/et_pb_divider][\/et_pb_column][\/et_pb_row][et_pb_row _builder_version=\u00a0\u00bb4.19.2&Prime; _module_preset=\u00a0\u00bbdefault\u00a0\u00bb global_colors_info=\u00a0\u00bb{}\u00a0\u00bb][et_pb_column type=\u00a0\u00bb4_4&Prime; _builder_version=\u00a0\u00bb4.19.2&Prime; _module_preset=\u00a0\u00bbdefault\u00a0\u00bb global_colors_info=\u00a0\u00bb{}\u00a0\u00bb][et_pb_text admin_label=\u00a0\u00bbDistribution\u00a0\u00bb _builder_version=\u00a0\u00bb4.19.2&Prime; _module_preset=\u00a0\u00bbdefault\u00a0\u00bb header_text_align=\u00a0\u00bbleft\u00a0\u00bb header_2_font=\u00a0\u00bb||||||||\u00a0\u00bb header_2_text_align=\u00a0\u00bbcenter\u00a0\u00bb header_2_text_color=\u00a0\u00bb#002654&Prime; header_2_font_size=\u00a0\u00bb32px\u00a0\u00bb positioning=\u00a0\u00bbrelative\u00a0\u00bb custom_margin=\u00a0\u00bb||23px|||\u00a0\u00bb animation_style=\u00a0\u00bbslide\u00a0\u00bb animation_direction=\u00a0\u00bbbottom\u00a0\u00bb animation_duration=\u00a0\u00bb600ms\u00a0\u00bb animation_intensity_slide=\u00a0\u00bb4%\u00a0\u00bb custom_css_after=\u00a0\u00bbcontent:%22%22;||position:absolute;||height:3px;||width:70px;||background:#CE1225;||left:50%;||transform:translateX(-50%);||bottom:-8px;\u00a0\u00bb global_colors_info=\u00a0\u00bb{}\u00a0\u00bb]<\/p>\n<h2>Distribution<\/h2>\n<p>[\/et_pb_text][et_pb_text _builder_version=\u00a0\u00bb4.19.2&Prime; _module_preset=\u00a0\u00bbdefault\u00a0\u00bb custom_margin=\u00a0\u00bb33px|||||\u00a0\u00bb global_colors_info=\u00a0\u00bb{}\u00a0\u00bb]<\/p>\n<p>Un service de vente et d\u2019assistance expert pr\u00eat \u00e0 r\u00e9pondre efficacement aux besoins de nos clients.<\/p>\n<p>Support technique offrant un service de haute qualit\u00e9.<\/p>\n<p>[\/et_pb_text][et_pb_image src=\u00a0\u00bbhttps:\/\/www.fournierpolymers.com\/europe\/wp-content\/uploads\/sites\/2\/2022\/12\/distribution-2.jpg\u00a0\u00bb alt=\u00a0\u00bbDistribution Fournier Polymers\u00a0\u00bb title_text=\u00a0\u00bbDistribution Fournier Polymers\u00a0\u00bb _builder_version=\u00a0\u00bb4.19.2&Prime; _module_preset=\u00a0\u00bb23109ff3-ba06-46a3-82fd-ed75dc01b242&Prime; global_colors_info=\u00a0\u00bb{}\u00a0\u00bb][\/et_pb_image][\/et_pb_column][\/et_pb_row][et_pb_row _builder_version=\u00a0\u00bb4.19.2&Prime; _module_preset=\u00a0\u00bbdefault\u00a0\u00bb global_colors_info=\u00a0\u00bb{}\u00a0\u00bb][et_pb_column type=\u00a0\u00bb4_4&Prime; _builder_version=\u00a0\u00bb4.19.2&Prime; _module_preset=\u00a0\u00bbdefault\u00a0\u00bb global_colors_info=\u00a0\u00bb{}\u00a0\u00bb][et_pb_text admin_label=\u00a0\u00bbLogistique\u00a0\u00bb _builder_version=\u00a0\u00bb4.19.2&Prime; _module_preset=\u00a0\u00bbdefault\u00a0\u00bb header_text_align=\u00a0\u00bbleft\u00a0\u00bb header_2_font=\u00a0\u00bb||||||||\u00a0\u00bb header_2_text_align=\u00a0\u00bbcenter\u00a0\u00bb header_2_text_color=\u00a0\u00bb#002654&Prime; header_2_font_size=\u00a0\u00bb32px\u00a0\u00bb positioning=\u00a0\u00bbrelative\u00a0\u00bb custom_margin=\u00a0\u00bb||23px|||\u00a0\u00bb animation_style=\u00a0\u00bbslide\u00a0\u00bb animation_direction=\u00a0\u00bbbottom\u00a0\u00bb animation_duration=\u00a0\u00bb600ms\u00a0\u00bb animation_intensity_slide=\u00a0\u00bb4%\u00a0\u00bb custom_css_after=\u00a0\u00bbcontent:%22%22;||position:absolute;||height:3px;||width:70px;||background:#CE1225;||left:50%;||transform:translateX(-50%);||bottom:-8px;\u00a0\u00bb global_colors_info=\u00a0\u00bb{}\u00a0\u00bb]<\/p>\n<h2>Logistique<\/h2>\n<p>[\/et_pb_text][et_pb_text _builder_version=\u00a0\u00bb4.19.2&Prime; _module_preset=\u00a0\u00bbdefault\u00a0\u00bb global_colors_info=\u00a0\u00bb{}\u00a0\u00bb]Pr\u00e9sence internationale permettant d\u2019offrir des services de transport et de logistique adapt\u00e9s.<\/p>\n<p>Une connaissance des op\u00e9rations internationales pour une gestion compl\u00e8te des mat\u00e9riaux tout au long de la cha\u00eene d\u2019approvisionnement.[\/et_pb_text][et_pb_image src=\u00a0\u00bbhttps:\/\/www.fournierpolymers.com\/europe\/wp-content\/uploads\/sites\/2\/2022\/12\/logistique-2.jpg\u00a0\u00bb alt=\u00a0\u00bbLogistique Fournier Polymers\u00a0\u00bb title_text=\u00a0\u00bbLogistique Fournier Polymers\u00a0\u00bb _builder_version=\u00a0\u00bb4.19.2&Prime; _module_preset=\u00a0\u00bb23109ff3-ba06-46a3-82fd-ed75dc01b242&Prime; global_colors_info=\u00a0\u00bb{}\u00a0\u00bb][\/et_pb_image][\/et_pb_column][\/et_pb_row][et_pb_row _builder_version=\u00a0\u00bb4.19.2&Prime; _module_preset=\u00a0\u00bbdefault\u00a0\u00bb global_colors_info=\u00a0\u00bb{}\u00a0\u00bb][et_pb_column type=\u00a0\u00bb4_4&Prime; _builder_version=\u00a0\u00bb4.19.2&Prime; _module_preset=\u00a0\u00bbdefault\u00a0\u00bb global_colors_info=\u00a0\u00bb{}\u00a0\u00bb][et_pb_text admin_label=\u00a0\u00bbService Technique\u00a0\u00bb _builder_version=\u00a0\u00bb4.19.2&Prime; _module_preset=\u00a0\u00bbdefault\u00a0\u00bb header_text_align=\u00a0\u00bbleft\u00a0\u00bb header_2_font=\u00a0\u00bb||||||||\u00a0\u00bb header_2_text_align=\u00a0\u00bbcenter\u00a0\u00bb header_2_text_color=\u00a0\u00bb#002654&Prime; header_2_font_size=\u00a0\u00bb32px\u00a0\u00bb positioning=\u00a0\u00bbrelative\u00a0\u00bb custom_margin=\u00a0\u00bb||23px|||\u00a0\u00bb animation_style=\u00a0\u00bbslide\u00a0\u00bb animation_direction=\u00a0\u00bbbottom\u00a0\u00bb animation_duration=\u00a0\u00bb600ms\u00a0\u00bb animation_intensity_slide=\u00a0\u00bb4%\u00a0\u00bb custom_css_after=\u00a0\u00bbcontent:%22%22;||position:absolute;||height:3px;||width:70px;||background:#CE1225;||left:50%;||transform:translateX(-50%);||bottom:-8px;\u00a0\u00bb global_colors_info=\u00a0\u00bb{}\u00a0\u00bb]<\/p>\n<h2>Service Technique<\/h2>\n<p>[\/et_pb_text][et_pb_text _builder_version=\u00a0\u00bb4.19.2&Prime; _module_preset=\u00a0\u00bbdefault\u00a0\u00bb global_colors_info=\u00a0\u00bb{}\u00a0\u00bb]<\/p>\n<p>Fournier Polymers vous accompagne dans vos projets pour concevoir des pi\u00e8ces plastiques adapt\u00e9es aux exigences de leurs applications finales. Notre Service Technique, bas\u00e9 \u00e0 Lyon, est soutenu par les \u00e9quipes de Recherche &amp; D\u00e9veloppement qui participent au d\u00e9veloppement des formulations et des \u00e9tudes techniques.<\/p>\n<p>Il s\u2019agit, entre autres, d\u2019analyses de pi\u00e8ces et d\u2019\u00e9tudes par \u00e9l\u00e9ments finis (rh\u00e9ologie et m\u00e9canique). Nous attachons une importance fondamentale \u00e0 l\u2019innovation et travaillons en \u00e9troite collaboration avec vous pour trouver les solutions appropri\u00e9es \u00e0 vos besoins.<\/p>\n<p>[\/et_pb_text][et_pb_image src=\u00a0\u00bbhttps:\/\/www.fournierpolymers.com\/europe\/wp-content\/uploads\/sites\/2\/2022\/12\/technique-1.jpg\u00a0\u00bb alt=\u00a0\u00bbService Technique Fournier Polymers\u00a0\u00bb title_text=\u00a0\u00bbService Technique Fournier Polymers\u00a0\u00bb _builder_version=\u00a0\u00bb4.19.2&Prime; _module_preset=\u00a0\u00bb23109ff3-ba06-46a3-82fd-ed75dc01b242&Prime; global_colors_info=\u00a0\u00bb{}\u00a0\u00bb][\/et_pb_image][\/et_pb_column][\/et_pb_row][et_pb_row _builder_version=\u00a0\u00bb4.19.2&Prime; _module_preset=\u00a0\u00bbdefault\u00a0\u00bb global_colors_info=\u00a0\u00bb{}\u00a0\u00bb][et_pb_column type=\u00a0\u00bb4_4&Prime; _builder_version=\u00a0\u00bb4.19.2&Prime; _module_preset=\u00a0\u00bbdefault\u00a0\u00bb global_colors_info=\u00a0\u00bb{}\u00a0\u00bb][et_pb_text admin_label=\u00a0\u00bbService Qualit\u00e9\u00a0\u00bb _builder_version=\u00a0\u00bb4.19.2&Prime; _module_preset=\u00a0\u00bbdefault\u00a0\u00bb header_text_align=\u00a0\u00bbleft\u00a0\u00bb header_2_font=\u00a0\u00bb||||||||\u00a0\u00bb header_2_text_align=\u00a0\u00bbcenter\u00a0\u00bb header_2_text_color=\u00a0\u00bb#002654&Prime; header_2_font_size=\u00a0\u00bb32px\u00a0\u00bb positioning=\u00a0\u00bbrelative\u00a0\u00bb custom_margin=\u00a0\u00bb||23px|||\u00a0\u00bb animation_style=\u00a0\u00bbslide\u00a0\u00bb animation_direction=\u00a0\u00bbbottom\u00a0\u00bb animation_duration=\u00a0\u00bb600ms\u00a0\u00bb animation_intensity_slide=\u00a0\u00bb4%\u00a0\u00bb custom_css_after=\u00a0\u00bbcontent:%22%22;||position:absolute;||height:3px;||width:70px;||background:#CE1225;||left:50%;||transform:translateX(-50%);||bottom:-8px;\u00a0\u00bb global_colors_info=\u00a0\u00bb{}\u00a0\u00bb]<\/p>\n<h2>Service Qualit\u00e9<\/h2>\n<p>[\/et_pb_text][et_pb_text _builder_version=\u00a0\u00bb4.19.2&Prime; _module_preset=\u00a0\u00bbdefault\u00a0\u00bb global_colors_info=\u00a0\u00bb{}\u00a0\u00bb]<\/p>\n<p><img loading=\"lazy\" decoding=\"async\" src=\"https:\/\/www.fournierpolymers.com\/europe\/wp-content\/uploads\/sites\/2\/2023\/08\/iso-9001new-300x145.png\" width=\"300\" height=\"145\" alt=\"Iso9001\" class=\"wp-image-2243 alignnone size-medium\" style=\"display: block; margin-left: auto; margin-right: auto;\" \/><\/p>\n<p>Depuis 2002, nous sommes <strong><a href=\"https:\/\/www.fournierpolymers.com\/europe\/wp-content\/uploads\/sites\/2\/2025\/01\/CERTIFICAT-ISO9001-FOURNIER-POLYMERS-FRANCE-12127929-V3-expir-31.01.2028.pdf\" target=\"_blank\" rel=\"noopener\" title=\"Certification ISO 9001 - Fournier Polymers\">certifi\u00e9s par la norme qualit\u00e9 ISO 9001 version 2015<\/a><\/strong>. Nous avons une volont\u00e9 permanente d\u2019am\u00e9liorer la satisfaction de nos clients et de nos fournisseurs.<\/p>\n<p>Nous sommes \u00e0 votre \u00e9coute pour toute question relative aux r\u00e9glementations.<\/p>\n<p>Le site FOURNIER POLYMERS France a \u00e9t\u00e9 \u00e9galement reconnu conforme au d\u00e9cret N\u00b02021-461 du 16 avril 2021, relatif \u00e0 la pr\u00e9vention des pertes de granul\u00e9s plastiques industriels dans l\u2019environnement.<br \/><a href=\"https:\/\/www.fournierpolymers.com\/europe\/wp-content\/uploads\/sites\/2\/2023\/09\/ATTESTATION-DE-RECONNAISSANCE-PREV-PERTES-DE-GRANULES-XPIR-11.12.2025-223-2022-000114FR.pdf\" target=\"_blank\" rel=\"noopener\" title=\"Attestation de reconnaissance\"><span style=\"text-decoration: underline;\">Voir l&rsquo;attestation de reconnaissance<\/span><\/a>.<\/p>\n<p>[\/et_pb_text][\/et_pb_column][\/et_pb_row][et_pb_row _builder_version=\u00a0\u00bb4.19.2&Prime; _module_preset=\u00a0\u00bbdefault\u00a0\u00bb global_colors_info=\u00a0\u00bb{}\u00a0\u00bb][et_pb_column type=\u00a0\u00bb4_4&Prime; _builder_version=\u00a0\u00bb4.19.2&Prime; _module_preset=\u00a0\u00bbdefault\u00a0\u00bb global_colors_info=\u00a0\u00bb{}\u00a0\u00bb][et_pb_text admin_label=\u00a0\u00bbFormation et Conseil\u00a0\u00bb _builder_version=\u00a0\u00bb4.19.2&Prime; _module_preset=\u00a0\u00bbdefault\u00a0\u00bb header_text_align=\u00a0\u00bbleft\u00a0\u00bb header_2_font=\u00a0\u00bb||||||||\u00a0\u00bb header_2_text_align=\u00a0\u00bbcenter\u00a0\u00bb header_2_text_color=\u00a0\u00bb#002654&Prime; header_2_font_size=\u00a0\u00bb32px\u00a0\u00bb positioning=\u00a0\u00bbrelative\u00a0\u00bb custom_margin=\u00a0\u00bb||23px|||\u00a0\u00bb animation_style=\u00a0\u00bbslide\u00a0\u00bb animation_direction=\u00a0\u00bbbottom\u00a0\u00bb animation_duration=\u00a0\u00bb600ms\u00a0\u00bb animation_intensity_slide=\u00a0\u00bb4%\u00a0\u00bb custom_css_after=\u00a0\u00bbcontent:%22%22;||position:absolute;||height:3px;||width:70px;||background:#CE1225;||left:50%;||transform:translateX(-50%);||bottom:-8px;\u00a0\u00bb global_colors_info=\u00a0\u00bb{}\u00a0\u00bb]<\/p>\n<h2>Formation et Conseil<\/h2>\n<p>[\/et_pb_text][et_pb_text _builder_version=\u00a0\u00bb4.19.2&Prime; _module_preset=\u00a0\u00bbdefault\u00a0\u00bb hover_enabled=\u00a0\u00bb0&Prime; global_colors_info=\u00a0\u00bb{}\u00a0\u00bb sticky_enabled=\u00a0\u00bb0&Prime;]<\/p>\n<p>Filiale du Groupe Fournier, Avenir formation est un \u00e9tablissement de formation agr\u00e9\u00e9, sp\u00e9cialis\u00e9 dans la formation et le conseil dans 3 domaines principaux :<\/p>\n<p>&#8211; Qualit\u00e9: formation \u00e0 l\u2019ISO \u2013 conseil pour la certification ISO9001 \u2013 OHSAS18001 \u2013 ISO14001\u2026<br \/>&#8211; R\u00e9glementation : REACH \u2013 Mati\u00e8res dangereuses, MSDS, HACCP\u2026<br \/>&#8211; Environnement : gestion des d\u00e9chets \u2013 \u00e9valuation des gaz \u00e0 effet de serre \u2013 empreinte carbone \u2026<\/p>\n<p>[\/et_pb_text][\/et_pb_column][\/et_pb_row][\/et_pb_section]<\/p>\n","protected":false},"excerpt":{"rendered":"<p>D\u00e9couvrez les services de Fournier Polymers : Distribution, Logistique, Service Technique, Service Qualit\u00e9, Formation et Conseil&#8230;<\/p>\n","protected":false},"author":1,"featured_media":0,"parent":0,"menu_order":0,"comment_status":"closed","ping_status":"closed","template":"","meta":{"_et_pb_use_builder":"on","_et_pb_old_content":"","_et_gb_content_width":"","inline_featured_image":false,"footnotes":""},"class_list":["post-192","page","type-page","status-publish","hentry"],"yoast_head":"<!-- This site is optimized with the Yoast SEO plugin v27.2 - https:\/\/yoast.com\/product\/yoast-seo-wordpress\/ -->\n<title>Services - Fournier Polymers - Europe<\/title>\n<meta name=\"robots\" content=\"index, follow, max-snippet:-1, max-image-preview:large, max-video-preview:-1\" \/>\n<link rel=\"canonical\" href=\"https:\/\/www.fournierpolymers.com\/europe\/fr\/nos-services\/\" \/>\n<meta property=\"og:locale\" content=\"fr_FR\" \/>\n<meta property=\"og:type\" content=\"article\" \/>\n<meta property=\"og:title\" content=\"Services - Fournier Polymers - Europe\" \/>\n<meta property=\"og:description\" content=\"D\u00e9couvrez les services de Fournier Polymers : Distribution, Logistique, Service Technique, Service Qualit\u00e9, Formation et Conseil...\" \/>\n<meta property=\"og:url\" content=\"https:\/\/www.fournierpolymers.com\/europe\/fr\/nos-services\/\" \/>\n<meta property=\"og:site_name\" content=\"Fournier Polymers - Europe\" \/>\n<meta property=\"article:modified_time\" content=\"2025-01-24T10:58:13+00:00\" \/>\n<meta property=\"og:image\" content=\"https:\/\/www.fournierpolymers.com\/europe\/wp-content\/uploads\/sites\/2\/2023\/08\/iso-9001new-300x145.png\" \/>\n<meta name=\"twitter:card\" content=\"summary_large_image\" \/>\n<meta name=\"twitter:label1\" content=\"Dur\u00e9e de lecture estim\u00e9e\" \/>\n\t<meta name=\"twitter:data1\" content=\"6 minutes\" \/>\n<script type=\"application\/ld+json\" class=\"yoast-schema-graph\">{\"@context\":\"https:\/\/schema.org\",\"@graph\":[{\"@type\":\"WebPage\",\"@id\":\"https:\/\/www.fournierpolymers.com\/europe\/fr\/nos-services\/\",\"url\":\"https:\/\/www.fournierpolymers.com\/europe\/fr\/nos-services\/\",\"name\":\"Services - Fournier Polymers - Europe\",\"isPartOf\":{\"@id\":\"https:\/\/www.fournierpolymers.com\/europe\/#website\"},\"primaryImageOfPage\":{\"@id\":\"https:\/\/www.fournierpolymers.com\/europe\/fr\/nos-services\/#primaryimage\"},\"image\":{\"@id\":\"https:\/\/www.fournierpolymers.com\/europe\/fr\/nos-services\/#primaryimage\"},\"thumbnailUrl\":\"https:\/\/www.fournierpolymers.com\/europe\/wp-content\/uploads\/sites\/2\/2023\/08\/iso-9001new-300x145.png\",\"datePublished\":\"2022-12-16T09:16:39+00:00\",\"dateModified\":\"2025-01-24T10:58:13+00:00\",\"breadcrumb\":{\"@id\":\"https:\/\/www.fournierpolymers.com\/europe\/fr\/nos-services\/#breadcrumb\"},\"inLanguage\":\"fr-FR\",\"potentialAction\":[{\"@type\":\"ReadAction\",\"target\":[\"https:\/\/www.fournierpolymers.com\/europe\/fr\/nos-services\/\"]}]},{\"@type\":\"ImageObject\",\"inLanguage\":\"fr-FR\",\"@id\":\"https:\/\/www.fournierpolymers.com\/europe\/fr\/nos-services\/#primaryimage\",\"url\":\"https:\/\/www.fournierpolymers.com\/europe\/wp-content\/uploads\/sites\/2\/2023\/08\/iso-9001new.png\",\"contentUrl\":\"https:\/\/www.fournierpolymers.com\/europe\/wp-content\/uploads\/sites\/2\/2023\/08\/iso-9001new.png\",\"width\":758,\"height\":366,\"caption\":\"Iso9001\"},{\"@type\":\"BreadcrumbList\",\"@id\":\"https:\/\/www.fournierpolymers.com\/europe\/fr\/nos-services\/#breadcrumb\",\"itemListElement\":[{\"@type\":\"ListItem\",\"position\":1,\"name\":\"Home\",\"item\":\"https:\/\/www.fournierpolymers.com\/europe\/fr\/\"},{\"@type\":\"ListItem\",\"position\":2,\"name\":\"Services\"}]},{\"@type\":\"WebSite\",\"@id\":\"https:\/\/www.fournierpolymers.com\/europe\/#website\",\"url\":\"https:\/\/www.fournierpolymers.com\/europe\/\",\"name\":\"Fournier Polymers - Europe\",\"description\":\"\",\"potentialAction\":[{\"@type\":\"SearchAction\",\"target\":{\"@type\":\"EntryPoint\",\"urlTemplate\":\"https:\/\/www.fournierpolymers.com\/europe\/?s={search_term_string}\"},\"query-input\":{\"@type\":\"PropertyValueSpecification\",\"valueRequired\":true,\"valueName\":\"search_term_string\"}}],\"inLanguage\":\"fr-FR\"}]}<\/script>\n<!-- \/ Yoast SEO plugin. -->","yoast_head_json":{"title":"Services - Fournier Polymers - Europe","robots":{"index":"index","follow":"follow","max-snippet":"max-snippet:-1","max-image-preview":"max-image-preview:large","max-video-preview":"max-video-preview:-1"},"canonical":"https:\/\/www.fournierpolymers.com\/europe\/fr\/nos-services\/","og_locale":"fr_FR","og_type":"article","og_title":"Services - Fournier Polymers - Europe","og_description":"D\u00e9couvrez les services de Fournier Polymers : Distribution, Logistique, Service Technique, Service Qualit\u00e9, Formation et Conseil...","og_url":"https:\/\/www.fournierpolymers.com\/europe\/fr\/nos-services\/","og_site_name":"Fournier Polymers - Europe","article_modified_time":"2025-01-24T10:58:13+00:00","og_image":[{"url":"https:\/\/www.fournierpolymers.com\/europe\/wp-content\/uploads\/sites\/2\/2023\/08\/iso-9001new-300x145.png","type":"","width":"","height":""}],"twitter_card":"summary_large_image","twitter_misc":{"Dur\u00e9e de lecture estim\u00e9e":"6 minutes"},"schema":{"@context":"https:\/\/schema.org","@graph":[{"@type":"WebPage","@id":"https:\/\/www.fournierpolymers.com\/europe\/fr\/nos-services\/","url":"https:\/\/www.fournierpolymers.com\/europe\/fr\/nos-services\/","name":"Services - Fournier Polymers - Europe","isPartOf":{"@id":"https:\/\/www.fournierpolymers.com\/europe\/#website"},"primaryImageOfPage":{"@id":"https:\/\/www.fournierpolymers.com\/europe\/fr\/nos-services\/#primaryimage"},"image":{"@id":"https:\/\/www.fournierpolymers.com\/europe\/fr\/nos-services\/#primaryimage"},"thumbnailUrl":"https:\/\/www.fournierpolymers.com\/europe\/wp-content\/uploads\/sites\/2\/2023\/08\/iso-9001new-300x145.png","datePublished":"2022-12-16T09:16:39+00:00","dateModified":"2025-01-24T10:58:13+00:00","breadcrumb":{"@id":"https:\/\/www.fournierpolymers.com\/europe\/fr\/nos-services\/#breadcrumb"},"inLanguage":"fr-FR","potentialAction":[{"@type":"ReadAction","target":["https:\/\/www.fournierpolymers.com\/europe\/fr\/nos-services\/"]}]},{"@type":"ImageObject","inLanguage":"fr-FR","@id":"https:\/\/www.fournierpolymers.com\/europe\/fr\/nos-services\/#primaryimage","url":"https:\/\/www.fournierpolymers.com\/europe\/wp-content\/uploads\/sites\/2\/2023\/08\/iso-9001new.png","contentUrl":"https:\/\/www.fournierpolymers.com\/europe\/wp-content\/uploads\/sites\/2\/2023\/08\/iso-9001new.png","width":758,"height":366,"caption":"Iso9001"},{"@type":"BreadcrumbList","@id":"https:\/\/www.fournierpolymers.com\/europe\/fr\/nos-services\/#breadcrumb","itemListElement":[{"@type":"ListItem","position":1,"name":"Home","item":"https:\/\/www.fournierpolymers.com\/europe\/fr\/"},{"@type":"ListItem","position":2,"name":"Services"}]},{"@type":"WebSite","@id":"https:\/\/www.fournierpolymers.com\/europe\/#website","url":"https:\/\/www.fournierpolymers.com\/europe\/","name":"Fournier Polymers - Europe","description":"","potentialAction":[{"@type":"SearchAction","target":{"@type":"EntryPoint","urlTemplate":"https:\/\/www.fournierpolymers.com\/europe\/?s={search_term_string}"},"query-input":{"@type":"PropertyValueSpecification","valueRequired":true,"valueName":"search_term_string"}}],"inLanguage":"fr-FR"}]}},"_links":{"self":[{"href":"https:\/\/www.fournierpolymers.com\/europe\/wp-json\/wp\/v2\/pages\/192","targetHints":{"allow":["GET"]}}],"collection":[{"href":"https:\/\/www.fournierpolymers.com\/europe\/wp-json\/wp\/v2\/pages"}],"about":[{"href":"https:\/\/www.fournierpolymers.com\/europe\/wp-json\/wp\/v2\/types\/page"}],"author":[{"embeddable":true,"href":"https:\/\/www.fournierpolymers.com\/europe\/wp-json\/wp\/v2\/users\/1"}],"replies":[{"embeddable":true,"href":"https:\/\/www.fournierpolymers.com\/europe\/wp-json\/wp\/v2\/comments?post=192"}],"version-history":[{"count":57,"href":"https:\/\/www.fournierpolymers.com\/europe\/wp-json\/wp\/v2\/pages\/192\/revisions"}],"predecessor-version":[{"id":2586,"href":"https:\/\/www.fournierpolymers.com\/europe\/wp-json\/wp\/v2\/pages\/192\/revisions\/2586"}],"wp:attachment":[{"href":"https:\/\/www.fournierpolymers.com\/europe\/wp-json\/wp\/v2\/media?parent=192"}],"curies":[{"name":"wp","href":"https:\/\/api.w.org\/{rel}","templated":true}]}}