{"id":1498,"date":"2023-01-12T17:19:42","date_gmt":"2023-01-12T16:19:42","guid":{"rendered":"https:\/\/www.fournierpolymers.com\/europe\/?page_id=1498"},"modified":"2023-01-19T17:35:16","modified_gmt":"2023-01-19T16:35:16","slug":"versalis-san-products","status":"publish","type":"page","link":"https:\/\/www.fournierpolymers.com\/europe\/versalis-san-products\/","title":{"rendered":"Versalis SAN products"},"content":{"rendered":"<p>[et_pb_section fb_built=\u00a0\u00bb1&Prime; admin_label=\u00a0\u00bbsection\u00a0\u00bb _builder_version=\u00a0\u00bb4.16&Prime; global_colors_info=\u00a0\u00bb{}\u00a0\u00bb][et_pb_row admin_label=\u00a0\u00bbrow\u00a0\u00bb _builder_version=\u00a0\u00bb4.16&Prime; background_size=\u00a0\u00bbinitial\u00a0\u00bb background_position=\u00a0\u00bbtop_left\u00a0\u00bb background_repeat=\u00a0\u00bbrepeat\u00a0\u00bb global_colors_info=\u00a0\u00bb{}\u00a0\u00bb][et_pb_column type=\u00a0\u00bb4_4&Prime; _builder_version=\u00a0\u00bb4.16&Prime; custom_padding=\u00a0\u00bb|||\u00a0\u00bb global_colors_info=\u00a0\u00bb{}\u00a0\u00bb custom_padding__hover=\u00a0\u00bb|||\u00a0\u00bb][et_pb_text admin_label=\u00a0\u00bbVersalis Produits SAN\u00a0\u00bb _builder_version=\u00a0\u00bb4.19.2&Prime; _module_preset=\u00a0\u00bbb3f290e9-bcd5-4ca4-92e9-5d2f46be520f\u00a0\u00bb global_colors_info=\u00a0\u00bb{}\u00a0\u00bb]<\/p>\n<h1>Versalis SAN products<\/h1>\n<p>[\/et_pb_text][\/et_pb_column][\/et_pb_row][et_pb_row column_structure=\u00a0\u00bb2_5,3_5&Prime; _builder_version=\u00a0\u00bb4.19.2&Prime; _module_preset=\u00a0\u00bbdefault\u00a0\u00bb global_colors_info=\u00a0\u00bb{}\u00a0\u00bb][et_pb_column type=\u00a0\u00bb2_5&Prime; _builder_version=\u00a0\u00bb4.19.2&Prime; _module_preset=\u00a0\u00bbdefault\u00a0\u00bb global_colors_info=\u00a0\u00bb{}\u00a0\u00bb][et_pb_text admin_label=\u00a0\u00bbFournier Polymers pr\u00e9sente les produits Eni Versalis SAN\u00a0\u00bb _builder_version=\u00a0\u00bb4.19.2&Prime; _module_preset=\u00a0\u00bbdefault\u00a0\u00bb custom_margin=\u00a0\u00bb28px|||||\u00a0\u00bb global_colors_info=\u00a0\u00bb{}\u00a0\u00bb]<\/p>\n<p>Fournier Polymers presents the Eni Versalis SAN (styrene-acrylonitrile) products.<\/p>\n<p>This family of styrenes is commonly used for applications such as transparent sheets, refrigerators, cosmetic packaging and masterbatches.<\/p>\n<p>[\/et_pb_text][\/et_pb_column][et_pb_column type=\u00a0\u00bb3_5&Prime; _builder_version=\u00a0\u00bb4.19.2&Prime; _module_preset=\u00a0\u00bbdefault\u00a0\u00bb global_colors_info=\u00a0\u00bb{}\u00a0\u00bb][et_pb_image src=\u00a0\u00bbhttps:\/\/www.fournierpolymers.com\/europe\/wp-content\/uploads\/sites\/2\/2022\/12\/SAN-2.jpg\u00a0\u00bb alt=\u00a0\u00bbVersalis SAN products\u00a0\u00bb title_text=\u00a0\u00bbVersalis SAN products\u00a0\u00bb _builder_version=\u00a0\u00bb4.19.2&Prime; _module_preset=\u00a0\u00bb23109ff3-ba06-46a3-82fd-ed75dc01b242&Prime; global_colors_info=\u00a0\u00bb{}\u00a0\u00bb][\/et_pb_image][\/et_pb_column][\/et_pb_row][et_pb_row _builder_version=\u00a0\u00bb4.19.2&Prime; _module_preset=\u00a0\u00bbdefault\u00a0\u00bb global_colors_info=\u00a0\u00bb{}\u00a0\u00bb][et_pb_column type=\u00a0\u00bb4_4&Prime; _builder_version=\u00a0\u00bb4.19.2&Prime; _module_preset=\u00a0\u00bbdefault\u00a0\u00bb global_colors_info=\u00a0\u00bb{}\u00a0\u00bb][et_pb_text admin_label=\u00a0\u00bbSAN avec Kostil\u00ae\u00a0\u00bb _builder_version=\u00a0\u00bb4.19.2&Prime; _module_preset=\u00a0\u00bb169fb318-33e0-41ca-8b11-030295c0910d\u00a0\u00bb global_colors_info=\u00a0\u00bb{}\u00a0\u00bb]<\/p>\n<h2>SAN with Kostil\u00ae<\/h2>\n<p>Eni Versalis markets its SAN products using the Kostil\u00ae brand.[\/et_pb_text][\/et_pb_column][\/et_pb_row][et_pb_row column_structure=\u00a0\u00bb3_5,2_5&Prime; _builder_version=\u00a0\u00bb4.19.2&Prime; _module_preset=\u00a0\u00bbdefault\u00a0\u00bb global_colors_info=\u00a0\u00bb{}\u00a0\u00bb][et_pb_column type=\u00a0\u00bb3_5&Prime; _builder_version=\u00a0\u00bb4.19.2&Prime; _module_preset=\u00a0\u00bbdefault\u00a0\u00bb global_colors_info=\u00a0\u00bb{}\u00a0\u00bb][et_pb_image src=\u00a0\u00bbhttps:\/\/www.fournierpolymers.com\/europe\/wp-content\/uploads\/sites\/2\/2023\/01\/kostil.jpg\u00a0\u00bb alt=\u00a0\u00bbSAN with Kostil\u00ae\u00a0\u00bb title_text=\u00a0\u00bbSAN with Kostil\u00ae\u00a0\u00bb _builder_version=\u00a0\u00bb4.19.2&Prime; _module_preset=\u00a0\u00bb23109ff3-ba06-46a3-82fd-ed75dc01b242&Prime; hover_enabled=\u00a0\u00bb0&Prime; global_colors_info=\u00a0\u00bb{}\u00a0\u00bb sticky_enabled=\u00a0\u00bb0&Prime;][\/et_pb_image][\/et_pb_column][et_pb_column type=\u00a0\u00bb2_5&Prime; _builder_version=\u00a0\u00bb4.19.2&Prime; _module_preset=\u00a0\u00bbdefault\u00a0\u00bb global_colors_info=\u00a0\u00bb{}\u00a0\u00bb][et_pb_text admin_label=\u00a0\u00bbKOSTIL\u00ae B 266 pr\u00e9sente une bonne r\u00e9sistance chimique&#8230;\u00a0\u00bb _builder_version=\u00a0\u00bb4.19.2&Prime; _module_preset=\u00a0\u00bbdefault\u00a0\u00bb global_colors_info=\u00a0\u00bb{}\u00a0\u00bb]<\/p>\n<p><strong>KOSTIL\u00ae B 266<\/strong> has excellent chemical resistance and a very low residual monomer content. It is characterised by its high clarity and its good mechanical properties. It is suitable for extrusion and injection moulding. Injection moulding is a typical process, with pre-drying for one to two hours at 80\u00b0C in an air circulating oven, a melting point of 200\u00b0C to 250\u00b0C and a mould temperature of 40\u00b0C to 75\u00b0C.<\/p>\n<p><strong>KOSTIL\u00ae B 366<\/strong> has good chemical resistance, a very low residual monomer content and a high level of clarity. It is designed for moulding items with complex shapes and\/or thin walls in fast cycles. Injection moulding is a typical process, with pre-drying for one to two hours at 80\u00b0C in an air circulating oven, a melting point of 190\u00b0C to 250\u00b0C and a mould temperature of 40\u00b0C to 75\u00b0C.<\/p>\n<p><strong>KOSTIL\u00ae B 755<\/strong> has a very high flow and is designed for compounding applications. It is particularly recommended for masterbatches.<\/p>\n<p>[\/et_pb_text][\/et_pb_column][\/et_pb_row][\/et_pb_section]<\/p>\n","protected":false},"excerpt":{"rendered":"<p>Versalis SAN productsFournier Polymers presents the Eni Versalis SAN (styrene-acrylonitrile) products. This family of styrenes is commonly used for applications such as transparent sheets, refrigerators, cosmetic packaging and masterbatches.SAN with Kostil\u00ae Eni Versalis markets its SAN products using the Kostil\u00ae brand.KOSTIL\u00ae B 266 has excellent chemical resistance and a very low residual monomer content. It [&hellip;]<\/p>\n","protected":false},"author":2,"featured_media":0,"parent":0,"menu_order":0,"comment_status":"closed","ping_status":"closed","template":"","meta":{"_et_pb_use_builder":"on","_et_pb_old_content":"[et_pb_section fb_built=\"1\" admin_label=\"section\" _builder_version=\"4.16\" global_colors_info=\"{}\"][et_pb_row admin_label=\"row\" _builder_version=\"4.16\" background_size=\"initial\" background_position=\"top_left\" background_repeat=\"repeat\" global_colors_info=\"{}\"][et_pb_column type=\"4_4\" _builder_version=\"4.16\" custom_padding=\"|||\" global_colors_info=\"{}\" custom_padding__hover=\"|||\"][et_pb_text admin_label=\"Versalis Produits SAN\" _builder_version=\"4.19.2\" _module_preset=\"b3f290e9-bcd5-4ca4-92e9-5d2f46be520f\" hover_enabled=\"0\" global_colors_info=\"{}\" sticky_enabled=\"0\"]<h1>Versalis Produits SAN<\/h1>[\/et_pb_text][\/et_pb_column][\/et_pb_row][et_pb_row column_structure=\"2_5,3_5\" _builder_version=\"4.19.2\" _module_preset=\"default\" global_colors_info=\"{}\"][et_pb_column type=\"2_5\" _builder_version=\"4.19.2\" _module_preset=\"default\" global_colors_info=\"{}\"][et_pb_text admin_label=\"Fournier Polymers pr\u00e9sente les produits Eni Versalis SAN\" _builder_version=\"4.19.2\" _module_preset=\"default\" global_colors_info=\"{}\"]<p>Fournier Polymers pr\u00e9sente les produits Eni Versalis SAN (r\u00e9sines styr\u00e8ne-acrylonitrile).<\/p>\r\n<p>Cette famille de styr\u00e8nes est couramment utilis\u00e9e pour diff\u00e9rentes applications telles que les feuilles transparentes, les r\u00e9frig\u00e9rateurs, les emballages de cosm\u00e9tiques et les m\u00e9langes-ma\u00eetres.<\/p>[\/et_pb_text][\/et_pb_column][et_pb_column type=\"3_5\" _builder_version=\"4.19.2\" _module_preset=\"default\" global_colors_info=\"{}\"][et_pb_image src=\"https:\/\/www.fournierpolymers.com\/europe\/wp-content\/uploads\/sites\/2\/2022\/12\/SAN-2.jpg\" alt=\"ENI Versalis SAN\" title_text=\"SAN\" _builder_version=\"4.19.2\" _module_preset=\"23109ff3-ba06-46a3-82fd-ed75dc01b242\" hover_enabled=\"0\" global_colors_info=\"{}\" sticky_enabled=\"0\"][\/et_pb_image][\/et_pb_column][\/et_pb_row][et_pb_row _builder_version=\"4.19.2\" _module_preset=\"default\" global_colors_info=\"{}\"][et_pb_column type=\"4_4\" _builder_version=\"4.19.2\" _module_preset=\"default\" global_colors_info=\"{}\"][et_pb_text admin_label=\"SAN avec Kostil\u00ae\" _builder_version=\"4.19.2\" _module_preset=\"169fb318-33e0-41ca-8b11-030295c0910d\" hover_enabled=\"0\" global_colors_info=\"{}\" sticky_enabled=\"0\"]<h2>SAN avec Kostil\u00ae<\/h2>\r\n<p>Kostil\u00ae est la marque sous laquelle Eni Versalis commercialise les produits SAN.<\/p>[\/et_pb_text][\/et_pb_column][\/et_pb_row][et_pb_row column_structure=\"3_5,2_5\" _builder_version=\"4.19.2\" _module_preset=\"default\" global_colors_info=\"{}\"][et_pb_column type=\"3_5\" _builder_version=\"4.19.2\" _module_preset=\"default\" global_colors_info=\"{}\"][et_pb_image src=\"https:\/\/www.fournierpolymers.com\/europe\/wp-content\/uploads\/sites\/2\/2022\/12\/kostil.jpg\" alt=\"SAN avec Kostil\" title_text=\"kostil\" _builder_version=\"4.19.2\" _module_preset=\"23109ff3-ba06-46a3-82fd-ed75dc01b242\" hover_enabled=\"0\" global_colors_info=\"{}\" sticky_enabled=\"0\"][\/et_pb_image][\/et_pb_column][et_pb_column type=\"2_5\" _builder_version=\"4.19.2\" _module_preset=\"default\" global_colors_info=\"{}\"][et_pb_text admin_label=\"KOSTIL\u00ae B 266 pr\u00e9sente une bonne r\u00e9sistance chimique...\" _builder_version=\"4.19.2\" _module_preset=\"default\" global_colors_info=\"{}\"]<p><strong>KOSTIL\u00ae B 266<\/strong> pr\u00e9sente une bonne r\u00e9sistance chimique et une tr\u00e8s faible teneur en monom\u00e8res r\u00e9siduels. Il se caract\u00e9rise par sa grande clart\u00e9 et ses bonnes propri\u00e9t\u00e9s m\u00e9caniques. Les technologies de transformation les plus recommand\u00e9es sont l\u2019extrusion et le moulage par injection. Le moulage par injection est un proc\u00e9d\u00e9 typique avec un pr\u00e9-s\u00e9chage de 1 \u00e0 2 heures \u00e0 80\u00b0C dans un four \u00e0 air circul\u00e9, une temp\u00e9rature de fusion entre 200\u00baC et 250\u00baC et une temp\u00e9rature de moulage entre 40\u00baC et 75\u00baC.<\/p>\r\n<p>\u00a0<\/p>\r\n<p><strong>KOSTIL\u00ae B 366<\/strong> pr\u00e9sente une bonne r\u00e9sistance chimique, une tr\u00e8s faible teneur en monom\u00e8res r\u00e9siduels et une grande clart\u00e9, qui est en outre con\u00e7u pour le moulage de pi\u00e8ces de formes complexes et\/ou \u00e0 parois minces en cycles rapides. Le moulage par injection est un proc\u00e9d\u00e9 typique avec un pr\u00e9-s\u00e9chage de 1 \u00e0 2 heures \u00e0 80\u00b0C dans un four \u00e0 air circul\u00e9, une temp\u00e9rature de fusion entre 190\u00baC et 250\u00baC et une temp\u00e9rature de moulage entre 40\u00baC et 75\u00baC.<\/p>\r\n<p>\u00a0<\/p>\r\n<p><strong>KOSTIL\u00ae B 755<\/strong> pr\u00e9sente un d\u00e9bit tr\u00e8s \u00e9lev\u00e9 et a \u00e9t\u00e9 con\u00e7u pour des applications de m\u00e9lange, sp\u00e9cialement recommand\u00e9 pour les m\u00e9langes-ma\u00eetres.<\/p>[\/et_pb_text][\/et_pb_column][\/et_pb_row][\/et_pb_section]","_et_gb_content_width":"","inline_featured_image":false,"footnotes":""},"class_list":["post-1498","page","type-page","status-publish","hentry"],"yoast_head":"<!-- This site is optimized with the Yoast SEO plugin v27.2 - https:\/\/yoast.com\/product\/yoast-seo-wordpress\/ -->\n<title>Versalis SAN products - Fournier Polymers - Europe<\/title>\n<meta name=\"robots\" content=\"index, follow, max-snippet:-1, max-image-preview:large, max-video-preview:-1\" \/>\n<link rel=\"canonical\" href=\"https:\/\/www.fournierpolymers.com\/europe\/versalis-san-products\/\" \/>\n<meta property=\"og:locale\" content=\"fr_FR\" \/>\n<meta property=\"og:type\" content=\"article\" \/>\n<meta property=\"og:title\" content=\"Versalis SAN products - Fournier Polymers - Europe\" \/>\n<meta property=\"og:description\" content=\"Versalis SAN productsFournier Polymers presents the Eni Versalis SAN (styrene-acrylonitrile) products. This family of styrenes is commonly used for applications such as transparent sheets, refrigerators, cosmetic packaging and masterbatches.SAN with Kostil\u00ae Eni Versalis markets its SAN products using the Kostil\u00ae brand.KOSTIL\u00ae B 266 has excellent chemical resistance and a very low residual monomer content. It [&hellip;]\" \/>\n<meta property=\"og:url\" content=\"https:\/\/www.fournierpolymers.com\/europe\/versalis-san-products\/\" \/>\n<meta property=\"og:site_name\" content=\"Fournier Polymers - Europe\" \/>\n<meta property=\"article:modified_time\" content=\"2023-01-19T16:35:16+00:00\" \/>\n<meta name=\"twitter:card\" content=\"summary_large_image\" \/>\n<meta name=\"twitter:label1\" content=\"Dur\u00e9e de lecture estim\u00e9e\" \/>\n\t<meta name=\"twitter:data1\" content=\"3 minutes\" \/>\n<script type=\"application\/ld+json\" class=\"yoast-schema-graph\">{\"@context\":\"https:\/\/schema.org\",\"@graph\":[{\"@type\":\"WebPage\",\"@id\":\"https:\/\/www.fournierpolymers.com\/europe\/versalis-san-products\/\",\"url\":\"https:\/\/www.fournierpolymers.com\/europe\/versalis-san-products\/\",\"name\":\"Versalis SAN products - Fournier Polymers - Europe\",\"isPartOf\":{\"@id\":\"https:\/\/www.fournierpolymers.com\/europe\/#website\"},\"datePublished\":\"2023-01-12T16:19:42+00:00\",\"dateModified\":\"2023-01-19T16:35:16+00:00\",\"breadcrumb\":{\"@id\":\"https:\/\/www.fournierpolymers.com\/europe\/versalis-san-products\/#breadcrumb\"},\"inLanguage\":\"fr-FR\",\"potentialAction\":[{\"@type\":\"ReadAction\",\"target\":[\"https:\/\/www.fournierpolymers.com\/europe\/versalis-san-products\/\"]}]},{\"@type\":\"BreadcrumbList\",\"@id\":\"https:\/\/www.fournierpolymers.com\/europe\/versalis-san-products\/#breadcrumb\",\"itemListElement\":[{\"@type\":\"ListItem\",\"position\":1,\"name\":\"Home\",\"item\":\"https:\/\/www.fournierpolymers.com\/europe\/fr\/\"},{\"@type\":\"ListItem\",\"position\":2,\"name\":\"Versalis SAN products\"}]},{\"@type\":\"WebSite\",\"@id\":\"https:\/\/www.fournierpolymers.com\/europe\/#website\",\"url\":\"https:\/\/www.fournierpolymers.com\/europe\/\",\"name\":\"Fournier Polymers - Europe\",\"description\":\"\",\"potentialAction\":[{\"@type\":\"SearchAction\",\"target\":{\"@type\":\"EntryPoint\",\"urlTemplate\":\"https:\/\/www.fournierpolymers.com\/europe\/?s={search_term_string}\"},\"query-input\":{\"@type\":\"PropertyValueSpecification\",\"valueRequired\":true,\"valueName\":\"search_term_string\"}}],\"inLanguage\":\"fr-FR\"}]}<\/script>\n<!-- \/ Yoast SEO plugin. -->","yoast_head_json":{"title":"Versalis SAN products - Fournier Polymers - Europe","robots":{"index":"index","follow":"follow","max-snippet":"max-snippet:-1","max-image-preview":"max-image-preview:large","max-video-preview":"max-video-preview:-1"},"canonical":"https:\/\/www.fournierpolymers.com\/europe\/versalis-san-products\/","og_locale":"fr_FR","og_type":"article","og_title":"Versalis SAN products - Fournier Polymers - Europe","og_description":"Versalis SAN productsFournier Polymers presents the Eni Versalis SAN (styrene-acrylonitrile) products. This family of styrenes is commonly used for applications such as transparent sheets, refrigerators, cosmetic packaging and masterbatches.SAN with Kostil\u00ae Eni Versalis markets its SAN products using the Kostil\u00ae brand.KOSTIL\u00ae B 266 has excellent chemical resistance and a very low residual monomer content. It [&hellip;]","og_url":"https:\/\/www.fournierpolymers.com\/europe\/versalis-san-products\/","og_site_name":"Fournier Polymers - Europe","article_modified_time":"2023-01-19T16:35:16+00:00","twitter_card":"summary_large_image","twitter_misc":{"Dur\u00e9e de lecture estim\u00e9e":"3 minutes"},"schema":{"@context":"https:\/\/schema.org","@graph":[{"@type":"WebPage","@id":"https:\/\/www.fournierpolymers.com\/europe\/versalis-san-products\/","url":"https:\/\/www.fournierpolymers.com\/europe\/versalis-san-products\/","name":"Versalis SAN products - Fournier Polymers - Europe","isPartOf":{"@id":"https:\/\/www.fournierpolymers.com\/europe\/#website"},"datePublished":"2023-01-12T16:19:42+00:00","dateModified":"2023-01-19T16:35:16+00:00","breadcrumb":{"@id":"https:\/\/www.fournierpolymers.com\/europe\/versalis-san-products\/#breadcrumb"},"inLanguage":"fr-FR","potentialAction":[{"@type":"ReadAction","target":["https:\/\/www.fournierpolymers.com\/europe\/versalis-san-products\/"]}]},{"@type":"BreadcrumbList","@id":"https:\/\/www.fournierpolymers.com\/europe\/versalis-san-products\/#breadcrumb","itemListElement":[{"@type":"ListItem","position":1,"name":"Home","item":"https:\/\/www.fournierpolymers.com\/europe\/fr\/"},{"@type":"ListItem","position":2,"name":"Versalis SAN products"}]},{"@type":"WebSite","@id":"https:\/\/www.fournierpolymers.com\/europe\/#website","url":"https:\/\/www.fournierpolymers.com\/europe\/","name":"Fournier Polymers - Europe","description":"","potentialAction":[{"@type":"SearchAction","target":{"@type":"EntryPoint","urlTemplate":"https:\/\/www.fournierpolymers.com\/europe\/?s={search_term_string}"},"query-input":{"@type":"PropertyValueSpecification","valueRequired":true,"valueName":"search_term_string"}}],"inLanguage":"fr-FR"}]}},"_links":{"self":[{"href":"https:\/\/www.fournierpolymers.com\/europe\/wp-json\/wp\/v2\/pages\/1498","targetHints":{"allow":["GET"]}}],"collection":[{"href":"https:\/\/www.fournierpolymers.com\/europe\/wp-json\/wp\/v2\/pages"}],"about":[{"href":"https:\/\/www.fournierpolymers.com\/europe\/wp-json\/wp\/v2\/types\/page"}],"author":[{"embeddable":true,"href":"https:\/\/www.fournierpolymers.com\/europe\/wp-json\/wp\/v2\/users\/2"}],"replies":[{"embeddable":true,"href":"https:\/\/www.fournierpolymers.com\/europe\/wp-json\/wp\/v2\/comments?post=1498"}],"version-history":[{"count":10,"href":"https:\/\/www.fournierpolymers.com\/europe\/wp-json\/wp\/v2\/pages\/1498\/revisions"}],"predecessor-version":[{"id":1875,"href":"https:\/\/www.fournierpolymers.com\/europe\/wp-json\/wp\/v2\/pages\/1498\/revisions\/1875"}],"wp:attachment":[{"href":"https:\/\/www.fournierpolymers.com\/europe\/wp-json\/wp\/v2\/media?parent=1498"}],"curies":[{"name":"wp","href":"https:\/\/api.w.org\/{rel}","templated":true}]}}