{"id":1494,"date":"2023-01-12T17:18:54","date_gmt":"2023-01-12T16:18:54","guid":{"rendered":"https:\/\/www.fournierpolymers.com\/europe\/?page_id=1494"},"modified":"2023-01-17T18:11:03","modified_gmt":"2023-01-17T17:11:03","slug":"versalis-ps-pe-products","status":"publish","type":"page","link":"https:\/\/www.fournierpolymers.com\/europe\/versalis-ps-pe-products\/","title":{"rendered":"Versalis PS-PE products"},"content":{"rendered":"<p>[et_pb_section fb_built=\u00a0\u00bb1&Prime; admin_label=\u00a0\u00bbsection\u00a0\u00bb _builder_version=\u00a0\u00bb4.16&Prime; global_colors_info=\u00a0\u00bb{}\u00a0\u00bb][et_pb_row admin_label=\u00a0\u00bbrow\u00a0\u00bb _builder_version=\u00a0\u00bb4.16&Prime; background_size=\u00a0\u00bbinitial\u00a0\u00bb background_position=\u00a0\u00bbtop_left\u00a0\u00bb background_repeat=\u00a0\u00bbrepeat\u00a0\u00bb global_colors_info=\u00a0\u00bb{}\u00a0\u00bb][et_pb_column type=\u00a0\u00bb4_4&Prime; _builder_version=\u00a0\u00bb4.16&Prime; custom_padding=\u00a0\u00bb|||\u00a0\u00bb global_colors_info=\u00a0\u00bb{}\u00a0\u00bb custom_padding__hover=\u00a0\u00bb|||\u00a0\u00bb][et_pb_text admin_label=\u00a0\u00bbVersalis Produits PS-PE\u00a0\u00bb _builder_version=\u00a0\u00bb4.19.2&Prime; _module_preset=\u00a0\u00bbb3f290e9-bcd5-4ca4-92e9-5d2f46be520f\u00a0\u00bb global_colors_info=\u00a0\u00bb{}\u00a0\u00bb]<\/p>\n<h1>Versalis PS-PE products<\/h1>\n<p>[\/et_pb_text][\/et_pb_column][\/et_pb_row][et_pb_row _builder_version=\u00a0\u00bb4.19.2&Prime; _module_preset=\u00a0\u00bbdefault\u00a0\u00bb][et_pb_column _builder_version=\u00a0\u00bb4.19.2&Prime; _module_preset=\u00a0\u00bbdefault\u00a0\u00bb type=\u00a0\u00bb4_4&Prime;][et_pb_text admin_label=\u00a0\u00bbFournier Polymers pr\u00e9sente les produits Eni Versalis PS-PE\u00a0\u00bb _builder_version=\u00a0\u00bb4.19.2&Prime; _module_preset=\u00a0\u00bbdefault\u00a0\u00bb global_colors_info=\u00a0\u00bb{}\u00a0\u00bb]<\/p>\n<p>Fournier Polymers presents the Eni Versalis PS-PE (polystyrene\/polyethylene) products.<\/p>\n<p>This family of styrenes is commonly used for applications such as packaging fatty foods, refrigerators, thermoformed panels for tractors, tubs and lids.<\/p>\n<p>The main characteristics common to the PS and PE families are:<\/p>\n<ul>\n<li>High impact strength<\/li>\n<li>Excellent chemical resistance<\/li>\n<li>Strong mechanical properties (even at very low temperatures)<\/li>\n<li>Simple processing<\/li>\n<li>Resistance to cracking under environmental stress<\/li>\n<li>Resistance to oils<\/li>\n<\/ul>\n<p>[\/et_pb_text][\/et_pb_column][\/et_pb_row][et_pb_row column_structure=\u00a0\u00bb1_2,1_2&Prime; _builder_version=\u00a0\u00bb4.19.2&Prime; _module_preset=\u00a0\u00bbdefault\u00a0\u00bb global_colors_info=\u00a0\u00bb{}\u00a0\u00bb][et_pb_column type=\u00a0\u00bb1_2&Prime; _builder_version=\u00a0\u00bb4.19.2&Prime; _module_preset=\u00a0\u00bbdefault\u00a0\u00bb global_colors_info=\u00a0\u00bb{}\u00a0\u00bb][et_pb_image src=\u00a0\u00bbhttps:\/\/www.fournierpolymers.com\/europe\/wp-content\/uploads\/sites\/2\/2022\/12\/refrigerator-1619676_1280.jpg\u00a0\u00bb alt=\u00a0\u00bbPS-PE products from Eni Versalis\u00a0\u00bb title_text=\u00a0\u00bbPS-PE products from Eni Versalis\u00a0\u00bb _builder_version=\u00a0\u00bb4.19.2&Prime; _module_preset=\u00a0\u00bb23109ff3-ba06-46a3-82fd-ed75dc01b242&Prime; global_colors_info=\u00a0\u00bb{}\u00a0\u00bb][\/et_pb_image][\/et_pb_column][et_pb_column type=\u00a0\u00bb1_2&Prime; _builder_version=\u00a0\u00bb4.19.2&Prime; _module_preset=\u00a0\u00bbdefault\u00a0\u00bb global_colors_info=\u00a0\u00bb{}\u00a0\u00bb][et_pb_image src=\u00a0\u00bbhttps:\/\/www.fournierpolymers.com\/europe\/wp-content\/uploads\/sites\/2\/2023\/01\/ps-pe-versalis.jpg\u00a0\u00bb alt=\u00a0\u00bbPS-PE products from Eni Versalis\u00a0\u00bb title_text=\u00a0\u00bbPS-PE products from Eni Versalis\u00a0\u00bb _builder_version=\u00a0\u00bb4.19.2&Prime; _module_preset=\u00a0\u00bb23109ff3-ba06-46a3-82fd-ed75dc01b242&Prime; global_colors_info=\u00a0\u00bb{}\u00a0\u00bb][\/et_pb_image][\/et_pb_column][\/et_pb_row][\/et_pb_section]<\/p>\n","protected":false},"excerpt":{"rendered":"<p>Versalis PS-PE productsFournier Polymers presents the Eni Versalis PS-PE (polystyrene\/polyethylene) products. This family of styrenes is commonly used for applications such as packaging fatty foods, refrigerators, thermoformed panels for tractors, tubs and lids. The main characteristics common to the PS and PE families are: High impact strength Excellent chemical resistance Strong mechanical properties (even at [&hellip;]<\/p>\n","protected":false},"author":2,"featured_media":0,"parent":0,"menu_order":0,"comment_status":"closed","ping_status":"closed","template":"","meta":{"_et_pb_use_builder":"on","_et_pb_old_content":"[et_pb_section fb_built=\"1\" admin_label=\"section\" _builder_version=\"4.16\" global_colors_info=\"{}\"][et_pb_row admin_label=\"row\" _builder_version=\"4.16\" background_size=\"initial\" background_position=\"top_left\" background_repeat=\"repeat\" global_colors_info=\"{}\"][et_pb_column type=\"4_4\" _builder_version=\"4.16\" custom_padding=\"|||\" global_colors_info=\"{}\" custom_padding__hover=\"|||\"][et_pb_text admin_label=\"Versalis Produits PS-PE\" _builder_version=\"4.19.2\" _module_preset=\"b3f290e9-bcd5-4ca4-92e9-5d2f46be520f\" hover_enabled=\"0\" global_colors_info=\"{}\" sticky_enabled=\"0\"]<h1>Versalis Produits PS-PE<\/h1>[\/et_pb_text][et_pb_text admin_label=\"Fournier Polymers pr\u00e9sente les produits Eni Versalis PS-PE\" _builder_version=\"4.19.2\" _module_preset=\"default\" global_colors_info=\"{}\"]<p>Fournier Polymers pr\u00e9sente les produits Eni Versalis PS-PE (Polystyr\u00e8ne \u2013 Poly\u00e9thyl\u00e8ne).<\/p>\r\n<p>Cette famille de styr\u00e8nes est couramment utilis\u00e9e pour diff\u00e9rentes applications telles que l\u2019emballage des aliments gras, les r\u00e9frig\u00e9rateurs, les panneaux thermoform\u00e9s pour tracteurs, les bacs et les couvercles.<\/p>\r\n<ul>Les principales caract\u00e9ristiques communes des cat\u00e9gories PS-PE sont :\r\n<li>Haut impact<\/li>\r\n<li>Excellente r\u00e9sistance chimique<\/li>\r\n<li>Propri\u00e9t\u00e9s m\u00e9caniques \u00e9lev\u00e9es (m\u00eame \u00e0 tr\u00e8s basse temp\u00e9rature)<\/li>\r\n<li>Traitement simple<\/li>\r\n<li>R\u00e9sistance \u00e0 la fissuration sous contrainte environnementale<\/li>\r\n<li>R\u00e9sistant aux huiles<\/li>\r\n<\/ul>[\/et_pb_text][\/et_pb_column][\/et_pb_row][et_pb_row column_structure=\"1_2,1_2\" _builder_version=\"4.19.2\" _module_preset=\"default\" global_colors_info=\"{}\"][et_pb_column type=\"1_2\" _builder_version=\"4.19.2\" _module_preset=\"default\" global_colors_info=\"{}\"][et_pb_image src=\"https:\/\/www.fournierpolymers.com\/europe\/wp-content\/uploads\/sites\/2\/2022\/12\/refrigerator-1619676_1280.jpg\" alt=\"PS-PE d'Eni Versalis\" title_text=\"refrigerator-1619676_1280\" _builder_version=\"4.19.2\" _module_preset=\"23109ff3-ba06-46a3-82fd-ed75dc01b242\" hover_enabled=\"0\" global_colors_info=\"{}\" sticky_enabled=\"0\"][\/et_pb_image][\/et_pb_column][et_pb_column type=\"1_2\" _builder_version=\"4.19.2\" _module_preset=\"default\" global_colors_info=\"{}\"][et_pb_image src=\"https:\/\/www.fournierpolymers.com\/europe\/wp-content\/uploads\/sites\/2\/2023\/01\/ps-pe-versalis.jpg\" alt=\"Versalis Produits PS-PE\" title_text=\"Versalis Produits PS-PE\" _builder_version=\"4.19.2\" _module_preset=\"23109ff3-ba06-46a3-82fd-ed75dc01b242\" hover_enabled=\"0\" global_colors_info=\"{}\" sticky_enabled=\"0\"][\/et_pb_image][\/et_pb_column][\/et_pb_row][\/et_pb_section]","_et_gb_content_width":"","inline_featured_image":false,"footnotes":""},"class_list":["post-1494","page","type-page","status-publish","hentry"],"yoast_head":"<!-- This site is optimized with the Yoast SEO plugin v27.2 - https:\/\/yoast.com\/product\/yoast-seo-wordpress\/ -->\n<title>Versalis PS-PE products - Fournier Polymers - Europe<\/title>\n<meta name=\"robots\" content=\"index, follow, max-snippet:-1, max-image-preview:large, max-video-preview:-1\" \/>\n<link rel=\"canonical\" href=\"https:\/\/www.fournierpolymers.com\/europe\/versalis-ps-pe-products\/\" \/>\n<meta property=\"og:locale\" content=\"fr_FR\" \/>\n<meta property=\"og:type\" content=\"article\" \/>\n<meta property=\"og:title\" content=\"Versalis PS-PE products - Fournier Polymers - Europe\" \/>\n<meta property=\"og:description\" content=\"Versalis PS-PE productsFournier Polymers presents the Eni Versalis PS-PE (polystyrene\/polyethylene) products. This family of styrenes is commonly used for applications such as packaging fatty foods, refrigerators, thermoformed panels for tractors, tubs and lids. The main characteristics common to the PS and PE families are: High impact strength Excellent chemical resistance Strong mechanical properties (even at [&hellip;]\" \/>\n<meta property=\"og:url\" content=\"https:\/\/www.fournierpolymers.com\/europe\/versalis-ps-pe-products\/\" \/>\n<meta property=\"og:site_name\" content=\"Fournier Polymers - Europe\" \/>\n<meta property=\"article:modified_time\" content=\"2023-01-17T17:11:03+00:00\" \/>\n<meta name=\"twitter:card\" content=\"summary_large_image\" \/>\n<meta name=\"twitter:label1\" content=\"Dur\u00e9e de lecture estim\u00e9e\" \/>\n\t<meta name=\"twitter:data1\" content=\"2 minutes\" \/>\n<script type=\"application\/ld+json\" class=\"yoast-schema-graph\">{\"@context\":\"https:\/\/schema.org\",\"@graph\":[{\"@type\":\"WebPage\",\"@id\":\"https:\/\/www.fournierpolymers.com\/europe\/versalis-ps-pe-products\/\",\"url\":\"https:\/\/www.fournierpolymers.com\/europe\/versalis-ps-pe-products\/\",\"name\":\"Versalis PS-PE products - Fournier Polymers - Europe\",\"isPartOf\":{\"@id\":\"https:\/\/www.fournierpolymers.com\/europe\/#website\"},\"datePublished\":\"2023-01-12T16:18:54+00:00\",\"dateModified\":\"2023-01-17T17:11:03+00:00\",\"breadcrumb\":{\"@id\":\"https:\/\/www.fournierpolymers.com\/europe\/versalis-ps-pe-products\/#breadcrumb\"},\"inLanguage\":\"fr-FR\",\"potentialAction\":[{\"@type\":\"ReadAction\",\"target\":[\"https:\/\/www.fournierpolymers.com\/europe\/versalis-ps-pe-products\/\"]}]},{\"@type\":\"BreadcrumbList\",\"@id\":\"https:\/\/www.fournierpolymers.com\/europe\/versalis-ps-pe-products\/#breadcrumb\",\"itemListElement\":[{\"@type\":\"ListItem\",\"position\":1,\"name\":\"Home\",\"item\":\"https:\/\/www.fournierpolymers.com\/europe\/fr\/\"},{\"@type\":\"ListItem\",\"position\":2,\"name\":\"Versalis PS-PE products\"}]},{\"@type\":\"WebSite\",\"@id\":\"https:\/\/www.fournierpolymers.com\/europe\/#website\",\"url\":\"https:\/\/www.fournierpolymers.com\/europe\/\",\"name\":\"Fournier Polymers - Europe\",\"description\":\"\",\"potentialAction\":[{\"@type\":\"SearchAction\",\"target\":{\"@type\":\"EntryPoint\",\"urlTemplate\":\"https:\/\/www.fournierpolymers.com\/europe\/?s={search_term_string}\"},\"query-input\":{\"@type\":\"PropertyValueSpecification\",\"valueRequired\":true,\"valueName\":\"search_term_string\"}}],\"inLanguage\":\"fr-FR\"}]}<\/script>\n<!-- \/ Yoast SEO plugin. -->","yoast_head_json":{"title":"Versalis PS-PE products - Fournier Polymers - Europe","robots":{"index":"index","follow":"follow","max-snippet":"max-snippet:-1","max-image-preview":"max-image-preview:large","max-video-preview":"max-video-preview:-1"},"canonical":"https:\/\/www.fournierpolymers.com\/europe\/versalis-ps-pe-products\/","og_locale":"fr_FR","og_type":"article","og_title":"Versalis PS-PE products - Fournier Polymers - Europe","og_description":"Versalis PS-PE productsFournier Polymers presents the Eni Versalis PS-PE (polystyrene\/polyethylene) products. This family of styrenes is commonly used for applications such as packaging fatty foods, refrigerators, thermoformed panels for tractors, tubs and lids. The main characteristics common to the PS and PE families are: High impact strength Excellent chemical resistance Strong mechanical properties (even at [&hellip;]","og_url":"https:\/\/www.fournierpolymers.com\/europe\/versalis-ps-pe-products\/","og_site_name":"Fournier Polymers - Europe","article_modified_time":"2023-01-17T17:11:03+00:00","twitter_card":"summary_large_image","twitter_misc":{"Dur\u00e9e de lecture estim\u00e9e":"2 minutes"},"schema":{"@context":"https:\/\/schema.org","@graph":[{"@type":"WebPage","@id":"https:\/\/www.fournierpolymers.com\/europe\/versalis-ps-pe-products\/","url":"https:\/\/www.fournierpolymers.com\/europe\/versalis-ps-pe-products\/","name":"Versalis PS-PE products - Fournier Polymers - Europe","isPartOf":{"@id":"https:\/\/www.fournierpolymers.com\/europe\/#website"},"datePublished":"2023-01-12T16:18:54+00:00","dateModified":"2023-01-17T17:11:03+00:00","breadcrumb":{"@id":"https:\/\/www.fournierpolymers.com\/europe\/versalis-ps-pe-products\/#breadcrumb"},"inLanguage":"fr-FR","potentialAction":[{"@type":"ReadAction","target":["https:\/\/www.fournierpolymers.com\/europe\/versalis-ps-pe-products\/"]}]},{"@type":"BreadcrumbList","@id":"https:\/\/www.fournierpolymers.com\/europe\/versalis-ps-pe-products\/#breadcrumb","itemListElement":[{"@type":"ListItem","position":1,"name":"Home","item":"https:\/\/www.fournierpolymers.com\/europe\/fr\/"},{"@type":"ListItem","position":2,"name":"Versalis PS-PE products"}]},{"@type":"WebSite","@id":"https:\/\/www.fournierpolymers.com\/europe\/#website","url":"https:\/\/www.fournierpolymers.com\/europe\/","name":"Fournier Polymers - Europe","description":"","potentialAction":[{"@type":"SearchAction","target":{"@type":"EntryPoint","urlTemplate":"https:\/\/www.fournierpolymers.com\/europe\/?s={search_term_string}"},"query-input":{"@type":"PropertyValueSpecification","valueRequired":true,"valueName":"search_term_string"}}],"inLanguage":"fr-FR"}]}},"_links":{"self":[{"href":"https:\/\/www.fournierpolymers.com\/europe\/wp-json\/wp\/v2\/pages\/1494","targetHints":{"allow":["GET"]}}],"collection":[{"href":"https:\/\/www.fournierpolymers.com\/europe\/wp-json\/wp\/v2\/pages"}],"about":[{"href":"https:\/\/www.fournierpolymers.com\/europe\/wp-json\/wp\/v2\/types\/page"}],"author":[{"embeddable":true,"href":"https:\/\/www.fournierpolymers.com\/europe\/wp-json\/wp\/v2\/users\/2"}],"replies":[{"embeddable":true,"href":"https:\/\/www.fournierpolymers.com\/europe\/wp-json\/wp\/v2\/comments?post=1494"}],"version-history":[{"count":8,"href":"https:\/\/www.fournierpolymers.com\/europe\/wp-json\/wp\/v2\/pages\/1494\/revisions"}],"predecessor-version":[{"id":1753,"href":"https:\/\/www.fournierpolymers.com\/europe\/wp-json\/wp\/v2\/pages\/1494\/revisions\/1753"}],"wp:attachment":[{"href":"https:\/\/www.fournierpolymers.com\/europe\/wp-json\/wp\/v2\/media?parent=1494"}],"curies":[{"name":"wp","href":"https:\/\/api.w.org\/{rel}","templated":true}]}}