{"id":1490,"date":"2023-01-12T17:18:10","date_gmt":"2023-01-12T16:18:10","guid":{"rendered":"https:\/\/www.fournierpolymers.com\/europe\/?page_id=1490"},"modified":"2023-01-19T16:20:49","modified_gmt":"2023-01-19T15:20:49","slug":"versalis-gpps-hips-products","status":"publish","type":"page","link":"https:\/\/www.fournierpolymers.com\/europe\/versalis-gpps-hips-products\/","title":{"rendered":"Versalis GPPS- HIPS products"},"content":{"rendered":"<p>[et_pb_section fb_built=\u00a0\u00bb1&Prime; admin_label=\u00a0\u00bbsection\u00a0\u00bb _builder_version=\u00a0\u00bb4.16&Prime; global_colors_info=\u00a0\u00bb{}\u00a0\u00bb][et_pb_row _builder_version=\u00a0\u00bb4.19.2&Prime; _module_preset=\u00a0\u00bbdefault\u00a0\u00bb global_colors_info=\u00a0\u00bb{}\u00a0\u00bb][et_pb_column type=\u00a0\u00bb4_4&Prime; _builder_version=\u00a0\u00bb4.19.2&Prime; _module_preset=\u00a0\u00bbdefault\u00a0\u00bb global_colors_info=\u00a0\u00bb{}\u00a0\u00bb][et_pb_text admin_label=\u00a0\u00bbVersalis Produits GPPS-HIPS\u00a0\u00bb _builder_version=\u00a0\u00bb4.19.2&Prime; _module_preset=\u00a0\u00bbb3f290e9-bcd5-4ca4-92e9-5d2f46be520f\u00a0\u00bb hover_enabled=\u00a0\u00bb0&Prime; global_colors_info=\u00a0\u00bb{}\u00a0\u00bb sticky_enabled=\u00a0\u00bb0&Prime;]<\/p>\n<h1>Versalis GPPS- HIPS products<\/h1>\n<p>[\/et_pb_text][\/et_pb_column][\/et_pb_row][et_pb_row column_structure=\u00a0\u00bb3_5,2_5&Prime; _builder_version=\u00a0\u00bb4.19.2&Prime; _module_preset=\u00a0\u00bbdefault\u00a0\u00bb global_colors_info=\u00a0\u00bb{}\u00a0\u00bb][et_pb_column type=\u00a0\u00bb3_5&Prime; _builder_version=\u00a0\u00bb4.19.2&Prime; _module_preset=\u00a0\u00bbdefault\u00a0\u00bb global_colors_info=\u00a0\u00bb{}\u00a0\u00bb][et_pb_text admin_label=\u00a0\u00bbFournier Polymers pr\u00e9sente les produits Eni Versalis&#8230;\u00a0\u00bb _builder_version=\u00a0\u00bb4.19.2&Prime; _module_preset=\u00a0\u00bbdefault\u00a0\u00bb global_colors_info=\u00a0\u00bb{}\u00a0\u00bb]Fournier Polymers presents the Eni Versalis GPPS-HIPS (general purpose polystyrene\/high-impact polystyrene) products. These polystyrenes are commonly used for applications such as food packaging, industry, household appliances, toys, junction boxes, films and sheets.<\/p>\n<p>The main characteristics common to the GPPS and HIPS grades are:<\/p>\n<ul>\n<li>Easy processing<\/li>\n<li>Resistance to cracking under stress<\/li>\n<li>High chemical resistance to oils, fats and chemical agents<\/li>\n<li>Deep draw thermoforming<\/li>\n<li>Heat resistance<\/li>\n<li>Good mechanical strength<\/li>\n<li>Easy flow<\/li>\n<li>High stiffness<\/li>\n<li>Excellent impact strength<\/li>\n<li>Glossy<\/li>\n<\/ul>\n<p>[\/et_pb_text][\/et_pb_column][et_pb_column type=\u00a0\u00bb2_5&Prime; _builder_version=\u00a0\u00bb4.19.2&Prime; _module_preset=\u00a0\u00bbdefault\u00a0\u00bb global_colors_info=\u00a0\u00bb{}\u00a0\u00bb][et_pb_image src=\u00a0\u00bbhttps:\/\/www.fournierpolymers.com\/europe\/wp-content\/uploads\/sites\/2\/2023\/01\/gpps-hips-1-1.jpg\u00a0\u00bb alt=\u00a0\u00bbVersalis GPPS- HIPS products\u00a0\u00bb title_text=\u00a0\u00bbVersalis GPPS- HIPS products\u00a0\u00bb _builder_version=\u00a0\u00bb4.19.2&Prime; _module_preset=\u00a0\u00bbdefault\u00a0\u00bb custom_margin=\u00a0\u00bb17px|||||\u00a0\u00bb hover_enabled=\u00a0\u00bb0&Prime; border_radii=\u00a0\u00bbon|20px|20px|20px|20px\u00a0\u00bb box_shadow_style=\u00a0\u00bbpreset3&Prime; box_shadow_color=\u00a0\u00bbrgba(0,0,0,0.17)\u00a0\u00bb global_colors_info=\u00a0\u00bb{}\u00a0\u00bb sticky_enabled=\u00a0\u00bb0&Prime;][\/et_pb_image][\/et_pb_column][\/et_pb_row][et_pb_row column_structure=\u00a0\u00bb3_5,2_5&Prime; _builder_version=\u00a0\u00bb4.19.2&Prime; _module_preset=\u00a0\u00bbdefault\u00a0\u00bb global_colors_info=\u00a0\u00bb{}\u00a0\u00bb][et_pb_column type=\u00a0\u00bb3_5&Prime; _builder_version=\u00a0\u00bb4.19.2&Prime; _module_preset=\u00a0\u00bbdefault\u00a0\u00bb global_colors_info=\u00a0\u00bb{}\u00a0\u00bb][et_pb_image src=\u00a0\u00bbhttps:\/\/www.fournierpolymers.com\/europe\/wp-content\/uploads\/sites\/2\/2022\/12\/emballage-alimentaire-6.jpg\u00a0\u00bb alt=\u00a0\u00bbVersalis GPPS- HIPS products\u00a0\u00bb title_text=\u00a0\u00bbVersalis GPPS- HIPS products\u00a0\u00bb _builder_version=\u00a0\u00bb4.19.2&Prime; _module_preset=\u00a0\u00bbdefault\u00a0\u00bb border_radii=\u00a0\u00bbon|20px|20px|20px|20px\u00a0\u00bb box_shadow_style=\u00a0\u00bbpreset3&Prime; box_shadow_color=\u00a0\u00bbrgba(0,0,0,0.17)\u00a0\u00bb global_colors_info=\u00a0\u00bb{}\u00a0\u00bb][\/et_pb_image][\/et_pb_column][et_pb_column type=\u00a0\u00bb2_5&Prime; _builder_version=\u00a0\u00bb4.19.2&Prime; _module_preset=\u00a0\u00bbdefault\u00a0\u00bb global_colors_info=\u00a0\u00bb{}\u00a0\u00bb][et_pb_text admin_label=\u00a0\u00bbApplications\u00a0\u00bb _builder_version=\u00a0\u00bb4.19.2&Prime; _module_preset=\u00a0\u00bbdefault\u00a0\u00bb header_2_text_color=\u00a0\u00bb#CE1225&Prime; custom_margin=\u00a0\u00bb34px|||||\u00a0\u00bb global_colors_info=\u00a0\u00bb{}\u00a0\u00bb]<\/p>\n<h2>Applications<\/h2>\n<p>[\/et_pb_text][et_pb_text admin_label=\u00a0\u00bbLes cat\u00e9gories de polystyr\u00e8ne \u00e0 usage g\u00e9n\u00e9ral&#8230;\u00a0\u00bb _builder_version=\u00a0\u00bb4.19.2&Prime; _module_preset=\u00a0\u00bbdefault\u00a0\u00bb global_colors_info=\u00a0\u00bb{}\u00a0\u00bb]The categories of general-purpose polystyrene and high-impact-strength polystyrene are widely used in many areas of food packaging.<\/p>\n<p>&nbsp;<\/p>\n<ul>\n<li>Uses with dairy products: Yoghurt pots, fromage frais packaging, ice cream boxes<\/li>\n<li>Catering: Containers and films for food use<\/li>\n<li>Fresh food: Trays and small boxes<\/li>\n<\/ul>\n<p>[\/et_pb_text][\/et_pb_column][\/et_pb_row][et_pb_row column_structure=\u00a0\u00bb3_5,2_5&Prime; _builder_version=\u00a0\u00bb4.19.2&Prime; _module_preset=\u00a0\u00bbdefault\u00a0\u00bb custom_padding=\u00a0\u00bb45px|||||\u00a0\u00bb global_colors_info=\u00a0\u00bb{}\u00a0\u00bb][et_pb_column type=\u00a0\u00bb3_5&Prime; _builder_version=\u00a0\u00bb4.19.2&Prime; _module_preset=\u00a0\u00bbdefault\u00a0\u00bb global_colors_info=\u00a0\u00bb{}\u00a0\u00bb][et_pb_text admin_label=\u00a0\u00bbDiff\u00e9rents proc\u00e9d\u00e9s de transformation\u00a0\u00bb _builder_version=\u00a0\u00bb4.19.2&Prime; _module_preset=\u00a0\u00bbdefault\u00a0\u00bb header_2_text_color=\u00a0\u00bb#CE1225&Prime; global_colors_info=\u00a0\u00bb{}\u00a0\u00bb]<\/p>\n<h2>Various transformation processes:<\/h2>\n<p>[\/et_pb_text][et_pb_text admin_label=\u00a0\u00bbL\u2019extrusion est la technologie&#8230;\u00a0\u00bb _builder_version=\u00a0\u00bb4.19.2&Prime; _module_preset=\u00a0\u00bbdefault\u00a0\u00bb global_colors_info=\u00a0\u00bb{}\u00a0\u00bb]Extrusion is the most widely used technology for polystyrene processing, but there are a wide variety of other processing technologies such as:<\/p>\n<p>&#8211; <strong>Cast extrusion<\/strong>:<br \/>\nshaping the melted mass, plasticising it and homogenising it in the extruder results in an end product with a high level of transparency, gloss and stiffness.<\/p>\n<p>&#8211; <strong>Extrusion blow moulding<\/strong>:<br \/>\nThe melted polymer passes through a ring extruder.<br \/>\nThis generates a tube of relatively small diameter, which is immediately expanded with blown air and stretched through traction. The film cools and solidifies.<br \/>\nIt can then be folded between drawing rollers.<\/p>\n<p>&#8211; <strong>Form Fill Seal (FFS)<\/strong>:<br \/>\nWidely used in the dairy sector, this is a high-productivity manufacturing process.<br \/>\nDepending on the intended use, the sheet can be made up of several layers.<\/p>\n<p>&#8211; <strong>Two-sided sheet<\/strong>:<br \/>\nCertain characteristics of the sheet can be improved with this technology (by drawing a moulded sheet): &#8211; transparency, mechanical properties, oxygen and water vapour permeability.<\/p>\n<p>&#8211; <strong>Thermoforming<\/strong>:<br \/>\nProduces items by heating semi-finished products until they reach the rubber phase (through plastic deformation).<br \/>\nEnd products produced with thermoforming include coffee cups and yoghurt pots.[\/et_pb_text][\/et_pb_column][et_pb_column type=\u00a0\u00bb2_5&Prime; _builder_version=\u00a0\u00bb4.19.2&Prime; _module_preset=\u00a0\u00bbdefault\u00a0\u00bb global_colors_info=\u00a0\u00bb{}\u00a0\u00bb][et_pb_image src=\u00a0\u00bbhttps:\/\/www.fournierpolymers.com\/europe\/wp-content\/uploads\/sites\/2\/2023\/01\/technologies-processus-1-1.jpg\u00a0\u00bb alt=\u00a0\u00bbVersalis GPPS- HIPS products\u00a0\u00bb title_text=\u00a0\u00bbVersalis GPPS- HIPS products\u00a0\u00bb _builder_version=\u00a0\u00bb4.19.2&Prime; _module_preset=\u00a0\u00bbdefault\u00a0\u00bb hover_enabled=\u00a0\u00bb0&Prime; border_radii=\u00a0\u00bbon|20px|20px|20px|20px\u00a0\u00bb box_shadow_style=\u00a0\u00bbpreset3&Prime; box_shadow_color=\u00a0\u00bbrgba(0,0,0,0.17)\u00a0\u00bb global_colors_info=\u00a0\u00bb{}\u00a0\u00bb sticky_enabled=\u00a0\u00bb0&Prime;][\/et_pb_image][\/et_pb_column][\/et_pb_row][\/et_pb_section]<\/p>\n","protected":false},"excerpt":{"rendered":"<p>Versalis GPPS- HIPS productsFournier Polymers presents the Eni Versalis GPPS-HIPS (general purpose polystyrene\/high-impact polystyrene) products. These polystyrenes are commonly used for applications such as food packaging, industry, household appliances, toys, junction boxes, films and sheets. The main characteristics common to the GPPS and HIPS grades are: Easy processing Resistance to cracking under stress High chemical [&hellip;]<\/p>\n","protected":false},"author":2,"featured_media":0,"parent":0,"menu_order":0,"comment_status":"closed","ping_status":"closed","template":"","meta":{"_et_pb_use_builder":"on","_et_pb_old_content":"[et_pb_section fb_built=\"1\" admin_label=\"section\" _builder_version=\"4.16\" global_colors_info=\"{}\"][et_pb_row _builder_version=\"4.19.2\" _module_preset=\"default\" global_colors_info=\"{}\"][et_pb_column type=\"4_4\" _builder_version=\"4.19.2\" _module_preset=\"default\" global_colors_info=\"{}\"][et_pb_text admin_label=\"Versalis Produits GPPS-HIPS\" _builder_version=\"4.19.2\" _module_preset=\"b3f290e9-bcd5-4ca4-92e9-5d2f46be520f\" hover_enabled=\"0\" global_colors_info=\"{}\" sticky_enabled=\"0\"]<h1>Versalis Produits GPPS-HIPS<\/h1>[\/et_pb_text][\/et_pb_column][\/et_pb_row][et_pb_row column_structure=\"3_5,2_5\" _builder_version=\"4.19.2\" _module_preset=\"default\" global_colors_info=\"{}\"][et_pb_column type=\"3_5\" _builder_version=\"4.19.2\" _module_preset=\"default\" global_colors_info=\"{}\"][et_pb_text admin_label=\"Fournier Polymers pr\u00e9sente les produits Eni Versalis...\" _builder_version=\"4.19.2\" _module_preset=\"default\" global_colors_info=\"{}\"]<p>Fournier Polymers pr\u00e9sente les produits Eni Versalis GPPS-HIPS (General Purpose Polystyrene, High impact Polystyrene). Ces polystyr\u00e8nes sont couramment utilis\u00e9s pour diff\u00e9rentes applications telles que l\u2019emballage alimentaire, l\u2019industrie, les appareils m\u00e9nagers, les jouets, les bo\u00eetes \u00e9lectriques, les films et les feuilles.<\/p>\r\n<p>Les principales caract\u00e9ristiques communes des grades GPPS-HIPS sont :<\/p>\r\n<ul>\r\n<li>Haute transformabilit\u00e9<\/li>\r\n<li>R\u00e9sistance \u00e0 la rupture sous contrainte<\/li>\r\n<li>Haute r\u00e9sistance chimique aux huiles, graisses et agents chimiques<\/li>\r\n<li>Thermoformage par emboutissage profond<\/li>\r\n<li>R\u00e9sistant \u00e0 la chaleur<\/li>\r\n<li>Bonne r\u00e9sistance m\u00e9canique<\/li>\r\n<li>Flux facile<\/li>\r\n<li>Haute rigidit\u00e9<\/li>\r\n<li>Tr\u00e8s r\u00e9sistant aux impacts<\/li>\r\n<li>Brillant<\/li>\r\n<\/ul>[\/et_pb_text][\/et_pb_column][et_pb_column type=\"2_5\" _builder_version=\"4.19.2\" _module_preset=\"default\" global_colors_info=\"{}\"][et_pb_image src=\"https:\/\/www.fournierpolymers.com\/europe\/wp-content\/uploads\/sites\/2\/2022\/12\/gpps-hips-3.jpg\" alt=\"Eni Versalis GPPS-HIPS\" title_text=\"gpps-hips\" _builder_version=\"4.19.2\" _module_preset=\"default\" global_colors_info=\"{}\" box_shadow_style=\"preset3\" box_shadow_color=\"rgba(0,0,0,0.17)\" border_radii=\"on|20px|20px|20px|20px\"][\/et_pb_image][\/et_pb_column][\/et_pb_row][et_pb_row column_structure=\"3_5,2_5\" _builder_version=\"4.19.2\" _module_preset=\"default\" global_colors_info=\"{}\"][et_pb_column type=\"3_5\" _builder_version=\"4.19.2\" _module_preset=\"default\" global_colors_info=\"{}\"][et_pb_image src=\"https:\/\/www.fournierpolymers.com\/europe\/wp-content\/uploads\/sites\/2\/2022\/12\/emballage-alimentaire-6.jpg\" alt=\"GPPS-HIPS pour emballage alimentaire\" title_text=\"emballage-alimentaire\" _builder_version=\"4.19.2\" _module_preset=\"default\" hover_enabled=\"0\" global_colors_info=\"{}\" box_shadow_style=\"preset3\" box_shadow_color=\"rgba(0,0,0,0.17)\" border_radii=\"on|20px|20px|20px|20px\" sticky_enabled=\"0\"][\/et_pb_image][\/et_pb_column][et_pb_column type=\"2_5\" _builder_version=\"4.19.2\" _module_preset=\"default\" global_colors_info=\"{}\"][et_pb_text admin_label=\"Applications\" _builder_version=\"4.19.2\" _module_preset=\"default\" hover_enabled=\"0\" global_colors_info=\"{}\" header_2_text_color=\"#CE1225\" sticky_enabled=\"0\"]<h2>Applications<\/h2>[\/et_pb_text][et_pb_text admin_label=\"Les cat\u00e9gories de polystyr\u00e8ne \u00e0 usage g\u00e9n\u00e9ral...\" _builder_version=\"4.19.2\" _module_preset=\"default\" global_colors_info=\"{}\"]<p>Les cat\u00e9gories de polystyr\u00e8ne \u00e0 usage g\u00e9n\u00e9ral et de polystyr\u00e8ne \u00e0 haute r\u00e9sistance aux chocs sont largement utilis\u00e9es dans de nombreux domaines de l\u2019emballage alimentaire.<\/p>\r\n<p>\u00a0<\/p>\r\n<ul>\r\n<li>Utilisations pour produits laitiers : Pots de yaourt, emballages de fromage frais, bo\u00eetes de glace<\/li>\r\n<li>Restauration : Conteneurs et films alimentaires<\/li>\r\n<li>Nourriture fra\u00eeche : Plateaux et petites bo\u00eetes<\/li>\r\n<\/ul>[\/et_pb_text][\/et_pb_column][\/et_pb_row][et_pb_row column_structure=\"3_5,2_5\" _builder_version=\"4.19.2\" _module_preset=\"default\" global_colors_info=\"{}\"][et_pb_column type=\"3_5\" _builder_version=\"4.19.2\" _module_preset=\"default\" global_colors_info=\"{}\"][et_pb_text admin_label=\"Diff\u00e9rents proc\u00e9d\u00e9s de transformation\" _builder_version=\"4.19.2\" _module_preset=\"default\" hover_enabled=\"0\" global_colors_info=\"{}\" header_2_text_color=\"#CE1225\" sticky_enabled=\"0\"]<h2>Diff\u00e9rents proc\u00e9d\u00e9s de transformation<\/h2>[\/et_pb_text][et_pb_text admin_label=\"L\u2019extrusion est la technologie...\" _builder_version=\"4.19.2\" _module_preset=\"default\" global_colors_info=\"{}\"]L\u2019extrusion est la technologie la plus largement utilis\u00e9e pour le traitement du polystyr\u00e8ne, mais il existe aussi une grande vari\u00e9t\u00e9 de technologies de traitement telles que :\r\n\r\n- <strong>Extrusion coul\u00e9e<\/strong> :\r\nEn modelant la masse fondue, en la plastifiant et en l\u2019homog\u00e9n\u00e9isant dans l\u2019extrudeuse, on obtient une grande transparence, brillance et rigidit\u00e9 du produit final.\r\n\r\n- <strong>Extrusion-soufflage<\/strong> : \r\nLe film souffl\u00e9 permet le passage du polym\u00e8re fondu \u00e0 travers une extrudeuse annulaire.\r\nUn tube d\u2019un diam\u00e8tre relativement petit est g\u00e9n\u00e9r\u00e9 et subit une expansion imm\u00e9diate pour \u00ab souffler \u00bb de l\u2019air et un \u00e9tirement pour la traction. Le film se refroidit et se solidifie.\r\nDe cette fa\u00e7on, il peut \u00eatre pli\u00e9 entre les rouleaux de traction.\r\n\r\n- <strong>Form Fill Seal (FFS)<\/strong> : \r\nLargement utilis\u00e9 dans le secteur laitier, c\u2019est un processus de production \u00e0 haute productivit\u00e9.\r\nSelon l\u2019utilisation souhait\u00e9e, la feuille peut \u00eatre compos\u00e9e de plusieurs couches.\r\n\r\n- <strong>Feuille bi-orient\u00e9e<\/strong> : \r\nCertaines caract\u00e9ristiques de la feuille peuvent \u00eatre am\u00e9lior\u00e9es gr\u00e2ce \u00e0 cette technologie (par l\u2019\u00e9tirement d\u2019une feuille moul\u00e9e) : transparence, m\u00e9canique, perm\u00e9abilit\u00e9 \u00e0 l\u2019oxyg\u00e8ne et \u00e0 la vapeur d\u2019eau.\r\n\r\n- <strong>Thermoformage<\/strong> : \r\nProduit des objets en chauffant des produits semi-finis jusqu\u2019\u00e0 leur phase de caoutchouc (par la d\u00e9formation plastique). \r\nCertains des produits finaux fabriqu\u00e9s par thermoformage peuvent \u00eatre des gobelets de caf\u00e9 ou des pots de yaourt.[\/et_pb_text][\/et_pb_column][et_pb_column type=\"2_5\" _builder_version=\"4.19.2\" _module_preset=\"default\" global_colors_info=\"{}\"][et_pb_image src=\"https:\/\/www.fournierpolymers.com\/europe\/wp-content\/uploads\/sites\/2\/2022\/12\/technologies-processus-4.jpg\" alt=\"Thermoformage Eni Versalis\" title_text=\"technologies-processus\" _builder_version=\"4.19.2\" _module_preset=\"default\" global_colors_info=\"{}\" box_shadow_style=\"preset3\" box_shadow_color=\"rgba(0,0,0,0.17)\" border_radii=\"on|20px|20px|20px|20px\"][\/et_pb_image][\/et_pb_column][\/et_pb_row][\/et_pb_section]","_et_gb_content_width":"","inline_featured_image":false,"footnotes":""},"class_list":["post-1490","page","type-page","status-publish","hentry"],"yoast_head":"<!-- This site is optimized with the Yoast SEO plugin v27.2 - https:\/\/yoast.com\/product\/yoast-seo-wordpress\/ -->\n<title>Versalis GPPS- HIPS products - Fournier Polymers - Europe<\/title>\n<meta name=\"robots\" content=\"index, follow, max-snippet:-1, max-image-preview:large, max-video-preview:-1\" \/>\n<link rel=\"canonical\" href=\"https:\/\/www.fournierpolymers.com\/europe\/versalis-gpps-hips-products\/\" \/>\n<meta property=\"og:locale\" content=\"fr_FR\" \/>\n<meta property=\"og:type\" content=\"article\" \/>\n<meta property=\"og:title\" content=\"Versalis GPPS- HIPS products - Fournier Polymers - Europe\" \/>\n<meta property=\"og:description\" content=\"Versalis GPPS- HIPS productsFournier Polymers presents the Eni Versalis GPPS-HIPS (general purpose polystyrene\/high-impact polystyrene) products. These polystyrenes are commonly used for applications such as food packaging, industry, household appliances, toys, junction boxes, films and sheets. The main characteristics common to the GPPS and HIPS grades are: Easy processing Resistance to cracking under stress High chemical [&hellip;]\" \/>\n<meta property=\"og:url\" content=\"https:\/\/www.fournierpolymers.com\/europe\/versalis-gpps-hips-products\/\" \/>\n<meta property=\"og:site_name\" content=\"Fournier Polymers - Europe\" \/>\n<meta property=\"article:modified_time\" content=\"2023-01-19T15:20:49+00:00\" \/>\n<meta name=\"twitter:card\" content=\"summary_large_image\" \/>\n<meta name=\"twitter:label1\" content=\"Dur\u00e9e de lecture estim\u00e9e\" \/>\n\t<meta name=\"twitter:data1\" content=\"4 minutes\" \/>\n<script type=\"application\/ld+json\" class=\"yoast-schema-graph\">{\"@context\":\"https:\/\/schema.org\",\"@graph\":[{\"@type\":\"WebPage\",\"@id\":\"https:\/\/www.fournierpolymers.com\/europe\/versalis-gpps-hips-products\/\",\"url\":\"https:\/\/www.fournierpolymers.com\/europe\/versalis-gpps-hips-products\/\",\"name\":\"Versalis GPPS- HIPS products - Fournier Polymers - Europe\",\"isPartOf\":{\"@id\":\"https:\/\/www.fournierpolymers.com\/europe\/#website\"},\"datePublished\":\"2023-01-12T16:18:10+00:00\",\"dateModified\":\"2023-01-19T15:20:49+00:00\",\"breadcrumb\":{\"@id\":\"https:\/\/www.fournierpolymers.com\/europe\/versalis-gpps-hips-products\/#breadcrumb\"},\"inLanguage\":\"fr-FR\",\"potentialAction\":[{\"@type\":\"ReadAction\",\"target\":[\"https:\/\/www.fournierpolymers.com\/europe\/versalis-gpps-hips-products\/\"]}]},{\"@type\":\"BreadcrumbList\",\"@id\":\"https:\/\/www.fournierpolymers.com\/europe\/versalis-gpps-hips-products\/#breadcrumb\",\"itemListElement\":[{\"@type\":\"ListItem\",\"position\":1,\"name\":\"Home\",\"item\":\"https:\/\/www.fournierpolymers.com\/europe\/fr\/\"},{\"@type\":\"ListItem\",\"position\":2,\"name\":\"Versalis GPPS- HIPS products\"}]},{\"@type\":\"WebSite\",\"@id\":\"https:\/\/www.fournierpolymers.com\/europe\/#website\",\"url\":\"https:\/\/www.fournierpolymers.com\/europe\/\",\"name\":\"Fournier Polymers - Europe\",\"description\":\"\",\"potentialAction\":[{\"@type\":\"SearchAction\",\"target\":{\"@type\":\"EntryPoint\",\"urlTemplate\":\"https:\/\/www.fournierpolymers.com\/europe\/?s={search_term_string}\"},\"query-input\":{\"@type\":\"PropertyValueSpecification\",\"valueRequired\":true,\"valueName\":\"search_term_string\"}}],\"inLanguage\":\"fr-FR\"}]}<\/script>\n<!-- \/ Yoast SEO plugin. -->","yoast_head_json":{"title":"Versalis GPPS- HIPS products - Fournier Polymers - Europe","robots":{"index":"index","follow":"follow","max-snippet":"max-snippet:-1","max-image-preview":"max-image-preview:large","max-video-preview":"max-video-preview:-1"},"canonical":"https:\/\/www.fournierpolymers.com\/europe\/versalis-gpps-hips-products\/","og_locale":"fr_FR","og_type":"article","og_title":"Versalis GPPS- HIPS products - Fournier Polymers - Europe","og_description":"Versalis GPPS- HIPS productsFournier Polymers presents the Eni Versalis GPPS-HIPS (general purpose polystyrene\/high-impact polystyrene) products. These polystyrenes are commonly used for applications such as food packaging, industry, household appliances, toys, junction boxes, films and sheets. The main characteristics common to the GPPS and HIPS grades are: Easy processing Resistance to cracking under stress High chemical [&hellip;]","og_url":"https:\/\/www.fournierpolymers.com\/europe\/versalis-gpps-hips-products\/","og_site_name":"Fournier Polymers - Europe","article_modified_time":"2023-01-19T15:20:49+00:00","twitter_card":"summary_large_image","twitter_misc":{"Dur\u00e9e de lecture estim\u00e9e":"4 minutes"},"schema":{"@context":"https:\/\/schema.org","@graph":[{"@type":"WebPage","@id":"https:\/\/www.fournierpolymers.com\/europe\/versalis-gpps-hips-products\/","url":"https:\/\/www.fournierpolymers.com\/europe\/versalis-gpps-hips-products\/","name":"Versalis GPPS- HIPS products - Fournier Polymers - Europe","isPartOf":{"@id":"https:\/\/www.fournierpolymers.com\/europe\/#website"},"datePublished":"2023-01-12T16:18:10+00:00","dateModified":"2023-01-19T15:20:49+00:00","breadcrumb":{"@id":"https:\/\/www.fournierpolymers.com\/europe\/versalis-gpps-hips-products\/#breadcrumb"},"inLanguage":"fr-FR","potentialAction":[{"@type":"ReadAction","target":["https:\/\/www.fournierpolymers.com\/europe\/versalis-gpps-hips-products\/"]}]},{"@type":"BreadcrumbList","@id":"https:\/\/www.fournierpolymers.com\/europe\/versalis-gpps-hips-products\/#breadcrumb","itemListElement":[{"@type":"ListItem","position":1,"name":"Home","item":"https:\/\/www.fournierpolymers.com\/europe\/fr\/"},{"@type":"ListItem","position":2,"name":"Versalis GPPS- HIPS products"}]},{"@type":"WebSite","@id":"https:\/\/www.fournierpolymers.com\/europe\/#website","url":"https:\/\/www.fournierpolymers.com\/europe\/","name":"Fournier Polymers - Europe","description":"","potentialAction":[{"@type":"SearchAction","target":{"@type":"EntryPoint","urlTemplate":"https:\/\/www.fournierpolymers.com\/europe\/?s={search_term_string}"},"query-input":{"@type":"PropertyValueSpecification","valueRequired":true,"valueName":"search_term_string"}}],"inLanguage":"fr-FR"}]}},"_links":{"self":[{"href":"https:\/\/www.fournierpolymers.com\/europe\/wp-json\/wp\/v2\/pages\/1490","targetHints":{"allow":["GET"]}}],"collection":[{"href":"https:\/\/www.fournierpolymers.com\/europe\/wp-json\/wp\/v2\/pages"}],"about":[{"href":"https:\/\/www.fournierpolymers.com\/europe\/wp-json\/wp\/v2\/types\/page"}],"author":[{"embeddable":true,"href":"https:\/\/www.fournierpolymers.com\/europe\/wp-json\/wp\/v2\/users\/2"}],"replies":[{"embeddable":true,"href":"https:\/\/www.fournierpolymers.com\/europe\/wp-json\/wp\/v2\/comments?post=1490"}],"version-history":[{"count":9,"href":"https:\/\/www.fournierpolymers.com\/europe\/wp-json\/wp\/v2\/pages\/1490\/revisions"}],"predecessor-version":[{"id":1845,"href":"https:\/\/www.fournierpolymers.com\/europe\/wp-json\/wp\/v2\/pages\/1490\/revisions\/1845"}],"wp:attachment":[{"href":"https:\/\/www.fournierpolymers.com\/europe\/wp-json\/wp\/v2\/media?parent=1490"}],"curies":[{"name":"wp","href":"https:\/\/api.w.org\/{rel}","templated":true}]}}