{"id":1466,"date":"2023-01-12T17:11:41","date_gmt":"2023-01-12T16:11:41","guid":{"rendered":"https:\/\/www.fournierpolymers.com\/europe\/?page_id=1466"},"modified":"2023-01-13T11:05:13","modified_gmt":"2023-01-13T10:05:13","slug":"borealis-polypropylenes-for-compounds-and-masterbatch","status":"publish","type":"page","link":"https:\/\/www.fournierpolymers.com\/europe\/borealis-polypropylenes-for-compounds-and-masterbatch\/","title":{"rendered":"BOREALIS polypropylenes for Compounds and Masterbatch"},"content":{"rendered":"<p>[et_pb_section fb_built=\u00a0\u00bb1&Prime; admin_label=\u00a0\u00bbsection\u00a0\u00bb _builder_version=\u00a0\u00bb4.16&Prime; global_colors_info=\u00a0\u00bb{}\u00a0\u00bb][et_pb_row admin_label=\u00a0\u00bbrow\u00a0\u00bb _builder_version=\u00a0\u00bb4.16&Prime; background_size=\u00a0\u00bbinitial\u00a0\u00bb background_position=\u00a0\u00bbtop_left\u00a0\u00bb background_repeat=\u00a0\u00bbrepeat\u00a0\u00bb global_colors_info=\u00a0\u00bb{}\u00a0\u00bb][et_pb_column type=\u00a0\u00bb4_4&Prime; _builder_version=\u00a0\u00bb4.16&Prime; custom_padding=\u00a0\u00bb|||\u00a0\u00bb global_colors_info=\u00a0\u00bb{}\u00a0\u00bb custom_padding__hover=\u00a0\u00bb|||\u00a0\u00bb][et_pb_text admin_label=\u00a0\u00bbPolypropyl\u00e8nes BOREALIS pour Compounds et Masterbatch\u00a0\u00bb _builder_version=\u00a0\u00bb4.19.2&Prime; _module_preset=\u00a0\u00bbb3f290e9-bcd5-4ca4-92e9-5d2f46be520f\u00a0\u00bb global_colors_info=\u00a0\u00bb{}\u00a0\u00bb]<\/p>\n<h1>BOREALIS polypropylenes for Compounds and Masterbatch<\/h1>\n<p>[\/et_pb_text][\/et_pb_column][\/et_pb_row][et_pb_row column_structure=\u00a0\u00bb1_2,1_2&Prime; _builder_version=\u00a0\u00bb4.19.2&Prime; _module_preset=\u00a0\u00bbdefault\u00a0\u00bb global_colors_info=\u00a0\u00bb{}\u00a0\u00bb][et_pb_column type=\u00a0\u00bb1_2&Prime; _builder_version=\u00a0\u00bb4.19.2&Prime; _module_preset=\u00a0\u00bbdefault\u00a0\u00bb global_colors_info=\u00a0\u00bb{}\u00a0\u00bb][et_pb_text admin_label=\u00a0\u00bbBOREALIS a combin\u00e9 son expertise du march\u00e9 et son savoir-faire\u00a0\u00bb _builder_version=\u00a0\u00bb4.19.2&Prime; _module_preset=\u00a0\u00bbdefault\u00a0\u00bb custom_margin=\u00a0\u00bb69px|||||\u00a0\u00bb hover_enabled=\u00a0\u00bb0&Prime; global_colors_info=\u00a0\u00bb{}\u00a0\u00bb sticky_enabled=\u00a0\u00bb0&Prime;]BOREALIS has combined its market expertise and know-how to develop a range of innovative polypropylenes to offer a high-performance solution for the masterbatches and compounds markets.<\/p>\n<p>FOURNIER POLYMERS, partner for many years of BOREALIS, supports you in the search for the solution adapted to your needs.[\/et_pb_text][\/et_pb_column][et_pb_column type=\u00a0\u00bb1_2&Prime; _builder_version=\u00a0\u00bb4.19.2&Prime; _module_preset=\u00a0\u00bbdefault\u00a0\u00bb global_colors_info=\u00a0\u00bb{}\u00a0\u00bb][et_pb_image src=\u00a0\u00bbhttps:\/\/www.fournierpolymers.com\/europe\/wp-content\/uploads\/sites\/2\/2023\/01\/Polypropylenes-borealis.jpg\u00a0\u00bb alt=\u00a0\u00bbBOREALIS polypropylenes for Compounds and Masterbatch\u00a0\u00bb title_text=\u00a0\u00bbBOREALIS polypropylenes for Compounds and Masterbatch\u00a0\u00bb _builder_version=\u00a0\u00bb4.19.2&Prime; _module_preset=\u00a0\u00bb23109ff3-ba06-46a3-82fd-ed75dc01b242&Prime; hover_enabled=\u00a0\u00bb0&Prime; global_colors_info=\u00a0\u00bb{}\u00a0\u00bb sticky_enabled=\u00a0\u00bb0&Prime;][\/et_pb_image][\/et_pb_column][\/et_pb_row][et_pb_row column_structure=\u00a0\u00bb1_2,1_2&Prime; _builder_version=\u00a0\u00bb4.19.2&Prime; _module_preset=\u00a0\u00bbdefault\u00a0\u00bb global_colors_info=\u00a0\u00bb{}\u00a0\u00bb][et_pb_column type=\u00a0\u00bb1_2&Prime; _builder_version=\u00a0\u00bb4.19.2&Prime; _module_preset=\u00a0\u00bbdefault\u00a0\u00bb global_colors_info=\u00a0\u00bb{}\u00a0\u00bb][et_pb_image src=\u00a0\u00bbhttps:\/\/www.fournierpolymers.com\/europe\/wp-content\/uploads\/sites\/2\/2023\/01\/AdobeStock_549269098.jpg\u00a0\u00bb alt=\u00a0\u00bbBOREALIS polypropylenes for Compounds and Masterbatch\u00a0\u00bb title_text=\u00a0\u00bbBOREALIS polypropylenes for Compounds and Masterbatch\u00a0\u00bb _builder_version=\u00a0\u00bb4.19.2&Prime; _module_preset=\u00a0\u00bb23109ff3-ba06-46a3-82fd-ed75dc01b242&Prime; hover_enabled=\u00a0\u00bb0&Prime; global_colors_info=\u00a0\u00bb{}\u00a0\u00bb sticky_enabled=\u00a0\u00bb0&Prime;][\/et_pb_image][\/et_pb_column][et_pb_column type=\u00a0\u00bb1_2&Prime; _builder_version=\u00a0\u00bb4.19.2&Prime; _module_preset=\u00a0\u00bbdefault\u00a0\u00bb global_colors_info=\u00a0\u00bb{}\u00a0\u00bb][et_pb_text admin_label=\u00a0\u00bbL\u2019offre en polypropyl\u00e8ne de BOREALIS&#8230;\u00a0\u00bb _builder_version=\u00a0\u00bb4.19.2&Prime; _module_preset=\u00a0\u00bbdefault\u00a0\u00bb custom_padding=\u00a0\u00bb56px|||||\u00a0\u00bb hover_enabled=\u00a0\u00bb0&Prime; global_colors_info=\u00a0\u00bb{}\u00a0\u00bb sticky_enabled=\u00a0\u00bb0&Prime;]Polypropylene\u2019s range from BOREALIS offer for masterbatch and compounds:<\/p>\n<ul>\n<li>Homopolymer polypropylene<\/li>\n<li>Copolymer heterophasic <\/li>\n<li>Polypropylene random copolymer <\/li>\n<li>Specialty polypropylene <\/li>\n<\/ul>\n<p>[\/et_pb_text][\/et_pb_column][\/et_pb_row][et_pb_row column_structure=\u00a0\u00bb1_2,1_2&Prime; _builder_version=\u00a0\u00bb4.19.2&Prime; _module_preset=\u00a0\u00bbdefault\u00a0\u00bb global_colors_info=\u00a0\u00bb{}\u00a0\u00bb][et_pb_column type=\u00a0\u00bb1_2&Prime; _builder_version=\u00a0\u00bb4.19.2&Prime; _module_preset=\u00a0\u00bbdefault\u00a0\u00bb global_colors_info=\u00a0\u00bb{}\u00a0\u00bb][et_pb_text admin_label=\u00a0\u00bbLes principales caract\u00e9ristiques de la gamme PP&#8230;\u00a0\u00bb _builder_version=\u00a0\u00bb4.19.2&Prime; _module_preset=\u00a0\u00bbdefault\u00a0\u00bb custom_margin=\u00a0\u00bb88px|||||\u00a0\u00bb hover_enabled=\u00a0\u00bb0&Prime; global_colors_info=\u00a0\u00bb{}\u00a0\u00bb sticky_enabled=\u00a0\u00bb0&Prime;]The main characteristics of the PP range for compounds and masterbatch are:<\/p>\n<ul>\n<li>Good chemical resistance<\/li>\n<li>Processability<\/li>\n<li>Excellent optical property <\/li>\n<li>Nucleated <\/li>\n<li>Rheological stability <\/li>\n<li>Stress resistance<\/li>\n<\/ul>\n<p>[\/et_pb_text][\/et_pb_column][et_pb_column type=\u00a0\u00bb1_2&Prime; _builder_version=\u00a0\u00bb4.19.2&Prime; _module_preset=\u00a0\u00bbdefault\u00a0\u00bb global_colors_info=\u00a0\u00bb{}\u00a0\u00bb][et_pb_image src=\u00a0\u00bbhttps:\/\/www.fournierpolymers.com\/europe\/wp-content\/uploads\/sites\/2\/2023\/01\/Polypropylenes-borealis3.jpg\u00a0\u00bb alt=\u00a0\u00bbBOREALIS polypropylenes for Compounds and Masterbatch\u00a0\u00bb title_text=\u00a0\u00bbBOREALIS polypropylenes for Compounds and Masterbatch\u00a0\u00bb _builder_version=\u00a0\u00bb4.19.2&Prime; _module_preset=\u00a0\u00bb23109ff3-ba06-46a3-82fd-ed75dc01b242&Prime; hover_enabled=\u00a0\u00bb0&Prime; global_colors_info=\u00a0\u00bb{}\u00a0\u00bb sticky_enabled=\u00a0\u00bb0&Prime;][\/et_pb_image][\/et_pb_column][\/et_pb_row][\/et_pb_section]<\/p>\n","protected":false},"excerpt":{"rendered":"<p>BOREALIS polypropylenes for Compounds and MasterbatchBOREALIS has combined its market expertise and know-how to develop a range of innovative polypropylenes to offer a high-performance solution for the masterbatches and compounds markets. FOURNIER POLYMERS, partner for many years of BOREALIS, supports you in the search for the solution adapted to your needs.Polypropylene\u2019s range from BOREALIS offer [&hellip;]<\/p>\n","protected":false},"author":2,"featured_media":0,"parent":0,"menu_order":0,"comment_status":"closed","ping_status":"closed","template":"","meta":{"_et_pb_use_builder":"on","_et_pb_old_content":"[et_pb_section fb_built=\"1\" admin_label=\"section\" _builder_version=\"4.16\" global_colors_info=\"{}\"][et_pb_row admin_label=\"row\" _builder_version=\"4.16\" background_size=\"initial\" background_position=\"top_left\" background_repeat=\"repeat\" global_colors_info=\"{}\"][et_pb_column type=\"4_4\" _builder_version=\"4.16\" custom_padding=\"|||\" global_colors_info=\"{}\" custom_padding__hover=\"|||\"][et_pb_text admin_label=\"Polypropyl\u00e8nes BOREALIS pour Compounds et Masterbatch\" _builder_version=\"4.19.2\" _module_preset=\"b3f290e9-bcd5-4ca4-92e9-5d2f46be520f\" hover_enabled=\"0\" global_colors_info=\"{}\" sticky_enabled=\"0\"]<h1>Polypropyl\u00e8nes Borealis pour Compounds et Masterbatch<\/h1>[\/et_pb_text][\/et_pb_column][\/et_pb_row][et_pb_row column_structure=\"1_2,1_2\" _builder_version=\"4.19.2\" _module_preset=\"default\" global_colors_info=\"{}\"][et_pb_column type=\"1_2\" _builder_version=\"4.19.2\" _module_preset=\"default\" global_colors_info=\"{}\"][et_pb_text admin_label=\"BOREALIS a combin\u00e9 son expertise du march\u00e9 et son savoir-faire\" _builder_version=\"4.19.2\" _module_preset=\"default\" global_colors_info=\"{}\" custom_margin=\"69px|||||\"]<p>BOREALIS a combin\u00e9 son expertise du march\u00e9 et son savoir-faire afin de d\u00e9velopper une gamme de polypropyl\u00e8nes innovants permettant d'offrir une solution performante pour les march\u00e9s des masterbatchs et compounds.<\/p>\r\n<p>FOURNIER POLYMERS, partenaire depuis de nombreuses ann\u00e9es de BOREALIS, vous accompagne dans la recherche de la solution adapt\u00e9e \u00e0 vos besoins.<\/p>[\/et_pb_text][\/et_pb_column][et_pb_column type=\"1_2\" _builder_version=\"4.19.2\" _module_preset=\"default\" global_colors_info=\"{}\"][et_pb_image src=\"https:\/\/www.fournierpolymers.com\/europe\/wp-content\/uploads\/sites\/2\/2023\/01\/Polypropylenes-borealis.jpg\" alt=\"Polypropyl\u00e8nes Borealis\" title_text=\"Polypropylenes-borealis\" _builder_version=\"4.19.2\" _module_preset=\"23109ff3-ba06-46a3-82fd-ed75dc01b242\" hover_enabled=\"0\" global_colors_info=\"{}\" sticky_enabled=\"0\"][\/et_pb_image][\/et_pb_column][\/et_pb_row][et_pb_row column_structure=\"1_2,1_2\" _builder_version=\"4.19.2\" _module_preset=\"default\" global_colors_info=\"{}\"][et_pb_column type=\"1_2\" _builder_version=\"4.19.2\" _module_preset=\"default\" global_colors_info=\"{}\"][et_pb_image src=\"https:\/\/www.fournierpolymers.com\/europe\/wp-content\/uploads\/sites\/2\/2023\/01\/AdobeStock_549269098.jpg\" alt=\"Polypropyl\u00e8nes Borealis\" title_text=\"AdobeStock_549269098\" _builder_version=\"4.19.2\" _module_preset=\"23109ff3-ba06-46a3-82fd-ed75dc01b242\" hover_enabled=\"0\" global_colors_info=\"{}\" sticky_enabled=\"0\"][\/et_pb_image][\/et_pb_column][et_pb_column type=\"1_2\" _builder_version=\"4.19.2\" _module_preset=\"default\" global_colors_info=\"{}\"][et_pb_text admin_label=\"L\u2019offre en polypropyl\u00e8ne de BOREALIS...\" _builder_version=\"4.19.2\" _module_preset=\"default\" global_colors_info=\"{}\" custom_padding=\"56px|||||\"]L\u2019offre en polypropyl\u00e8ne de BOREALIS pour masterbatch et compounds se compose de : :\r\n<ul>\r\n\t<li>Polypropyl\u00e8ne homopolym\u00e8re<\/li>\r\n\t<li>Polypropyl\u00e8ne heterophasique copolym\u00e8re<\/li>\r\n\t<li>Polypropyl\u00e8ne random copolym\u00e8re<\/li>\r\n\t<li>Polypropyl\u00e8ne sp\u00e9cialit\u00e9<\/li>\r\n<\/ul>[\/et_pb_text][\/et_pb_column][\/et_pb_row][et_pb_row column_structure=\"1_2,1_2\" _builder_version=\"4.19.2\" _module_preset=\"default\" global_colors_info=\"{}\"][et_pb_column type=\"1_2\" _builder_version=\"4.19.2\" _module_preset=\"default\" global_colors_info=\"{}\"][et_pb_text admin_label=\"Les principales caract\u00e9ristiques de la gamme PP...\" _builder_version=\"4.19.2\" _module_preset=\"default\" global_colors_info=\"{}\" custom_margin=\"88px|||||\"]Les principales caract\u00e9ristiques de la gamme PP pour compounds et masterbatch sont :\r\n<ul>\r\n\t<li>Bonne r\u00e9sistance chimique<\/li>\r\n\t<li>Facilit\u00e9 de mise en \u0153uvre<\/li>\r\n\t<li>Excellente propri\u00e9t\u00e9 optique<\/li>\r\n\t<li>Produits nucl\u00e9\u00e9s<\/li>\r\n<li>Stabilit\u00e9 rh\u00e9ologique<\/li>\r\n\t<li>R\u00e9sistance \u00e0 la contrainte<\/li>\r\n<\/ul>[\/et_pb_text][\/et_pb_column][et_pb_column type=\"1_2\" _builder_version=\"4.19.2\" _module_preset=\"default\" global_colors_info=\"{}\"][et_pb_image src=\"https:\/\/www.fournierpolymers.com\/europe\/wp-content\/uploads\/sites\/2\/2023\/01\/Polypropylenes-borealis3.jpg\" alt=\"Polypropyl\u00e8nes Borealis\" title_text=\"Polypropylenes-borealis3\" _builder_version=\"4.19.2\" _module_preset=\"23109ff3-ba06-46a3-82fd-ed75dc01b242\" hover_enabled=\"0\" global_colors_info=\"{}\" sticky_enabled=\"0\"][\/et_pb_image][\/et_pb_column][\/et_pb_row][\/et_pb_section]","_et_gb_content_width":"","inline_featured_image":false,"footnotes":""},"class_list":["post-1466","page","type-page","status-publish","hentry"],"yoast_head":"<!-- This site is optimized with the Yoast SEO plugin v27.2 - https:\/\/yoast.com\/product\/yoast-seo-wordpress\/ -->\n<title>BOREALIS polypropylenes for Compounds and Masterbatch - Fournier Polymers - Europe<\/title>\n<meta name=\"robots\" content=\"index, follow, max-snippet:-1, max-image-preview:large, max-video-preview:-1\" \/>\n<link rel=\"canonical\" href=\"https:\/\/www.fournierpolymers.com\/europe\/borealis-polypropylenes-for-compounds-and-masterbatch\/\" \/>\n<meta property=\"og:locale\" content=\"fr_FR\" \/>\n<meta property=\"og:type\" content=\"article\" \/>\n<meta property=\"og:title\" content=\"BOREALIS polypropylenes for Compounds and Masterbatch - Fournier Polymers - Europe\" \/>\n<meta property=\"og:description\" content=\"BOREALIS polypropylenes for Compounds and MasterbatchBOREALIS has combined its market expertise and know-how to develop a range of innovative polypropylenes to offer a high-performance solution for the masterbatches and compounds markets. FOURNIER POLYMERS, partner for many years of BOREALIS, supports you in the search for the solution adapted to your needs.Polypropylene\u2019s range from BOREALIS offer [&hellip;]\" \/>\n<meta property=\"og:url\" content=\"https:\/\/www.fournierpolymers.com\/europe\/borealis-polypropylenes-for-compounds-and-masterbatch\/\" \/>\n<meta property=\"og:site_name\" content=\"Fournier Polymers - Europe\" \/>\n<meta property=\"article:modified_time\" content=\"2023-01-13T10:05:13+00:00\" \/>\n<meta name=\"twitter:card\" content=\"summary_large_image\" \/>\n<meta name=\"twitter:label1\" content=\"Dur\u00e9e de lecture estim\u00e9e\" \/>\n\t<meta name=\"twitter:data1\" content=\"3 minutes\" \/>\n<script type=\"application\/ld+json\" class=\"yoast-schema-graph\">{\"@context\":\"https:\/\/schema.org\",\"@graph\":[{\"@type\":\"WebPage\",\"@id\":\"https:\/\/www.fournierpolymers.com\/europe\/borealis-polypropylenes-for-compounds-and-masterbatch\/\",\"url\":\"https:\/\/www.fournierpolymers.com\/europe\/borealis-polypropylenes-for-compounds-and-masterbatch\/\",\"name\":\"BOREALIS polypropylenes for Compounds and Masterbatch - Fournier Polymers - Europe\",\"isPartOf\":{\"@id\":\"https:\/\/www.fournierpolymers.com\/europe\/#website\"},\"datePublished\":\"2023-01-12T16:11:41+00:00\",\"dateModified\":\"2023-01-13T10:05:13+00:00\",\"breadcrumb\":{\"@id\":\"https:\/\/www.fournierpolymers.com\/europe\/borealis-polypropylenes-for-compounds-and-masterbatch\/#breadcrumb\"},\"inLanguage\":\"fr-FR\",\"potentialAction\":[{\"@type\":\"ReadAction\",\"target\":[\"https:\/\/www.fournierpolymers.com\/europe\/borealis-polypropylenes-for-compounds-and-masterbatch\/\"]}]},{\"@type\":\"BreadcrumbList\",\"@id\":\"https:\/\/www.fournierpolymers.com\/europe\/borealis-polypropylenes-for-compounds-and-masterbatch\/#breadcrumb\",\"itemListElement\":[{\"@type\":\"ListItem\",\"position\":1,\"name\":\"Home\",\"item\":\"https:\/\/www.fournierpolymers.com\/europe\/fr\/\"},{\"@type\":\"ListItem\",\"position\":2,\"name\":\"BOREALIS polypropylenes for Compounds and Masterbatch\"}]},{\"@type\":\"WebSite\",\"@id\":\"https:\/\/www.fournierpolymers.com\/europe\/#website\",\"url\":\"https:\/\/www.fournierpolymers.com\/europe\/\",\"name\":\"Fournier Polymers - Europe\",\"description\":\"\",\"potentialAction\":[{\"@type\":\"SearchAction\",\"target\":{\"@type\":\"EntryPoint\",\"urlTemplate\":\"https:\/\/www.fournierpolymers.com\/europe\/?s={search_term_string}\"},\"query-input\":{\"@type\":\"PropertyValueSpecification\",\"valueRequired\":true,\"valueName\":\"search_term_string\"}}],\"inLanguage\":\"fr-FR\"}]}<\/script>\n<!-- \/ Yoast SEO plugin. -->","yoast_head_json":{"title":"BOREALIS polypropylenes for Compounds and Masterbatch - Fournier Polymers - Europe","robots":{"index":"index","follow":"follow","max-snippet":"max-snippet:-1","max-image-preview":"max-image-preview:large","max-video-preview":"max-video-preview:-1"},"canonical":"https:\/\/www.fournierpolymers.com\/europe\/borealis-polypropylenes-for-compounds-and-masterbatch\/","og_locale":"fr_FR","og_type":"article","og_title":"BOREALIS polypropylenes for Compounds and Masterbatch - Fournier Polymers - Europe","og_description":"BOREALIS polypropylenes for Compounds and MasterbatchBOREALIS has combined its market expertise and know-how to develop a range of innovative polypropylenes to offer a high-performance solution for the masterbatches and compounds markets. FOURNIER POLYMERS, partner for many years of BOREALIS, supports you in the search for the solution adapted to your needs.Polypropylene\u2019s range from BOREALIS offer [&hellip;]","og_url":"https:\/\/www.fournierpolymers.com\/europe\/borealis-polypropylenes-for-compounds-and-masterbatch\/","og_site_name":"Fournier Polymers - Europe","article_modified_time":"2023-01-13T10:05:13+00:00","twitter_card":"summary_large_image","twitter_misc":{"Dur\u00e9e de lecture estim\u00e9e":"3 minutes"},"schema":{"@context":"https:\/\/schema.org","@graph":[{"@type":"WebPage","@id":"https:\/\/www.fournierpolymers.com\/europe\/borealis-polypropylenes-for-compounds-and-masterbatch\/","url":"https:\/\/www.fournierpolymers.com\/europe\/borealis-polypropylenes-for-compounds-and-masterbatch\/","name":"BOREALIS polypropylenes for Compounds and Masterbatch - Fournier Polymers - Europe","isPartOf":{"@id":"https:\/\/www.fournierpolymers.com\/europe\/#website"},"datePublished":"2023-01-12T16:11:41+00:00","dateModified":"2023-01-13T10:05:13+00:00","breadcrumb":{"@id":"https:\/\/www.fournierpolymers.com\/europe\/borealis-polypropylenes-for-compounds-and-masterbatch\/#breadcrumb"},"inLanguage":"fr-FR","potentialAction":[{"@type":"ReadAction","target":["https:\/\/www.fournierpolymers.com\/europe\/borealis-polypropylenes-for-compounds-and-masterbatch\/"]}]},{"@type":"BreadcrumbList","@id":"https:\/\/www.fournierpolymers.com\/europe\/borealis-polypropylenes-for-compounds-and-masterbatch\/#breadcrumb","itemListElement":[{"@type":"ListItem","position":1,"name":"Home","item":"https:\/\/www.fournierpolymers.com\/europe\/fr\/"},{"@type":"ListItem","position":2,"name":"BOREALIS polypropylenes for Compounds and Masterbatch"}]},{"@type":"WebSite","@id":"https:\/\/www.fournierpolymers.com\/europe\/#website","url":"https:\/\/www.fournierpolymers.com\/europe\/","name":"Fournier Polymers - Europe","description":"","potentialAction":[{"@type":"SearchAction","target":{"@type":"EntryPoint","urlTemplate":"https:\/\/www.fournierpolymers.com\/europe\/?s={search_term_string}"},"query-input":{"@type":"PropertyValueSpecification","valueRequired":true,"valueName":"search_term_string"}}],"inLanguage":"fr-FR"}]}},"_links":{"self":[{"href":"https:\/\/www.fournierpolymers.com\/europe\/wp-json\/wp\/v2\/pages\/1466","targetHints":{"allow":["GET"]}}],"collection":[{"href":"https:\/\/www.fournierpolymers.com\/europe\/wp-json\/wp\/v2\/pages"}],"about":[{"href":"https:\/\/www.fournierpolymers.com\/europe\/wp-json\/wp\/v2\/types\/page"}],"author":[{"embeddable":true,"href":"https:\/\/www.fournierpolymers.com\/europe\/wp-json\/wp\/v2\/users\/2"}],"replies":[{"embeddable":true,"href":"https:\/\/www.fournierpolymers.com\/europe\/wp-json\/wp\/v2\/comments?post=1466"}],"version-history":[{"count":6,"href":"https:\/\/www.fournierpolymers.com\/europe\/wp-json\/wp\/v2\/pages\/1466\/revisions"}],"predecessor-version":[{"id":1561,"href":"https:\/\/www.fournierpolymers.com\/europe\/wp-json\/wp\/v2\/pages\/1466\/revisions\/1561"}],"wp:attachment":[{"href":"https:\/\/www.fournierpolymers.com\/europe\/wp-json\/wp\/v2\/media?parent=1466"}],"curies":[{"name":"wp","href":"https:\/\/api.w.org\/{rel}","templated":true}]}}