{"id":1434,"date":"2023-01-12T17:04:17","date_gmt":"2023-01-12T16:04:17","guid":{"rendered":"https:\/\/www.fournierpolymers.com\/europe\/?page_id=1434"},"modified":"2023-01-19T17:11:17","modified_gmt":"2023-01-19T16:11:17","slug":"exxonmobil-performance-pe-polymer-product-family","status":"publish","type":"page","link":"https:\/\/www.fournierpolymers.com\/europe\/exxonmobil-performance-pe-polymer-product-family\/","title":{"rendered":"ExxonMobil\u2122 performance PE polymer product family"},"content":{"rendered":"<p>[et_pb_section fb_built=\u00a0\u00bb1&Prime; admin_label=\u00a0\u00bbsection\u00a0\u00bb _builder_version=\u00a0\u00bb4.16&Prime; global_colors_info=\u00a0\u00bb{}\u00a0\u00bb][et_pb_row admin_label=\u00a0\u00bbrow\u00a0\u00bb _builder_version=\u00a0\u00bb4.16&Prime; background_size=\u00a0\u00bbinitial\u00a0\u00bb background_position=\u00a0\u00bbtop_left\u00a0\u00bb background_repeat=\u00a0\u00bbrepeat\u00a0\u00bb global_colors_info=\u00a0\u00bb{}\u00a0\u00bb][et_pb_column type=\u00a0\u00bb4_4&Prime; _builder_version=\u00a0\u00bb4.16&Prime; custom_padding=\u00a0\u00bb|||\u00a0\u00bb global_colors_info=\u00a0\u00bb{}\u00a0\u00bb custom_padding__hover=\u00a0\u00bb|||\u00a0\u00bb][et_pb_text admin_label=\u00a0\u00bbFamille de produits ExxonMobil\u2122 performance polym\u00e8res PE\u00a0\u00bb _builder_version=\u00a0\u00bb4.19.2&Prime; _module_preset=\u00a0\u00bbb3f290e9-bcd5-4ca4-92e9-5d2f46be520f\u00a0\u00bb global_colors_info=\u00a0\u00bb{}\u00a0\u00bb]<\/p>\n<h1>ExxonMobil\u2122 performance PE polymer product family<\/h1>\n<p>[\/et_pb_text][\/et_pb_column][\/et_pb_row][et_pb_row column_structure=\u00a0\u00bb2_5,3_5&Prime; _builder_version=\u00a0\u00bb4.19.2&Prime; _module_preset=\u00a0\u00bbdefault\u00a0\u00bb global_colors_info=\u00a0\u00bb{}\u00a0\u00bb][et_pb_column type=\u00a0\u00bb2_5&Prime; _builder_version=\u00a0\u00bb4.19.2&Prime; _module_preset=\u00a0\u00bbdefault\u00a0\u00bb global_colors_info=\u00a0\u00bb{}\u00a0\u00bb][et_pb_text _builder_version=\u00a0\u00bb4.19.2&Prime; _module_preset=\u00a0\u00bbdefault\u00a0\u00bb custom_margin=\u00a0\u00bb9px|||||\u00a0\u00bb global_colors_info=\u00a0\u00bb{}\u00a0\u00bb]Fournier Polymers presents the ExxonMobil\u2122 range of performance PE polymers. ExxonMobil\u2122 divides its performance polyethylene (PE) range into three main brands: Exceed\u2122 XP, Exceed\u2122 and Enable\u2122.<\/p>\n<p>Exceed\u2122 XP, Exceed\u2122 and Enable\u2122 offer many advantages, including toughness, bag sealing and removal performance, ease of processing, exceptional optics, recyclability and the possibility of reducing bag thicknesses.<\/p>\n<p>High-performance PE resins are used in many applications including packaging, agriculture, building and construction, health and medical and industrial applications.[\/et_pb_text][\/et_pb_column][et_pb_column type=\u00a0\u00bb3_5&Prime; _builder_version=\u00a0\u00bb4.19.2&Prime; _module_preset=\u00a0\u00bbdefault\u00a0\u00bb global_colors_info=\u00a0\u00bb{}\u00a0\u00bb][et_pb_image src=\u00a0\u00bbhttps:\/\/www.fournierpolymers.com\/europe\/wp-content\/uploads\/sites\/2\/2022\/12\/PE-1.jpg\u00a0\u00bb alt=\u00a0\u00bbExxonMobil\u2122 performance PE polymer product family\u00a0\u00bb title_text=\u00a0\u00bbExxonMobil\u2122 performance PE polymer product family\u00a0\u00bb _builder_version=\u00a0\u00bb4.19.2&Prime; _module_preset=\u00a0\u00bb23109ff3-ba06-46a3-82fd-ed75dc01b242&Prime; global_colors_info=\u00a0\u00bb{}\u00a0\u00bb][\/et_pb_image][\/et_pb_column][\/et_pb_row][et_pb_row column_structure=\u00a0\u00bb1_2,1_2&Prime; _builder_version=\u00a0\u00bb4.19.2&Prime; _module_preset=\u00a0\u00bbdefault\u00a0\u00bb min_height=\u00a0\u00bb561.6px\u00a0\u00bb custom_padding=\u00a0\u00bb56px|||||\u00a0\u00bb global_colors_info=\u00a0\u00bb{}\u00a0\u00bb][et_pb_column type=\u00a0\u00bb1_2&Prime; _builder_version=\u00a0\u00bb4.19.2&Prime; _module_preset=\u00a0\u00bbdefault\u00a0\u00bb global_colors_info=\u00a0\u00bb{}\u00a0\u00bb][et_pb_image src=\u00a0\u00bbhttps:\/\/www.fournierpolymers.com\/europe\/wp-content\/uploads\/sites\/2\/2023\/01\/PE3.jpg\u00a0\u00bb alt=\u00a0\u00bbExxonMobil performance PE polymer product family\u00a0\u00bb title_text=\u00a0\u00bbExxonMobil performance PE polymer product family\u00a0\u00bb _builder_version=\u00a0\u00bb4.19.2&Prime; _module_preset=\u00a0\u00bb23109ff3-ba06-46a3-82fd-ed75dc01b242&Prime; hover_enabled=\u00a0\u00bb0&Prime; global_colors_info=\u00a0\u00bb{}\u00a0\u00bb sticky_enabled=\u00a0\u00bb0&Prime;][\/et_pb_image][\/et_pb_column][et_pb_column type=\u00a0\u00bb1_2&Prime; _builder_version=\u00a0\u00bb4.19.2&Prime; _module_preset=\u00a0\u00bbdefault\u00a0\u00bb global_colors_info=\u00a0\u00bb{}\u00a0\u00bb][et_pb_text admin_label=\u00a0\u00bbProduits\u00a0\u00bb _builder_version=\u00a0\u00bb4.19.2&Prime; _module_preset=\u00a0\u00bbdefault\u00a0\u00bb header_text_color=\u00a0\u00bb#CE1225&Prime; header_2_text_color=\u00a0\u00bb#CE1225&Prime; header_3_text_color=\u00a0\u00bb#CE1225&Prime; global_colors_info=\u00a0\u00bb{}\u00a0\u00bb]<\/p>\n<h2>Products<\/h2>\n<h3><\/h3>\n<h3>Exceed\u2122 XP performance PE polymers<\/h3>\n<p>Exceed\u2122 XP is an exceptional choice for its extreme mechanical performance and ease of use. It also combines a patented catalyst and processing technology to introduce a new range of products offering extreme performance for a wide variety of applications.<\/p>\n<h3>Exceed\u2122 performance PE polymers<\/h3>\n<p>To formulate a wide range of high-performance film structures, ExxonMobil recommends Exceed\u2122 for its excellent mechanical performance and its exceptional sealing properties combined with the best optics in its category.<\/p>\n<h3>Enable\u2122 performance PE polymers<\/h3>\n<p>Enable\u2122 is the best choice for optimum solutions due to its excellent combination of processability and bubble stability with HAO properties. It also enables film processors to enhance their business with more stable operations, improved line output and downgauging and co-extrusion operations.[\/et_pb_text][\/et_pb_column][\/et_pb_row][\/et_pb_section]<\/p>\n","protected":false},"excerpt":{"rendered":"<p>ExxonMobil\u2122 performance PE polymer product familyFournier Polymers presents the ExxonMobil\u2122 range of performance PE polymers. ExxonMobil\u2122 divides its performance polyethylene (PE) range into three main brands: Exceed\u2122 XP, Exceed\u2122 and Enable\u2122. Exceed\u2122 XP, Exceed\u2122 and Enable\u2122 offer many advantages, including toughness, bag sealing and removal performance, ease of processing, exceptional optics, recyclability and the possibility [&hellip;]<\/p>\n","protected":false},"author":2,"featured_media":0,"parent":0,"menu_order":0,"comment_status":"closed","ping_status":"closed","template":"","meta":{"_et_pb_use_builder":"on","_et_pb_old_content":"[et_pb_section fb_built=\"1\" admin_label=\"section\" _builder_version=\"4.16\" global_colors_info=\"{}\"][et_pb_row admin_label=\"row\" _builder_version=\"4.16\" background_size=\"initial\" background_position=\"top_left\" background_repeat=\"repeat\" global_colors_info=\"{}\"][et_pb_column type=\"4_4\" _builder_version=\"4.16\" custom_padding=\"|||\" global_colors_info=\"{}\" custom_padding__hover=\"|||\"][et_pb_text admin_label=\"Famille de produits ExxonMobil\u2122 performance polym\u00e8res PE\" _builder_version=\"4.19.2\" _module_preset=\"b3f290e9-bcd5-4ca4-92e9-5d2f46be520f\" hover_enabled=\"0\" global_colors_info=\"{}\" sticky_enabled=\"0\"]<h1>Famille de produits ExxonMobil\u2122 performance polym\u00e8res PE<\/h1>[\/et_pb_text][\/et_pb_column][\/et_pb_row][et_pb_row column_structure=\"2_5,3_5\" _builder_version=\"4.19.2\" _module_preset=\"default\" global_colors_info=\"{}\"][et_pb_column type=\"2_5\" _builder_version=\"4.19.2\" _module_preset=\"default\" global_colors_info=\"{}\"][et_pb_text _builder_version=\"4.19.2\" _module_preset=\"default\" global_colors_info=\"{}\" custom_margin=\"9px|||||\"]Fournier Polymers pr\u00e9sente l'offre d\u2019ExxonMobil\u2122 pour les polym\u00e8res PE de performance. ExxonMobil\u2122 divise son offre poly\u00e9thyl\u00e8ne (PE) performants en 3 marques principales : Exceed\u2122 XP, Exceed\u2122 et Enable\u2122.\r\n\r\nExceed\u2122 XP, Exceed\u2122 et Enable\u2122 offrent de nombreux avantages tels que la solidit\u00e9, les performances en scellage et d\u00e9pose de sacs, la facilit\u00e9 de traitement, une optique exceptionnelle, la recyclabilit\u00e9 et les possibilit\u00e9s de r\u00e9duction de l\u2019\u00e9paisseur des sacs.\r\n\r\nLes PE hautes performances sont utilis\u00e9s pour de nombreuses applications telles que l\u2019emballage, l\u2019agriculture, le b\u00e2timent et la construction, la sant\u00e9 et les applications m\u00e9dicales et industrielles.[\/et_pb_text][\/et_pb_column][et_pb_column type=\"3_5\" _builder_version=\"4.19.2\" _module_preset=\"default\" global_colors_info=\"{}\"][et_pb_image src=\"https:\/\/www.fournierpolymers.com\/europe\/wp-content\/uploads\/sites\/2\/2022\/12\/PE-1.jpg\" alt=\"ExxonMobil performance polym\u00e8res PE\" title_text=\"PE\" _builder_version=\"4.19.2\" _module_preset=\"23109ff3-ba06-46a3-82fd-ed75dc01b242\" hover_enabled=\"0\" global_colors_info=\"{}\" sticky_enabled=\"0\"][\/et_pb_image][\/et_pb_column][\/et_pb_row][et_pb_row column_structure=\"1_2,1_2\" _builder_version=\"4.19.2\" _module_preset=\"default\" global_colors_info=\"{}\" min_height=\"561.6px\" custom_padding=\"56px|||||\"][et_pb_column type=\"1_2\" _builder_version=\"4.19.2\" _module_preset=\"default\" global_colors_info=\"{}\"][et_pb_image src=\"https:\/\/www.fournierpolymers.com\/europe\/wp-content\/uploads\/sites\/2\/2022\/12\/PE2-1.jpg\" alt=\"ExxonMobil performance polym\u00e8res PE\" title_text=\"PE2\" _builder_version=\"4.19.2\" _module_preset=\"23109ff3-ba06-46a3-82fd-ed75dc01b242\" hover_enabled=\"0\" global_colors_info=\"{}\" sticky_enabled=\"0\"][\/et_pb_image][\/et_pb_column][et_pb_column type=\"1_2\" _builder_version=\"4.19.2\" _module_preset=\"default\" global_colors_info=\"{}\"][et_pb_text admin_label=\"Produits\" _builder_version=\"4.19.2\" _module_preset=\"default\" hover_enabled=\"0\" global_colors_info=\"{}\" header_text_color=\"#CE1225\" header_2_text_color=\"#CE1225\" header_3_text_color=\"#CE1225\" sticky_enabled=\"0\"]<h2>Produits<\/h2>\r\n<h3><\/h3>\r\n<h3>Polym\u00e8res Exceed\u2122 XP performance PE<\/h3>\r\n<p>Exceed\u2122 XP est un choix exceptionnel en raison de ses hautes performances m\u00e9caniques et de sa facilit\u00e9 de mise en oeuvre. En outre, il combine un catalyseur brevet\u00e9 et une technologie de traitement permettant d\u2019introduire une nouvelle gamme de produits qui offrent des performances extr\u00eames pour un grand nombre d\u2019applications.<\/p>\r\n<h3>Polym\u00e8res Exceed\u2122 Performance PE<\/h3>\r\n<p>Pour formuler une large gamme de structures de films aux performances \u00e9lev\u00e9es, ExxonMobil\u2122 recommande Exceed\u2122 en raison de ses excellentes performances m\u00e9caniques et de ses propri\u00e9t\u00e9s d\u2019\u00e9tanch\u00e9it\u00e9 exceptionnelles, associ\u00e9es aux meilleures optiques de sa cat\u00e9gorie.<\/p>\r\n<h3>Polymeres Enable\u2122 Performance PE<\/h3>\r\n<p>Enable\u2122 est le meilleur choix pour des solutions optimales en raison de son excellente combinaison de la stabilit\u00e9 du processus et des bulles avec les propri\u00e9t\u00e9s HAO. En outre, il permet aux transformateurs de films de renforcer leur activit\u00e9 gr\u00e2ce \u00e0 des op\u00e9rations plus stables, d\u2019am\u00e9liorer le rendement des lignes et les op\u00e9rations de r\u00e9duction de calibre et de co-extrusion.<\/p>[\/et_pb_text][\/et_pb_column][\/et_pb_row][\/et_pb_section]","_et_gb_content_width":"","inline_featured_image":false,"footnotes":""},"class_list":["post-1434","page","type-page","status-publish","hentry"],"yoast_head":"<!-- This site is optimized with the Yoast SEO plugin v27.2 - https:\/\/yoast.com\/product\/yoast-seo-wordpress\/ -->\n<title>ExxonMobil\u2122 performance PE polymer product family - Fournier Polymers - Europe<\/title>\n<meta name=\"robots\" content=\"index, follow, max-snippet:-1, max-image-preview:large, max-video-preview:-1\" \/>\n<link rel=\"canonical\" href=\"https:\/\/www.fournierpolymers.com\/europe\/exxonmobil-performance-pe-polymer-product-family\/\" \/>\n<meta property=\"og:locale\" content=\"fr_FR\" \/>\n<meta property=\"og:type\" content=\"article\" \/>\n<meta property=\"og:title\" content=\"ExxonMobil\u2122 performance PE polymer product family - Fournier Polymers - Europe\" \/>\n<meta property=\"og:description\" content=\"ExxonMobil\u2122 performance PE polymer product familyFournier Polymers presents the ExxonMobil\u2122 range of performance PE polymers. ExxonMobil\u2122 divides its performance polyethylene (PE) range into three main brands: Exceed\u2122 XP, Exceed\u2122 and Enable\u2122. Exceed\u2122 XP, Exceed\u2122 and Enable\u2122 offer many advantages, including toughness, bag sealing and removal performance, ease of processing, exceptional optics, recyclability and the possibility [&hellip;]\" \/>\n<meta property=\"og:url\" content=\"https:\/\/www.fournierpolymers.com\/europe\/exxonmobil-performance-pe-polymer-product-family\/\" \/>\n<meta property=\"og:site_name\" content=\"Fournier Polymers - Europe\" \/>\n<meta property=\"article:modified_time\" content=\"2023-01-19T16:11:17+00:00\" \/>\n<meta name=\"twitter:card\" content=\"summary_large_image\" \/>\n<meta name=\"twitter:label1\" content=\"Dur\u00e9e de lecture estim\u00e9e\" \/>\n\t<meta name=\"twitter:data1\" content=\"3 minutes\" \/>\n<script type=\"application\/ld+json\" class=\"yoast-schema-graph\">{\"@context\":\"https:\/\/schema.org\",\"@graph\":[{\"@type\":\"WebPage\",\"@id\":\"https:\/\/www.fournierpolymers.com\/europe\/exxonmobil-performance-pe-polymer-product-family\/\",\"url\":\"https:\/\/www.fournierpolymers.com\/europe\/exxonmobil-performance-pe-polymer-product-family\/\",\"name\":\"ExxonMobil\u2122 performance PE polymer product family - Fournier Polymers - Europe\",\"isPartOf\":{\"@id\":\"https:\/\/www.fournierpolymers.com\/europe\/#website\"},\"datePublished\":\"2023-01-12T16:04:17+00:00\",\"dateModified\":\"2023-01-19T16:11:17+00:00\",\"breadcrumb\":{\"@id\":\"https:\/\/www.fournierpolymers.com\/europe\/exxonmobil-performance-pe-polymer-product-family\/#breadcrumb\"},\"inLanguage\":\"fr-FR\",\"potentialAction\":[{\"@type\":\"ReadAction\",\"target\":[\"https:\/\/www.fournierpolymers.com\/europe\/exxonmobil-performance-pe-polymer-product-family\/\"]}]},{\"@type\":\"BreadcrumbList\",\"@id\":\"https:\/\/www.fournierpolymers.com\/europe\/exxonmobil-performance-pe-polymer-product-family\/#breadcrumb\",\"itemListElement\":[{\"@type\":\"ListItem\",\"position\":1,\"name\":\"Home\",\"item\":\"https:\/\/www.fournierpolymers.com\/europe\/fr\/\"},{\"@type\":\"ListItem\",\"position\":2,\"name\":\"ExxonMobil\u2122 performance PE polymer product family\"}]},{\"@type\":\"WebSite\",\"@id\":\"https:\/\/www.fournierpolymers.com\/europe\/#website\",\"url\":\"https:\/\/www.fournierpolymers.com\/europe\/\",\"name\":\"Fournier Polymers - Europe\",\"description\":\"\",\"potentialAction\":[{\"@type\":\"SearchAction\",\"target\":{\"@type\":\"EntryPoint\",\"urlTemplate\":\"https:\/\/www.fournierpolymers.com\/europe\/?s={search_term_string}\"},\"query-input\":{\"@type\":\"PropertyValueSpecification\",\"valueRequired\":true,\"valueName\":\"search_term_string\"}}],\"inLanguage\":\"fr-FR\"}]}<\/script>\n<!-- \/ Yoast SEO plugin. -->","yoast_head_json":{"title":"ExxonMobil\u2122 performance PE polymer product family - Fournier Polymers - Europe","robots":{"index":"index","follow":"follow","max-snippet":"max-snippet:-1","max-image-preview":"max-image-preview:large","max-video-preview":"max-video-preview:-1"},"canonical":"https:\/\/www.fournierpolymers.com\/europe\/exxonmobil-performance-pe-polymer-product-family\/","og_locale":"fr_FR","og_type":"article","og_title":"ExxonMobil\u2122 performance PE polymer product family - Fournier Polymers - Europe","og_description":"ExxonMobil\u2122 performance PE polymer product familyFournier Polymers presents the ExxonMobil\u2122 range of performance PE polymers. ExxonMobil\u2122 divides its performance polyethylene (PE) range into three main brands: Exceed\u2122 XP, Exceed\u2122 and Enable\u2122. Exceed\u2122 XP, Exceed\u2122 and Enable\u2122 offer many advantages, including toughness, bag sealing and removal performance, ease of processing, exceptional optics, recyclability and the possibility [&hellip;]","og_url":"https:\/\/www.fournierpolymers.com\/europe\/exxonmobil-performance-pe-polymer-product-family\/","og_site_name":"Fournier Polymers - Europe","article_modified_time":"2023-01-19T16:11:17+00:00","twitter_card":"summary_large_image","twitter_misc":{"Dur\u00e9e de lecture estim\u00e9e":"3 minutes"},"schema":{"@context":"https:\/\/schema.org","@graph":[{"@type":"WebPage","@id":"https:\/\/www.fournierpolymers.com\/europe\/exxonmobil-performance-pe-polymer-product-family\/","url":"https:\/\/www.fournierpolymers.com\/europe\/exxonmobil-performance-pe-polymer-product-family\/","name":"ExxonMobil\u2122 performance PE polymer product family - Fournier Polymers - Europe","isPartOf":{"@id":"https:\/\/www.fournierpolymers.com\/europe\/#website"},"datePublished":"2023-01-12T16:04:17+00:00","dateModified":"2023-01-19T16:11:17+00:00","breadcrumb":{"@id":"https:\/\/www.fournierpolymers.com\/europe\/exxonmobil-performance-pe-polymer-product-family\/#breadcrumb"},"inLanguage":"fr-FR","potentialAction":[{"@type":"ReadAction","target":["https:\/\/www.fournierpolymers.com\/europe\/exxonmobil-performance-pe-polymer-product-family\/"]}]},{"@type":"BreadcrumbList","@id":"https:\/\/www.fournierpolymers.com\/europe\/exxonmobil-performance-pe-polymer-product-family\/#breadcrumb","itemListElement":[{"@type":"ListItem","position":1,"name":"Home","item":"https:\/\/www.fournierpolymers.com\/europe\/fr\/"},{"@type":"ListItem","position":2,"name":"ExxonMobil\u2122 performance PE polymer product family"}]},{"@type":"WebSite","@id":"https:\/\/www.fournierpolymers.com\/europe\/#website","url":"https:\/\/www.fournierpolymers.com\/europe\/","name":"Fournier Polymers - Europe","description":"","potentialAction":[{"@type":"SearchAction","target":{"@type":"EntryPoint","urlTemplate":"https:\/\/www.fournierpolymers.com\/europe\/?s={search_term_string}"},"query-input":{"@type":"PropertyValueSpecification","valueRequired":true,"valueName":"search_term_string"}}],"inLanguage":"fr-FR"}]}},"_links":{"self":[{"href":"https:\/\/www.fournierpolymers.com\/europe\/wp-json\/wp\/v2\/pages\/1434","targetHints":{"allow":["GET"]}}],"collection":[{"href":"https:\/\/www.fournierpolymers.com\/europe\/wp-json\/wp\/v2\/pages"}],"about":[{"href":"https:\/\/www.fournierpolymers.com\/europe\/wp-json\/wp\/v2\/types\/page"}],"author":[{"embeddable":true,"href":"https:\/\/www.fournierpolymers.com\/europe\/wp-json\/wp\/v2\/users\/2"}],"replies":[{"embeddable":true,"href":"https:\/\/www.fournierpolymers.com\/europe\/wp-json\/wp\/v2\/comments?post=1434"}],"version-history":[{"count":5,"href":"https:\/\/www.fournierpolymers.com\/europe\/wp-json\/wp\/v2\/pages\/1434\/revisions"}],"predecessor-version":[{"id":1861,"href":"https:\/\/www.fournierpolymers.com\/europe\/wp-json\/wp\/v2\/pages\/1434\/revisions\/1861"}],"wp:attachment":[{"href":"https:\/\/www.fournierpolymers.com\/europe\/wp-json\/wp\/v2\/media?parent=1434"}],"curies":[{"name":"wp","href":"https:\/\/api.w.org\/{rel}","templated":true}]}}