{"id":1431,"date":"2023-01-12T17:02:58","date_gmt":"2023-01-12T16:02:58","guid":{"rendered":"https:\/\/www.fournierpolymers.com\/europe\/?page_id=1431"},"modified":"2023-01-19T17:17:34","modified_gmt":"2023-01-19T16:17:34","slug":"exxonmobil-eva-copolymer-product-family","status":"publish","type":"page","link":"https:\/\/www.fournierpolymers.com\/europe\/exxonmobil-eva-copolymer-product-family\/","title":{"rendered":"ExxonMobil\u2122 EVA copolymer product family"},"content":{"rendered":"<p>[et_pb_section fb_built=\u00a0\u00bb1&Prime; admin_label=\u00a0\u00bbsection\u00a0\u00bb _builder_version=\u00a0\u00bb4.16&Prime; global_colors_info=\u00a0\u00bb{}\u00a0\u00bb][et_pb_row admin_label=\u00a0\u00bbrow\u00a0\u00bb _builder_version=\u00a0\u00bb4.16&Prime; background_size=\u00a0\u00bbinitial\u00a0\u00bb background_position=\u00a0\u00bbtop_left\u00a0\u00bb background_repeat=\u00a0\u00bbrepeat\u00a0\u00bb global_colors_info=\u00a0\u00bb{}\u00a0\u00bb][et_pb_column type=\u00a0\u00bb4_4&Prime; _builder_version=\u00a0\u00bb4.16&Prime; custom_padding=\u00a0\u00bb|||\u00a0\u00bb global_colors_info=\u00a0\u00bb{}\u00a0\u00bb custom_padding__hover=\u00a0\u00bb|||\u00a0\u00bb][et_pb_text admin_label=\u00a0\u00bbFamille de produits ExxonMobil copolym\u00e8res EVA\u00a0\u00bb _builder_version=\u00a0\u00bb4.19.2&Prime; _module_preset=\u00a0\u00bbb3f290e9-bcd5-4ca4-92e9-5d2f46be520f\u00a0\u00bb global_colors_info=\u00a0\u00bb{}\u00a0\u00bb]<\/p>\n<h1>ExxonMobil\u2122 EVA copolymer product family<\/h1>\n<p>[\/et_pb_text][\/et_pb_column][\/et_pb_row][et_pb_row column_structure=\u00a0\u00bb3_5,2_5&Prime; _builder_version=\u00a0\u00bb4.19.2&Prime; _module_preset=\u00a0\u00bbdefault\u00a0\u00bb custom_margin=\u00a0\u00bb|auto|26px|auto||\u00a0\u00bb global_colors_info=\u00a0\u00bb{}\u00a0\u00bb][et_pb_column type=\u00a0\u00bb3_5&Prime; _builder_version=\u00a0\u00bb4.19.2&Prime; _module_preset=\u00a0\u00bbdefault\u00a0\u00bb global_colors_info=\u00a0\u00bb{}\u00a0\u00bb][et_pb_text _builder_version=\u00a0\u00bb4.19.2&Prime; _module_preset=\u00a0\u00bbdefault\u00a0\u00bb global_colors_info=\u00a0\u00bb{}\u00a0\u00bb]Fournier Polymers presents the ExxonMobil\u2122 EVA range of copolymers. Escorene\u2122 Ultra EVA copolymers are used in extrusion film processes and offer excellent characteristics.<\/p>\n<p>These applications include:<\/p>\n<ul>\n<li>Surface protection and greenhouse covers<\/li>\n<li>Encapsulation of photovoltaic cells<\/li>\n<li>Moulded caps and seals<\/li>\n<li>Footwear<\/li>\n<li>Car interiors<\/li>\n<li>Adhesive resin formulations<\/li>\n<li>Wire and electrical cable compounding<\/li>\n<li>Bookbinding applications<\/li>\n<\/ul>\n<p>The main advantages of Escorene\u2122 Ultra EVA products are their low seal initiation temperatures, high hot-tack, very good impact strength and excellent optical properties for film processes, as well as high transparency for photovoltaic cell encapsulation.<\/p>\n<p>EVA copolymers are used in various industries such as packaging, agriculture, building and construction, consumer products, the automotive sector, adhesives and sealing products. [\/et_pb_text][\/et_pb_column][et_pb_column type=\u00a0\u00bb2_5&Prime; _builder_version=\u00a0\u00bb4.19.2&Prime; _module_preset=\u00a0\u00bbdefault\u00a0\u00bb global_colors_info=\u00a0\u00bb{}\u00a0\u00bb][et_pb_image src=\u00a0\u00bbhttps:\/\/www.fournierpolymers.com\/europe\/wp-content\/uploads\/sites\/2\/2023\/01\/eva2.jpg\u00a0\u00bb alt=\u00a0\u00bbExxonMobil\u2122 EVA copolymer product family\u00a0\u00bb title_text=\u00a0\u00bbExxonMobil\u2122 EVA copolymer product family\u00a0\u00bb _builder_version=\u00a0\u00bb4.19.2&Prime; _module_preset=\u00a0\u00bb23109ff3-ba06-46a3-82fd-ed75dc01b242&Prime; custom_margin=\u00a0\u00bb1px|||||\u00a0\u00bb hover_enabled=\u00a0\u00bb0&Prime; global_colors_info=\u00a0\u00bb{}\u00a0\u00bb sticky_enabled=\u00a0\u00bb0&Prime;][\/et_pb_image][\/et_pb_column][\/et_pb_row][et_pb_row column_structure=\u00a0\u00bb3_5,2_5&Prime; _builder_version=\u00a0\u00bb4.19.2&Prime; _module_preset=\u00a0\u00bbdefault\u00a0\u00bb global_colors_info=\u00a0\u00bb{}\u00a0\u00bb][et_pb_column type=\u00a0\u00bb3_5&Prime; _builder_version=\u00a0\u00bb4.19.2&Prime; _module_preset=\u00a0\u00bbdefault\u00a0\u00bb global_colors_info=\u00a0\u00bb{}\u00a0\u00bb][et_pb_image src=\u00a0\u00bbhttps:\/\/www.fournierpolymers.com\/europe\/wp-content\/uploads\/sites\/2\/2022\/12\/ultra-eva-1.jpg\u00a0\u00bb alt=\u00a0\u00bbEscorene\u2122 ULTRA EVA\u00a0\u00bb title_text=\u00a0\u00bbEscorene\u2122 ULTRA EVA\u00a0\u00bb _builder_version=\u00a0\u00bb4.19.2&Prime; _module_preset=\u00a0\u00bb23109ff3-ba06-46a3-82fd-ed75dc01b242&Prime; global_colors_info=\u00a0\u00bb{}\u00a0\u00bb][\/et_pb_image][\/et_pb_column][et_pb_column type=\u00a0\u00bb2_5&Prime; _builder_version=\u00a0\u00bb4.19.2&Prime; _module_preset=\u00a0\u00bbdefault\u00a0\u00bb global_colors_info=\u00a0\u00bb{}\u00a0\u00bb][et_pb_text _builder_version=\u00a0\u00bb4.19.2&Prime; _module_preset=\u00a0\u00bbdefault\u00a0\u00bb header_text_color=\u00a0\u00bb#CE1225&Prime; header_2_text_color=\u00a0\u00bb#CE1225&Prime; custom_margin=\u00a0\u00bb48px|||||\u00a0\u00bb global_colors_info=\u00a0\u00bb{}\u00a0\u00bb]<\/p>\n<h2>Product<\/h2>\n<p>&nbsp;<\/p>\n<h3>Escorene\u2122 ULTRA EVA<\/h3>\n<p>&nbsp;<\/p>\n<p>Escorene\u2122 ULTRA EVA is the base polymer for many adhesion resin formulations due to its excellent compounding capacity (commonly used for wires and cables).<\/p>\n<p>It also has significant strengths for photovoltaic cell encapsulation, such as high transparency.[\/et_pb_text][\/et_pb_column][\/et_pb_row][\/et_pb_section]<\/p>\n","protected":false},"excerpt":{"rendered":"<p>ExxonMobil\u2122 EVA copolymer product familyFournier Polymers presents the ExxonMobil\u2122 EVA range of copolymers. Escorene\u2122 Ultra EVA copolymers are used in extrusion film processes and offer excellent characteristics. These applications include: Surface protection and greenhouse covers Encapsulation of photovoltaic cells Moulded caps and seals Footwear Car interiors Adhesive resin formulations Wire and electrical cable compounding Bookbinding [&hellip;]<\/p>\n","protected":false},"author":2,"featured_media":0,"parent":0,"menu_order":0,"comment_status":"closed","ping_status":"closed","template":"","meta":{"_et_pb_use_builder":"on","_et_pb_old_content":"[et_pb_section fb_built=\"1\" admin_label=\"section\" _builder_version=\"4.16\" global_colors_info=\"{}\"][et_pb_row admin_label=\"row\" _builder_version=\"4.16\" background_size=\"initial\" background_position=\"top_left\" background_repeat=\"repeat\" global_colors_info=\"{}\"][et_pb_column type=\"4_4\" _builder_version=\"4.16\" custom_padding=\"|||\" global_colors_info=\"{}\" custom_padding__hover=\"|||\"][et_pb_text admin_label=\"Famille de produits ExxonMobil copolym\u00e8res EVA\" _builder_version=\"4.19.2\" _module_preset=\"b3f290e9-bcd5-4ca4-92e9-5d2f46be520f\" hover_enabled=\"0\" global_colors_info=\"{}\" sticky_enabled=\"0\"]<h1>Famille de produits ExxonMobil\u2122 copolym\u00e8res EVA<\/h1>[\/et_pb_text][\/et_pb_column][\/et_pb_row][et_pb_row column_structure=\"3_5,2_5\" _builder_version=\"4.19.2\" _module_preset=\"default\" global_colors_info=\"{}\"][et_pb_column type=\"3_5\" _builder_version=\"4.19.2\" _module_preset=\"default\" global_colors_info=\"{}\"][et_pb_text _builder_version=\"4.19.2\" _module_preset=\"default\" global_colors_info=\"{}\"]<p>Fournier Polymers pr\u00e9sente la gamme EVA d'ExxonMobil\u2122 : Escorene\u2122. Ces copolym\u00e8res sont utilis\u00e9s notamment pour l'extrusion films et offrent d'excellentes caract\u00e9ristiques techniques.<\/p>\r\n<p>Certaines de ces applications sont :<\/p>\r\n<ul>\r\n<li>Protection des surfaces et couverture de serres<\/li>\r\n<li>Encapsulation des cellules photovolta\u00efques<\/li>\r\n<li>Capsules et joints moul\u00e9s<\/li>\r\n<li>Chaussures<\/li>\r\n<li>Int\u00e9rieurs de voitures<\/li>\r\n<li>Formulations de r\u00e9sine adh\u00e9sive<\/li>\r\n<li>Compostage de fils et de c\u00e2bles \u00e9lectriques<\/li>\r\n<li>Applications de reliures<\/li>\r\n<\/ul>\r\n<p>Les principaux avantages des produits Escorene\u2122 Ultra EVA sont : faibles temp\u00e9ratures d\u2019amor\u00e7age du joint, forte adh\u00e9rence \u00e0 chaud, tr\u00e8s bonne r\u00e9sistance aux chocs et excellentes propri\u00e9t\u00e9s optiques pour les processus de films, ainsi qu\u2019une grande transparence pour l\u2019encapsulation des cellules photovolta\u00efques.<\/p>\r\n<p>Les copolym\u00e8res EVA sont utilis\u00e9s pour diff\u00e9rentes industries comme l\u2019emballage, l\u2019agriculture, le b\u00e2timent et la construction, les produits de consommation, le secteur automobile, les adh\u00e9sifs et les produits d\u2019\u00e9tanch\u00e9it\u00e9.<\/p>[\/et_pb_text][\/et_pb_column][et_pb_column type=\"2_5\" _builder_version=\"4.19.2\" _module_preset=\"default\" global_colors_info=\"{}\"][et_pb_image src=\"https:\/\/www.fournierpolymers.com\/europe\/wp-content\/uploads\/sites\/2\/2022\/12\/eva-2.jpg\" alt=\"ExxonMobil copolym\u00e8res EVA\" title_text=\"eva\" _builder_version=\"4.19.2\" _module_preset=\"23109ff3-ba06-46a3-82fd-ed75dc01b242\" hover_enabled=\"0\" global_colors_info=\"{}\" sticky_enabled=\"0\"][\/et_pb_image][\/et_pb_column][\/et_pb_row][et_pb_row column_structure=\"3_5,2_5\" _builder_version=\"4.19.2\" _module_preset=\"default\" global_colors_info=\"{}\"][et_pb_column type=\"3_5\" _builder_version=\"4.19.2\" _module_preset=\"default\" global_colors_info=\"{}\"][et_pb_image src=\"https:\/\/www.fournierpolymers.com\/europe\/wp-content\/uploads\/sites\/2\/2022\/12\/ultra-eva-1.jpg\" alt=\"ExxonMobil copolym\u00e8res EVA\" title_text=\"ultra-eva\" _builder_version=\"4.19.2\" _module_preset=\"23109ff3-ba06-46a3-82fd-ed75dc01b242\" hover_enabled=\"0\" global_colors_info=\"{}\" sticky_enabled=\"0\"][\/et_pb_image][\/et_pb_column][et_pb_column type=\"2_5\" _builder_version=\"4.19.2\" _module_preset=\"default\" global_colors_info=\"{}\"][et_pb_text _builder_version=\"4.19.2\" _module_preset=\"default\" hover_enabled=\"0\" global_colors_info=\"{}\" header_text_color=\"#CE1225\" header_2_text_color=\"#CE1225\" sticky_enabled=\"0\" custom_margin=\"19px|||||\"]<h2>Produit<\/h2>\r\n<p>\u00a0<\/p>\r\n<h3>Escorene\u2122 ULTRA EVA<\/h3>\r\n<p>\u00a0<\/p>\r\n<p>Escorene\u2122 ULTRA EVA est le polym\u00e8re de base pour de nombreuses formulations de r\u00e9sines d\u2019adh\u00e9rence, en raison de ses excellentes capacit\u00e9s de composition (couramment utilis\u00e9es pour les fils et les c\u00e2bles).<\/p>\r\n<p>En outre, il poss\u00e8de \u00e9galement un atout majeur pour l\u2019encapsulation des cellules photovolta\u00efques, comme la haute transparence.<\/p>[\/et_pb_text][\/et_pb_column][\/et_pb_row][\/et_pb_section]","_et_gb_content_width":"","inline_featured_image":false,"footnotes":""},"class_list":["post-1431","page","type-page","status-publish","hentry"],"yoast_head":"<!-- This site is optimized with the Yoast SEO plugin v27.2 - https:\/\/yoast.com\/product\/yoast-seo-wordpress\/ -->\n<title>ExxonMobil\u2122 EVA copolymer product family - Fournier Polymers - Europe<\/title>\n<meta name=\"robots\" content=\"index, follow, max-snippet:-1, max-image-preview:large, max-video-preview:-1\" \/>\n<link rel=\"canonical\" href=\"https:\/\/www.fournierpolymers.com\/europe\/exxonmobil-eva-copolymer-product-family\/\" \/>\n<meta property=\"og:locale\" content=\"fr_FR\" \/>\n<meta property=\"og:type\" content=\"article\" \/>\n<meta property=\"og:title\" content=\"ExxonMobil\u2122 EVA copolymer product family - Fournier Polymers - Europe\" \/>\n<meta property=\"og:description\" content=\"ExxonMobil\u2122 EVA copolymer product familyFournier Polymers presents the ExxonMobil\u2122 EVA range of copolymers. Escorene\u2122 Ultra EVA copolymers are used in extrusion film processes and offer excellent characteristics. These applications include: Surface protection and greenhouse covers Encapsulation of photovoltaic cells Moulded caps and seals Footwear Car interiors Adhesive resin formulations Wire and electrical cable compounding Bookbinding [&hellip;]\" \/>\n<meta property=\"og:url\" content=\"https:\/\/www.fournierpolymers.com\/europe\/exxonmobil-eva-copolymer-product-family\/\" \/>\n<meta property=\"og:site_name\" content=\"Fournier Polymers - Europe\" \/>\n<meta property=\"article:modified_time\" content=\"2023-01-19T16:17:34+00:00\" \/>\n<meta name=\"twitter:card\" content=\"summary_large_image\" \/>\n<meta name=\"twitter:label1\" content=\"Dur\u00e9e de lecture estim\u00e9e\" \/>\n\t<meta name=\"twitter:data1\" content=\"2 minutes\" \/>\n<script type=\"application\/ld+json\" class=\"yoast-schema-graph\">{\"@context\":\"https:\/\/schema.org\",\"@graph\":[{\"@type\":\"WebPage\",\"@id\":\"https:\/\/www.fournierpolymers.com\/europe\/exxonmobil-eva-copolymer-product-family\/\",\"url\":\"https:\/\/www.fournierpolymers.com\/europe\/exxonmobil-eva-copolymer-product-family\/\",\"name\":\"ExxonMobil\u2122 EVA copolymer product family - Fournier Polymers - Europe\",\"isPartOf\":{\"@id\":\"https:\/\/www.fournierpolymers.com\/europe\/#website\"},\"datePublished\":\"2023-01-12T16:02:58+00:00\",\"dateModified\":\"2023-01-19T16:17:34+00:00\",\"breadcrumb\":{\"@id\":\"https:\/\/www.fournierpolymers.com\/europe\/exxonmobil-eva-copolymer-product-family\/#breadcrumb\"},\"inLanguage\":\"fr-FR\",\"potentialAction\":[{\"@type\":\"ReadAction\",\"target\":[\"https:\/\/www.fournierpolymers.com\/europe\/exxonmobil-eva-copolymer-product-family\/\"]}]},{\"@type\":\"BreadcrumbList\",\"@id\":\"https:\/\/www.fournierpolymers.com\/europe\/exxonmobil-eva-copolymer-product-family\/#breadcrumb\",\"itemListElement\":[{\"@type\":\"ListItem\",\"position\":1,\"name\":\"Home\",\"item\":\"https:\/\/www.fournierpolymers.com\/europe\/fr\/\"},{\"@type\":\"ListItem\",\"position\":2,\"name\":\"ExxonMobil\u2122 EVA copolymer product family\"}]},{\"@type\":\"WebSite\",\"@id\":\"https:\/\/www.fournierpolymers.com\/europe\/#website\",\"url\":\"https:\/\/www.fournierpolymers.com\/europe\/\",\"name\":\"Fournier Polymers - Europe\",\"description\":\"\",\"potentialAction\":[{\"@type\":\"SearchAction\",\"target\":{\"@type\":\"EntryPoint\",\"urlTemplate\":\"https:\/\/www.fournierpolymers.com\/europe\/?s={search_term_string}\"},\"query-input\":{\"@type\":\"PropertyValueSpecification\",\"valueRequired\":true,\"valueName\":\"search_term_string\"}}],\"inLanguage\":\"fr-FR\"}]}<\/script>\n<!-- \/ Yoast SEO plugin. -->","yoast_head_json":{"title":"ExxonMobil\u2122 EVA copolymer product family - Fournier Polymers - Europe","robots":{"index":"index","follow":"follow","max-snippet":"max-snippet:-1","max-image-preview":"max-image-preview:large","max-video-preview":"max-video-preview:-1"},"canonical":"https:\/\/www.fournierpolymers.com\/europe\/exxonmobil-eva-copolymer-product-family\/","og_locale":"fr_FR","og_type":"article","og_title":"ExxonMobil\u2122 EVA copolymer product family - Fournier Polymers - Europe","og_description":"ExxonMobil\u2122 EVA copolymer product familyFournier Polymers presents the ExxonMobil\u2122 EVA range of copolymers. Escorene\u2122 Ultra EVA copolymers are used in extrusion film processes and offer excellent characteristics. These applications include: Surface protection and greenhouse covers Encapsulation of photovoltaic cells Moulded caps and seals Footwear Car interiors Adhesive resin formulations Wire and electrical cable compounding Bookbinding [&hellip;]","og_url":"https:\/\/www.fournierpolymers.com\/europe\/exxonmobil-eva-copolymer-product-family\/","og_site_name":"Fournier Polymers - Europe","article_modified_time":"2023-01-19T16:17:34+00:00","twitter_card":"summary_large_image","twitter_misc":{"Dur\u00e9e de lecture estim\u00e9e":"2 minutes"},"schema":{"@context":"https:\/\/schema.org","@graph":[{"@type":"WebPage","@id":"https:\/\/www.fournierpolymers.com\/europe\/exxonmobil-eva-copolymer-product-family\/","url":"https:\/\/www.fournierpolymers.com\/europe\/exxonmobil-eva-copolymer-product-family\/","name":"ExxonMobil\u2122 EVA copolymer product family - Fournier Polymers - Europe","isPartOf":{"@id":"https:\/\/www.fournierpolymers.com\/europe\/#website"},"datePublished":"2023-01-12T16:02:58+00:00","dateModified":"2023-01-19T16:17:34+00:00","breadcrumb":{"@id":"https:\/\/www.fournierpolymers.com\/europe\/exxonmobil-eva-copolymer-product-family\/#breadcrumb"},"inLanguage":"fr-FR","potentialAction":[{"@type":"ReadAction","target":["https:\/\/www.fournierpolymers.com\/europe\/exxonmobil-eva-copolymer-product-family\/"]}]},{"@type":"BreadcrumbList","@id":"https:\/\/www.fournierpolymers.com\/europe\/exxonmobil-eva-copolymer-product-family\/#breadcrumb","itemListElement":[{"@type":"ListItem","position":1,"name":"Home","item":"https:\/\/www.fournierpolymers.com\/europe\/fr\/"},{"@type":"ListItem","position":2,"name":"ExxonMobil\u2122 EVA copolymer product family"}]},{"@type":"WebSite","@id":"https:\/\/www.fournierpolymers.com\/europe\/#website","url":"https:\/\/www.fournierpolymers.com\/europe\/","name":"Fournier Polymers - Europe","description":"","potentialAction":[{"@type":"SearchAction","target":{"@type":"EntryPoint","urlTemplate":"https:\/\/www.fournierpolymers.com\/europe\/?s={search_term_string}"},"query-input":{"@type":"PropertyValueSpecification","valueRequired":true,"valueName":"search_term_string"}}],"inLanguage":"fr-FR"}]}},"_links":{"self":[{"href":"https:\/\/www.fournierpolymers.com\/europe\/wp-json\/wp\/v2\/pages\/1431","targetHints":{"allow":["GET"]}}],"collection":[{"href":"https:\/\/www.fournierpolymers.com\/europe\/wp-json\/wp\/v2\/pages"}],"about":[{"href":"https:\/\/www.fournierpolymers.com\/europe\/wp-json\/wp\/v2\/types\/page"}],"author":[{"embeddable":true,"href":"https:\/\/www.fournierpolymers.com\/europe\/wp-json\/wp\/v2\/users\/2"}],"replies":[{"embeddable":true,"href":"https:\/\/www.fournierpolymers.com\/europe\/wp-json\/wp\/v2\/comments?post=1431"}],"version-history":[{"count":7,"href":"https:\/\/www.fournierpolymers.com\/europe\/wp-json\/wp\/v2\/pages\/1431\/revisions"}],"predecessor-version":[{"id":1864,"href":"https:\/\/www.fournierpolymers.com\/europe\/wp-json\/wp\/v2\/pages\/1431\/revisions\/1864"}],"wp:attachment":[{"href":"https:\/\/www.fournierpolymers.com\/europe\/wp-json\/wp\/v2\/media?parent=1431"}],"curies":[{"name":"wp","href":"https:\/\/api.w.org\/{rel}","templated":true}]}}