{"id":1408,"date":"2023-01-12T16:56:41","date_gmt":"2023-01-12T15:56:41","guid":{"rendered":"https:\/\/www.fournierpolymers.com\/europe\/?page_id=1408"},"modified":"2023-03-10T12:02:58","modified_gmt":"2023-03-10T11:02:58","slug":"borealis","status":"publish","type":"page","link":"https:\/\/www.fournierpolymers.com\/europe\/borealis\/","title":{"rendered":"Borealis"},"content":{"rendered":"<p>[et_pb_section fb_built=\u00a0\u00bb1&Prime; _builder_version=\u00a0\u00bb4.19.2&Prime; _module_preset=\u00a0\u00bbdefault\u00a0\u00bb custom_padding=\u00a0\u00bb7px||0px|||\u00a0\u00bb global_colors_info=\u00a0\u00bb{}\u00a0\u00bb][et_pb_row _builder_version=\u00a0\u00bb4.19.2&Prime; _module_preset=\u00a0\u00bbdefault\u00a0\u00bb global_colors_info=\u00a0\u00bb{}\u00a0\u00bb][et_pb_column type=\u00a0\u00bb4_4&Prime; _builder_version=\u00a0\u00bb4.19.2&Prime; _module_preset=\u00a0\u00bbdefault\u00a0\u00bb global_colors_info=\u00a0\u00bb{}\u00a0\u00bb][et_pb_image src=\u00a0\u00bbhttps:\/\/www.fournierpolymers.com\/europe\/wp-content\/uploads\/sites\/2\/2022\/12\/Borealis.png\u00a0\u00bb alt=\u00a0\u00bbBorealis\u00a0\u00bb title_text=\u00a0\u00bbBorealis\u00a0\u00bb align=\u00a0\u00bbcenter\u00a0\u00bb _builder_version=\u00a0\u00bb4.19.2&Prime; _module_preset=\u00a0\u00bbdefault\u00a0\u00bb global_colors_info=\u00a0\u00bb{}\u00a0\u00bb][\/et_pb_image][et_pb_text _builder_version=\u00a0\u00bb4.19.2&Prime; _module_preset=\u00a0\u00bbdefault\u00a0\u00bb global_colors_info=\u00a0\u00bb{}\u00a0\u00bb]<\/p>\n<div class=\"container-adjusted-general top-small-margin\">\n<p>Queo\u2122 is the Borealis solution for plastomers and elastomers.<\/p>\n<p>Queo\u2122 plastomers have thermoplastic and elastomeric properties that result in soft, flexible materials.<\/p>\n<\/div>\n<p>[\/et_pb_text][\/et_pb_column][\/et_pb_row][\/et_pb_section][et_pb_section fb_built=\u00a0\u00bb1&Prime; specialty=\u00a0\u00bbon\u00a0\u00bb _builder_version=\u00a0\u00bb4.19.2&Prime; _module_preset=\u00a0\u00bbdefault\u00a0\u00bb custom_padding=\u00a0\u00bb19px||33px|||\u00a0\u00bb global_colors_info=\u00a0\u00bb{}\u00a0\u00bb][et_pb_column type=\u00a0\u00bb1_2&Prime; _builder_version=\u00a0\u00bb4.16&Prime; custom_padding=\u00a0\u00bb|||\u00a0\u00bb global_colors_info=\u00a0\u00bb{}\u00a0\u00bb custom_padding__hover=\u00a0\u00bb|||\u00a0\u00bb][et_pb_text admin_label=\u00a0\u00bb\u00c9lastom\u00e8res &#038; Plastom\u00e8res Borealis Queo\u00a0\u00bb _builder_version=\u00a0\u00bb4.19.2&Prime; _module_preset=\u00a0\u00bbdefault\u00a0\u00bb text_text_color=\u00a0\u00bb#002654&Prime; header_3_text_color=\u00a0\u00bb#CE1225&Prime; use_background_color_gradient=\u00a0\u00bbon\u00a0\u00bb background_color_gradient_direction=\u00a0\u00bb-90deg\u00a0\u00bb background_color_gradient_stops=\u00a0\u00bbrgba(255,255,255,0.4) 0%|#ffffff 55%|#ffffff 100%\u00a0\u00bb background_image=\u00a0\u00bbhttps:\/\/www.fournierpolymers.com\/europe\/wp-content\/uploads\/sites\/2\/2022\/12\/elastomere-queo2-1.jpg\u00a0\u00bb background_blend=\u00a0\u00bbsoft-light\u00a0\u00bb custom_padding=\u00a0\u00bb20px|26px|20px|26px|true|true\u00a0\u00bb link_option_url=\u00a0\u00bb\/europe\/borealis-queo-elastomers-and-plastomers\/\u00a0\u00bb border_width_left=\u00a0\u00bb7px\u00a0\u00bb border_color_left=\u00a0\u00bb#CE1225&Prime; global_colors_info=\u00a0\u00bb{}\u00a0\u00bb]<\/p>\n<h3>Borealis Queo\u2122 elastomers &amp; plastomers<\/h3>\n<p>Fournier Polymers presents the Borealis Queo\u2122 family of polyolefinic elastomer products. The technology used by the Queo\u2122 products results in flexible materials with both thermoplastic and elastomeric properties&#8230;<\/p>\n<p><a href=\"\/europe\/borealis-queo-elastomers-and-plastomers\/\">More info<\/a>[\/et_pb_text][\/et_pb_column][et_pb_column type=\u00a0\u00bb1_2&Prime; specialty_columns=\u00a0\u00bb2&Prime; _builder_version=\u00a0\u00bb4.16&Prime; custom_padding=\u00a0\u00bb|||\u00a0\u00bb global_colors_info=\u00a0\u00bb{}\u00a0\u00bb custom_padding__hover=\u00a0\u00bb|||\u00a0\u00bb][et_pb_row_inner _builder_version=\u00a0\u00bb4.19.2&Prime; _module_preset=\u00a0\u00bbdefault\u00a0\u00bb global_colors_info=\u00a0\u00bb{}\u00a0\u00bb][et_pb_column_inner saved_specialty_column_type=\u00a0\u00bb1_2&Prime; _builder_version=\u00a0\u00bb4.19.2&Prime; _module_preset=\u00a0\u00bbdefault\u00a0\u00bb global_colors_info=\u00a0\u00bb{}\u00a0\u00bb][et_pb_text admin_label=\u00a0\u00bbPolypropyl\u00e8nes Borealis pour Compounds et Masterbatch\u00a0\u00bb _builder_version=\u00a0\u00bb4.19.2&Prime; _module_preset=\u00a0\u00bbdefault\u00a0\u00bb text_text_color=\u00a0\u00bb#002654&Prime; header_3_text_color=\u00a0\u00bb#CE1225&Prime; use_background_color_gradient=\u00a0\u00bbon\u00a0\u00bb background_color_gradient_direction=\u00a0\u00bb-90deg\u00a0\u00bb background_color_gradient_stops=\u00a0\u00bbrgba(255,255,255,0.4) 0%|#ffffff 55%|#ffffff 100%\u00a0\u00bb background_image=\u00a0\u00bbhttps:\/\/www.fournierpolymers.com\/europe\/wp-content\/uploads\/sites\/2\/2023\/01\/Polypropylenes-borealis.jpg\u00a0\u00bb background_blend=\u00a0\u00bbsoft-light\u00a0\u00bb custom_padding=\u00a0\u00bb20px|26px|20px|26px|true|true\u00a0\u00bb link_option_url=\u00a0\u00bb\/europe\/borealis-polypropylenes-for-compounds-and-masterbatch\/\u00a0\u00bb border_width_left=\u00a0\u00bb7px\u00a0\u00bb border_color_left=\u00a0\u00bb#CE1225&Prime; global_colors_info=\u00a0\u00bb{}\u00a0\u00bb]<\/p>\n<h3>Borealis polypropylenes for Compounds and Masterbatch<\/h3>\n<p>Borealis has combined its market expertise and know-how to develop a range of innovative polypropylenes to offer a high-performance solution for the masterbatches and compounds markets&#8230;<\/p>\n<p><a href=\"\/europe\/borealis-polypropylenes-for-compounds-and-masterbatch\/\">More info<\/a>[\/et_pb_text][\/et_pb_column_inner][\/et_pb_row_inner][\/et_pb_column][\/et_pb_section]<\/p>\n","protected":false},"excerpt":{"rendered":"<p>Queo\u2122 is the Borealis solution for plastomers and elastomers. Queo\u2122 plastomers have thermoplastic and elastomeric properties that result in soft, flexible materials.<\/p>\n","protected":false},"author":2,"featured_media":0,"parent":0,"menu_order":0,"comment_status":"closed","ping_status":"closed","template":"","meta":{"_et_pb_use_builder":"on","_et_pb_old_content":"[et_pb_section fb_built=\"1\" _builder_version=\"4.19.2\" _module_preset=\"default\" custom_padding=\"7px||0px|||\" global_colors_info=\"{}\"][et_pb_row _builder_version=\"4.19.2\" _module_preset=\"default\" global_colors_info=\"{}\"][et_pb_column type=\"4_4\" _builder_version=\"4.19.2\" _module_preset=\"default\" global_colors_info=\"{}\"][et_pb_image src=\"https:\/\/www.fournierpolymers.com\/europe\/wp-content\/uploads\/sites\/2\/2022\/12\/Borealis.png\" alt=\"Borealis\" title_text=\"Borealis\" align=\"center\" _builder_version=\"4.19.2\" _module_preset=\"default\" global_colors_info=\"{}\"][\/et_pb_image][et_pb_text _builder_version=\"4.19.2\" _module_preset=\"default\" global_colors_info=\"{}\"]<div class=\"container-adjusted-general top-small-margin\">\r\n<p>Queo\u2122 est la solution de Borealis pour les plastom\u00e8res et les \u00e9lastom\u00e8res.<\/p>\r\n<p>Les plastom\u00e8res Queo\u2122 pr\u00e9sentent des propri\u00e9t\u00e9s thermoplastiques et \u00e9lastom\u00e8res permettant d\u2019obtenir des mat\u00e9riaux  souples et flexibles.<\/p>\r\n<\/div>[\/et_pb_text][\/et_pb_column][\/et_pb_row][\/et_pb_section][et_pb_section fb_built=\"1\" specialty=\"on\" _builder_version=\"4.19.2\" _module_preset=\"default\" custom_padding=\"19px||33px|||\" global_colors_info=\"{}\"][et_pb_column type=\"1_2\" _builder_version=\"4.16\" custom_padding=\"|||\" global_colors_info=\"{}\" custom_padding__hover=\"|||\"][et_pb_text admin_label=\"\u00c9lastom\u00e8res & Plastom\u00e8res Borealis Queo\" _builder_version=\"4.19.2\" _module_preset=\"default\" text_text_color=\"#002654\" header_3_text_color=\"#CE1225\" use_background_color_gradient=\"on\" background_color_gradient_direction=\"-90deg\" background_color_gradient_stops=\"rgba(255,255,255,0.4) 0%|#ffffff 55%|#ffffff 100%\" background_image=\"https:\/\/www.fournierpolymers.com\/europe\/wp-content\/uploads\/sites\/2\/2022\/12\/elastomere-queo2-1.jpg\" background_blend=\"soft-light\" custom_padding=\"20px|26px|20px|26px|true|true\" link_option_url=\"\/europe\/fr\/borealis-elastomeres-plastomeres-queo\" border_width_left=\"7px\" border_color_left=\"#CE1225\" global_colors_info=\"{}\"]<h3>\u00c9lastom\u00e8res & Plastom\u00e8res Borealis Queo\u2122<\/h3>\r\n<p>Fournier Polymers pr\u00e9sente la famille de produits des \u00e9lastom\u00e8res polyol\u00e9finiques Borealis Queo\u2122. La technologie utilis\u00e9e par les produits de Queo\u2122 permet d\u2019obtenir des mat\u00e9riaux flexibles qui pr\u00e9sentent \u00e0 la fois des propri\u00e9t\u00e9s thermoplastiques et \u00e9lastom\u00e8res...<\/p>\r\n<p><a href=\"\/europe\/fr\/borealis-elastomeres-plastomeres-queo\">Plus d'infos<\/a><\/p>[\/et_pb_text][\/et_pb_column][et_pb_column type=\"1_2\" specialty_columns=\"2\" _builder_version=\"4.16\" custom_padding=\"|||\" global_colors_info=\"{}\" custom_padding__hover=\"|||\"][et_pb_row_inner _builder_version=\"4.19.2\" _module_preset=\"default\" global_colors_info=\"{}\"][et_pb_column_inner saved_specialty_column_type=\"1_2\" _builder_version=\"4.19.2\" _module_preset=\"default\" global_colors_info=\"{}\"][et_pb_text admin_label=\"Polypropyl\u00e8nes Borealis pour Compounds et Masterbatch\" _builder_version=\"4.19.2\" _module_preset=\"default\" text_text_color=\"#002654\" header_3_text_color=\"#CE1225\" use_background_color_gradient=\"on\" background_color_gradient_direction=\"-90deg\" background_color_gradient_stops=\"rgba(255,255,255,0.4) 0%|#ffffff 55%|#ffffff 100%\" background_image=\"https:\/\/www.fournierpolymers.com\/europe\/wp-content\/uploads\/sites\/2\/2023\/01\/Polypropylenes-borealis.jpg\" background_blend=\"soft-light\" custom_padding=\"20px|26px|20px|26px|true|true\" link_option_url=\"\/europe\/fr\/borealis-polypropylenes-pour-compounds-et-masterbatch\" hover_enabled=\"0\" border_width_left=\"7px\" border_color_left=\"#CE1225\" global_colors_info=\"{}\" alt=\"Polypropyl\u00e8nes Borealis\" title_text=\"Polypropylenes-borealis\" sticky_enabled=\"0\"]<h3>Polypropyl\u00e8nes Borealis pour Compounds et Masterbatch<\/h3>\r\n<p>Borealis a combin\u00e9 son expertise du march\u00e9 et son savoir-faire afin de d\u00e9velopper une gamme de polypropyl\u00e8nes innovants permettant d'offrir une solution performante pour les march\u00e9s des masterbatchs et compounds. Fournier Polymers, partenaire depuis de nombreuses ann\u00e9es de Borealis...<\/p>\r\n<p><a href=\"\/europe\/fr\/borealis-polypropylenes-pour-compounds-et-masterbatch\">Plus d'infos<\/a><\/p>[\/et_pb_text][\/et_pb_column_inner][\/et_pb_row_inner][\/et_pb_column][\/et_pb_section]","_et_gb_content_width":"","inline_featured_image":false,"footnotes":""},"class_list":["post-1408","page","type-page","status-publish","hentry"],"yoast_head":"<!-- This site is optimized with the Yoast SEO plugin v27.2 - https:\/\/yoast.com\/product\/yoast-seo-wordpress\/ -->\n<title>Borealis - Fournier Polymers - Europe<\/title>\n<meta name=\"robots\" content=\"index, follow, max-snippet:-1, max-image-preview:large, max-video-preview:-1\" \/>\n<link rel=\"canonical\" href=\"https:\/\/www.fournierpolymers.com\/europe\/borealis\/\" \/>\n<meta property=\"og:locale\" content=\"fr_FR\" \/>\n<meta property=\"og:type\" content=\"article\" \/>\n<meta property=\"og:title\" content=\"Borealis - Fournier Polymers - Europe\" \/>\n<meta property=\"og:description\" content=\"Queo\u2122 is the Borealis solution for plastomers and elastomers. Queo\u2122 plastomers have thermoplastic and elastomeric properties that result in soft, flexible materials.\" \/>\n<meta property=\"og:url\" content=\"https:\/\/www.fournierpolymers.com\/europe\/borealis\/\" \/>\n<meta property=\"og:site_name\" content=\"Fournier Polymers - Europe\" \/>\n<meta property=\"article:modified_time\" content=\"2023-03-10T11:02:58+00:00\" \/>\n<meta name=\"twitter:card\" content=\"summary_large_image\" \/>\n<meta name=\"twitter:label1\" content=\"Dur\u00e9e de lecture estim\u00e9e\" \/>\n\t<meta name=\"twitter:data1\" content=\"2 minutes\" \/>\n<script type=\"application\/ld+json\" class=\"yoast-schema-graph\">{\"@context\":\"https:\/\/schema.org\",\"@graph\":[{\"@type\":\"WebPage\",\"@id\":\"https:\/\/www.fournierpolymers.com\/europe\/borealis\/\",\"url\":\"https:\/\/www.fournierpolymers.com\/europe\/borealis\/\",\"name\":\"Borealis - Fournier Polymers - Europe\",\"isPartOf\":{\"@id\":\"https:\/\/www.fournierpolymers.com\/europe\/#website\"},\"datePublished\":\"2023-01-12T15:56:41+00:00\",\"dateModified\":\"2023-03-10T11:02:58+00:00\",\"breadcrumb\":{\"@id\":\"https:\/\/www.fournierpolymers.com\/europe\/borealis\/#breadcrumb\"},\"inLanguage\":\"fr-FR\",\"potentialAction\":[{\"@type\":\"ReadAction\",\"target\":[\"https:\/\/www.fournierpolymers.com\/europe\/borealis\/\"]}]},{\"@type\":\"BreadcrumbList\",\"@id\":\"https:\/\/www.fournierpolymers.com\/europe\/borealis\/#breadcrumb\",\"itemListElement\":[{\"@type\":\"ListItem\",\"position\":1,\"name\":\"Home\",\"item\":\"https:\/\/www.fournierpolymers.com\/europe\/fr\/\"},{\"@type\":\"ListItem\",\"position\":2,\"name\":\"Borealis\"}]},{\"@type\":\"WebSite\",\"@id\":\"https:\/\/www.fournierpolymers.com\/europe\/#website\",\"url\":\"https:\/\/www.fournierpolymers.com\/europe\/\",\"name\":\"Fournier Polymers - Europe\",\"description\":\"\",\"potentialAction\":[{\"@type\":\"SearchAction\",\"target\":{\"@type\":\"EntryPoint\",\"urlTemplate\":\"https:\/\/www.fournierpolymers.com\/europe\/?s={search_term_string}\"},\"query-input\":{\"@type\":\"PropertyValueSpecification\",\"valueRequired\":true,\"valueName\":\"search_term_string\"}}],\"inLanguage\":\"fr-FR\"}]}<\/script>\n<!-- \/ Yoast SEO plugin. -->","yoast_head_json":{"title":"Borealis - Fournier Polymers - Europe","robots":{"index":"index","follow":"follow","max-snippet":"max-snippet:-1","max-image-preview":"max-image-preview:large","max-video-preview":"max-video-preview:-1"},"canonical":"https:\/\/www.fournierpolymers.com\/europe\/borealis\/","og_locale":"fr_FR","og_type":"article","og_title":"Borealis - Fournier Polymers - Europe","og_description":"Queo\u2122 is the Borealis solution for plastomers and elastomers. Queo\u2122 plastomers have thermoplastic and elastomeric properties that result in soft, flexible materials.","og_url":"https:\/\/www.fournierpolymers.com\/europe\/borealis\/","og_site_name":"Fournier Polymers - Europe","article_modified_time":"2023-03-10T11:02:58+00:00","twitter_card":"summary_large_image","twitter_misc":{"Dur\u00e9e de lecture estim\u00e9e":"2 minutes"},"schema":{"@context":"https:\/\/schema.org","@graph":[{"@type":"WebPage","@id":"https:\/\/www.fournierpolymers.com\/europe\/borealis\/","url":"https:\/\/www.fournierpolymers.com\/europe\/borealis\/","name":"Borealis - Fournier Polymers - Europe","isPartOf":{"@id":"https:\/\/www.fournierpolymers.com\/europe\/#website"},"datePublished":"2023-01-12T15:56:41+00:00","dateModified":"2023-03-10T11:02:58+00:00","breadcrumb":{"@id":"https:\/\/www.fournierpolymers.com\/europe\/borealis\/#breadcrumb"},"inLanguage":"fr-FR","potentialAction":[{"@type":"ReadAction","target":["https:\/\/www.fournierpolymers.com\/europe\/borealis\/"]}]},{"@type":"BreadcrumbList","@id":"https:\/\/www.fournierpolymers.com\/europe\/borealis\/#breadcrumb","itemListElement":[{"@type":"ListItem","position":1,"name":"Home","item":"https:\/\/www.fournierpolymers.com\/europe\/fr\/"},{"@type":"ListItem","position":2,"name":"Borealis"}]},{"@type":"WebSite","@id":"https:\/\/www.fournierpolymers.com\/europe\/#website","url":"https:\/\/www.fournierpolymers.com\/europe\/","name":"Fournier Polymers - Europe","description":"","potentialAction":[{"@type":"SearchAction","target":{"@type":"EntryPoint","urlTemplate":"https:\/\/www.fournierpolymers.com\/europe\/?s={search_term_string}"},"query-input":{"@type":"PropertyValueSpecification","valueRequired":true,"valueName":"search_term_string"}}],"inLanguage":"fr-FR"}]}},"_links":{"self":[{"href":"https:\/\/www.fournierpolymers.com\/europe\/wp-json\/wp\/v2\/pages\/1408","targetHints":{"allow":["GET"]}}],"collection":[{"href":"https:\/\/www.fournierpolymers.com\/europe\/wp-json\/wp\/v2\/pages"}],"about":[{"href":"https:\/\/www.fournierpolymers.com\/europe\/wp-json\/wp\/v2\/types\/page"}],"author":[{"embeddable":true,"href":"https:\/\/www.fournierpolymers.com\/europe\/wp-json\/wp\/v2\/users\/2"}],"replies":[{"embeddable":true,"href":"https:\/\/www.fournierpolymers.com\/europe\/wp-json\/wp\/v2\/comments?post=1408"}],"version-history":[{"count":11,"href":"https:\/\/www.fournierpolymers.com\/europe\/wp-json\/wp\/v2\/pages\/1408\/revisions"}],"predecessor-version":[{"id":1998,"href":"https:\/\/www.fournierpolymers.com\/europe\/wp-json\/wp\/v2\/pages\/1408\/revisions\/1998"}],"wp:attachment":[{"href":"https:\/\/www.fournierpolymers.com\/europe\/wp-json\/wp\/v2\/media?parent=1408"}],"curies":[{"name":"wp","href":"https:\/\/api.w.org\/{rel}","templated":true}]}}